{"id":103759,"date":"2022-11-02T03:48:33","date_gmt":"2022-11-02T03:48:33","guid":{"rendered":"http:\/\/seoulcompetition.com\/en\/?page_id=103759"},"modified":"2022-11-02T07:38:31","modified_gmt":"2022-11-02T07:38:31","slug":"prize-winners-2022","status":"publish","type":"page","link":"http:\/\/seoulcompetition.com\/en\/prize-winners-2022\/","title":{"rendered":"Prize Winners 2022"},"content":{"rendered":"<p>[vc_row row_height_percent=&#8221;20&#8243; override_padding=&#8221;yes&#8221; h_padding=&#8221;2&#8243; top_padding=&#8221;4&#8243; bottom_padding=&#8221;3&#8243; back_color=&#8221;color-wayh&#8221; back_image=&#8221;103509&#8243; back_position=&#8221;center center&#8221; overlay_color=&#8221;color-jevc&#8221; overlay_alpha=&#8221;40&#8243; gutter_size=&#8221;3&#8243; column_width_percent=&#8221;100&#8243; shift_y=&#8221;0&#8243; z_index=&#8221;0&#8243; enable_top_divider=&#8221;default&#8221; top_divider=&#8221;gradient&#8221; shape_top_h_use_pixel=&#8221;true&#8221; shape_top_height_percent=&#8221;100&#8243; shape_top_color=&#8221;color-wayh&#8221; shape_top_opacity=&#8221;25&#8243; shape_top_index=&#8221;0&#8243; row_name=&#8221;Welcome&#8221; uncode_shortcode_id=&#8221;180236&#8243; back_color_type=&#8221;uncode-palette&#8221; overlay_color_type=&#8221;uncode-palette&#8221; shape_top_color_type=&#8221;uncode-palette&#8221; row_height_pixel=&#8221;120&#8243; shape_dividers=&#8221;&#8221;][vc_column column_width_use_pixel=&#8221;yes&#8221; position_vertical=&#8221;middle&#8221; align_horizontal=&#8221;align_center&#8221; gutter_size=&#8221;3&#8243; style=&#8221;dark&#8221; overlay_alpha=&#8221;50&#8243; shift_x=&#8221;0&#8243; shift_y=&#8221;0&#8243; shift_y_down=&#8221;0&#8243; z_index=&#8221;0&#8243; medium_width=&#8221;0&#8243; mobile_width=&#8221;0&#8243; zoom_width=&#8221;0&#8243; zoom_height=&#8221;0&#8243; width=&#8221;1\/1&#8243; column_width_pixel=&#8221;900&#8243;][vc_custom_heading text_font=&#8221;font-136269&#8243; text_size=&#8221;fontsize-155944&#8243; text_weight=&#8221;400&#8243; text_space=&#8221;fontspace-781688&#8243; sub_lead=&#8221;yes&#8221; sub_reduced=&#8221;yes&#8221; uncode_shortcode_id=&#8221;205864&#8243; subheading=&#8221;Prize Winners&#8221;]2022 Violin[\/vc_custom_heading][\/vc_column][\/vc_row][vc_row row_height_percent=&#8221;0&#8243; override_padding=&#8221;yes&#8221; h_padding=&#8221;2&#8243; top_padding=&#8221;0&#8243; bottom_padding=&#8221;0&#8243; overlay_alpha=&#8221;50&#8243; gutter_size=&#8221;3&#8243; column_width_percent=&#8221;100&#8243; shift_y=&#8221;0&#8243; z_index=&#8221;0&#8243; mobile_visibility=&#8221;yes&#8221; uncode_shortcode_id=&#8221;204748&#8243;][vc_column width=&#8221;1\/1&#8243;][vc_empty_space empty_h=&#8221;3&#8243;][\/vc_column][\/vc_row][vc_row row_height_percent=&#8221;0&#8243; override_padding=&#8221;yes&#8221; h_padding=&#8221;1&#8243; top_padding=&#8221;0&#8243; bottom_padding=&#8221;2&#8243; overlay_alpha=&#8221;50&#8243; gutter_size=&#8221;0&#8243; column_width_percent=&#8221;100&#8243; shift_y=&#8221;0&#8243; z_index=&#8221;0&#8243; uncode_shortcode_id=&#8221;128758&#8243;][vc_column column_width_percent=&#8221;100&#8243; position_horizontal=&#8221;left&#8221; gutter_size=&#8221;3&#8243; overlay_alpha=&#8221;50&#8243; shift_x=&#8221;0&#8243; shift_y=&#8221;0&#8243; shift_y_down=&#8221;0&#8243; z_index=&#8221;0&#8243; medium_width=&#8221;0&#8243; mobile_width=&#8221;0&#8243; width=&#8221;1\/2&#8243; uncode_shortcode_id=&#8221;282015&#8243;][vc_single_image media=&#8221;103762&#8243; media_width_use_pixel=&#8221;yes&#8221; uncode_shortcode_id=&#8221;724581&#8243; media_width_pixel=&#8221;400&#8243;][\/vc_column][vc_column width=&#8221;1\/2&#8243;][vc_single_image media=&#8221;103763&#8243; media_width_use_pixel=&#8221;yes&#8221; uncode_shortcode_id=&#8221;207588&#8243; media_width_pixel=&#8221;400&#8243;][\/vc_column][\/vc_row][vc_row row_height_percent=&#8221;0&#8243; override_padding=&#8221;yes&#8221; h_padding=&#8221;1&#8243; top_padding=&#8221;1&#8243; bottom_padding=&#8221;2&#8243; overlay_alpha=&#8221;50&#8243; gutter_size=&#8221;2&#8243; column_width_percent=&#8221;100&#8243; shift_y=&#8221;0&#8243; z_index=&#8221;1&#8243; top_divider=&#8221;gradient&#8221; bottom_divider=&#8221;gradient&#8221; uncode_shortcode_id=&#8221;442482&#8243;][vc_column column_width_percent=&#8221;100&#8243; gutter_size=&#8221;2&#8243; overlay_alpha=&#8221;50&#8243; shift_x=&#8221;0&#8243; shift_y=&#8221;0&#8243; shift_y_down=&#8221;0&#8243; z_index=&#8221;0&#8243; medium_width=&#8221;0&#8243; mobile_width=&#8221;0&#8243; width=&#8221;1\/6&#8243;][vc_single_image media=&#8221;103765&#8243; media_width_use_pixel=&#8221;yes&#8221; uncode_shortcode_id=&#8221;137541&#8243; media_width_pixel=&#8221;149&#8243;][\/vc_column][vc_column column_width_percent=&#8221;100&#8243; gutter_size=&#8221;1&#8243; overlay_alpha=&#8221;50&#8243; shift_x=&#8221;0&#8243; shift_y=&#8221;0&#8243; shift_y_down=&#8221;0&#8243; z_index=&#8221;0&#8243; medium_width=&#8221;0&#8243; mobile_width=&#8221;0&#8243; width=&#8221;5\/6&#8243; uncode_shortcode_id=&#8221;651558&#8243;][vc_custom_heading heading_semantic=&#8221;h5&#8243; text_size=&#8221;h5&#8243; uncode_shortcode_id=&#8221;198591&#8243;][1st Prize] Dong Min Lim[\/vc_custom_heading][vc_empty_space empty_h=&#8221;0&#8243;][vc_column_text text_lead=&#8221;small&#8221; uncode_shortcode_id=&#8221;210728&#8243;]<strong>Nationality<\/strong> Korea<br \/>\n<strong>Date of Birth<\/strong> 2001. 03. 27<\/p>\n<p><strong>Teachers<\/strong><br \/>\n\u2022 Ning Feng<br \/>\n\u2022 Nam-Yun Kim<br \/>\n\u2022 Takashi Shimizu<\/p>\n<p><strong>Education<\/strong><br \/>\n\u2022 Hochschule f\u00fcr Musik Hanns Eisler Berlin, Berlin, Germany<br \/>\n\u2022 School of Music, Korea National University of Arts, Seoul, Korea<\/p>\n<p><strong>Prizes<\/strong><br \/>\n\u2022 Gold Prize, KBS-KEPCO Competition, Korea in 2022<br \/>\n\u2022 Special Prize, Isangyun Competition, Korea in 2021<br \/>\n\u2022 1st Prize, Joongang Music Concours, Korea in 2019<\/p>\n<p><strong>[Program]<\/strong><br \/>\n<strong>First Round<\/strong><br \/>\n<strong>\u2022 J. S. Bach<\/strong> Violin Sonata No.1 in G minor, BWV 1001 I. Adagio II. Fuga<br \/>\n<strong>\u2022 W. A. Mozart<\/strong> Violin Concerto No.5 in A major, K.219, \u201cTurkish\u201d I. Allegro aperto<br \/>\n<strong>\u2022 N. Paganini<\/strong> Caprice Op.1 No.11<br \/>\n<strong>\u2022 N. Paganini<\/strong> Caprice Op.1 No.24<br \/>\n<strong>Second Round<\/strong><br \/>\n<strong>\u2022 L. v. Beethoven<\/strong> Sonata No.4 in A minor, Op.23<br \/>\n<strong>\u2022 E. Ysa\u00ffe<\/strong> Sonata No.6 in E major for solo violin, Op.27<br \/>\n<strong>Semifinal Round<\/strong><br \/>\n<strong>\u2022 Sang-In Lee<\/strong> Embodiment I for solo violin<br \/>\n<strong>\u2022 S. Prokofiev<\/strong> Sonata No.1 in F minor, Op.80<br \/>\n<strong>\u2022 F. Waxman<\/strong> Carmen Fantasie<br \/>\n<strong>Final Round<\/strong><br \/>\n<strong>\u2022 D. Shostakovich<\/strong> Concerto No.1 in A minor, Op.99[\/vc_column_text][\/vc_column][\/vc_row][vc_row row_height_percent=&#8221;0&#8243; override_padding=&#8221;yes&#8221; h_padding=&#8221;1&#8243; top_padding=&#8221;1&#8243; bottom_padding=&#8221;2&#8243; overlay_alpha=&#8221;50&#8243; gutter_size=&#8221;2&#8243; column_width_percent=&#8221;100&#8243; shift_y=&#8221;0&#8243; z_index=&#8221;1&#8243; top_divider=&#8221;gradient&#8221; bottom_divider=&#8221;gradient&#8221; uncode_shortcode_id=&#8221;442482&#8243;][vc_column column_width_percent=&#8221;100&#8243; gutter_size=&#8221;2&#8243; overlay_alpha=&#8221;50&#8243; shift_x=&#8221;0&#8243; shift_y=&#8221;0&#8243; shift_y_down=&#8221;0&#8243; z_index=&#8221;0&#8243; medium_width=&#8221;0&#8243; mobile_width=&#8221;0&#8243; width=&#8221;1\/6&#8243;][vc_single_image media=&#8221;103766&#8243; media_width_use_pixel=&#8221;yes&#8221; uncode_shortcode_id=&#8221;407272&#8243; media_width_pixel=&#8221;149&#8243;][\/vc_column][vc_column column_width_percent=&#8221;100&#8243; gutter_size=&#8221;1&#8243; overlay_alpha=&#8221;50&#8243; shift_x=&#8221;0&#8243; shift_y=&#8221;0&#8243; shift_y_down=&#8221;0&#8243; z_index=&#8221;0&#8243; medium_width=&#8221;0&#8243; mobile_width=&#8221;0&#8243; width=&#8221;5\/6&#8243; uncode_shortcode_id=&#8221;651558&#8243;][vc_custom_heading heading_semantic=&#8221;h5&#8243; text_size=&#8221;h5&#8243; uncode_shortcode_id=&#8221;205025&#8243;][2nd Prize] Yoo Kyung Kang[\/vc_custom_heading][vc_empty_space empty_h=&#8221;0&#8243;][vc_column_text text_lead=&#8221;small&#8221; uncode_shortcode_id=&#8221;979576&#8243;]<strong>Nationality<\/strong> Korea<br \/>\n<strong>Date of Birth<\/strong> 1996. 06. 20<\/p>\n<p><strong>Teachers<\/strong><br \/>\n\u2022 Bon Joo Koo<br \/>\n\u2022 Yong Uk Kim<\/p>\n<p><strong>Education<\/strong><br \/>\n\u2022 School of Music, Korea National University of Arts, Seoul, Korea<\/p>\n<p><strong>Prizes<\/strong><br \/>\n\u2022 Grand Prize, KBS-KEPCO Competition, Korea in 2019<br \/>\n\u2022 2nd Prize, Joongang Music Concours, Korea in 2015<br \/>\n\u2022 Winner, Shinhan Music Awards, Korea in 2014<\/p>\n<p><strong>[Program]<\/strong><br \/>\n<strong>First Round<\/strong><br \/>\n<strong>\u2022 J. S. Bach<\/strong> Violin Sonata No.2 in A minor, BWV 1003 I. Grave II. Fuga.<br \/>\n<strong>\u2022 N. Paganini<\/strong> Caprice Op.1 No.24<br \/>\n<strong>\u2022 N. Paganini<\/strong> Caprice Op.1 No.17<br \/>\n<strong>\u2022 W. A. Mozart<\/strong> Violin Concerto No.5 in A major, K.219, \u201cTurkish\u201d I. Allegro aperto<br \/>\n<strong>Second Round<\/strong><br \/>\n<strong>\u2022 L. v. Beethoven<\/strong> Sonata No.4 in A minor, Op.23<br \/>\n<strong>\u2022 E. Ysa\u00ffe<\/strong> Sonata No.3 in D minor for solo violin, Op.27<br \/>\n<strong>Semifinal Round<\/strong><br \/>\n<strong>\u2022 Sang-In Lee<\/strong> Embodiment I for solo violin<br \/>\n<strong>\u2022 G. Faur\u00e9<\/strong> Sonata No.1 in A major, Op.13<br \/>\n<strong>\u2022 J. Hubay<\/strong> Carmen Fantasy<br \/>\n<strong>Final Round<\/strong><br \/>\n<strong>\u2022 J. Sibelius<\/strong> Concerto in D minor, Op.47[\/vc_column_text][\/vc_column][\/vc_row][vc_row row_height_percent=&#8221;0&#8243; override_padding=&#8221;yes&#8221; h_padding=&#8221;1&#8243; top_padding=&#8221;1&#8243; bottom_padding=&#8221;2&#8243; overlay_alpha=&#8221;50&#8243; gutter_size=&#8221;2&#8243; column_width_percent=&#8221;100&#8243; shift_y=&#8221;0&#8243; z_index=&#8221;1&#8243; top_divider=&#8221;gradient&#8221; bottom_divider=&#8221;gradient&#8221; uncode_shortcode_id=&#8221;442482&#8243;][vc_column column_width_percent=&#8221;100&#8243; gutter_size=&#8221;2&#8243; overlay_alpha=&#8221;50&#8243; shift_x=&#8221;0&#8243; shift_y=&#8221;0&#8243; shift_y_down=&#8221;0&#8243; z_index=&#8221;0&#8243; medium_width=&#8221;0&#8243; mobile_width=&#8221;0&#8243; width=&#8221;1\/6&#8243;][vc_single_image media=&#8221;103767&#8243; media_width_use_pixel=&#8221;yes&#8221; uncode_shortcode_id=&#8221;199360&#8243; media_width_pixel=&#8221;149&#8243;][\/vc_column][vc_column column_width_percent=&#8221;100&#8243; gutter_size=&#8221;1&#8243; overlay_alpha=&#8221;50&#8243; shift_x=&#8221;0&#8243; shift_y=&#8221;0&#8243; shift_y_down=&#8221;0&#8243; z_index=&#8221;0&#8243; medium_width=&#8221;0&#8243; mobile_width=&#8221;0&#8243; width=&#8221;5\/6&#8243; uncode_shortcode_id=&#8221;651558&#8243;][vc_custom_heading heading_semantic=&#8221;h5&#8243; text_size=&#8221;h5&#8243; uncode_shortcode_id=&#8221;890258&#8243;][3rd Prize] Lorenz Karls[\/vc_custom_heading][vc_empty_space empty_h=&#8221;0&#8243;][vc_column_text text_lead=&#8221;small&#8221; uncode_shortcode_id=&#8221;139490&#8243;]<strong>Nationality<\/strong> Sweden<br \/>\n<strong>Date of Birth<\/strong> 2001. 04. 11<\/p>\n<p><strong>Teacher<\/strong><br \/>\n\u2022 Benjamin Schmid<\/p>\n<p><strong>Education<\/strong><br \/>\n\u2022 Universit\u00e4t Mozarteum Salzburg, Salzburg, Austria<\/p>\n<p><strong>Prizes<\/strong><br \/>\n\u2022 3rd Prize, Tibor Varga International Violin Competition, Sion, Switzerland in 2021<br \/>\n\u2022 3rd Prize, Khachaturian International Violin Competition, Yerevan, Armenia in 2020<br \/>\n\u2022 3rd Prize, International Mozart Competition, Salzburg, Austria in 2020<\/p>\n<p><strong>[Program]<\/strong><br \/>\n<strong>First Round<\/strong><br \/>\n<strong>\u2022 N. Paganini<\/strong> Caprice Op.1 No.22<br \/>\n<strong>\u2022 N. Paganini<\/strong> Caprice Op.1 No.24<br \/>\n<strong>\u2022 J. S. Bach<\/strong> Violin Sonata No.1 in G minor, BWV 1001 I. Adagio II. Fuga<br \/>\n<strong>\u2022 W. A. Mozart<\/strong> Violin Concerto No.4 in D major, K. 218. I. Allegro<br \/>\n<strong>Second Round<\/strong><br \/>\n<strong>\u2022 L. v. Beethoven<\/strong> Sonata No.4 in A minor, Op.23<br \/>\n<strong>\u2022 E. Ysa\u00ffe<\/strong> Sonata No.6 in E major for solo violin, Op.27<br \/>\n<strong>Semifinal Round<\/strong><br \/>\n<strong>\u2022 J. Brahms<\/strong> Sonata No.3 in D minor, Op.108<br \/>\n<strong>\u2022 Sang-In Lee<\/strong> Embodiment I for solo violin<br \/>\n<strong>\u2022 H. Wieniawski<\/strong> Variations on an original Theme, Op.15<br \/>\n<strong>Final Round<\/strong><br \/>\n<strong>\u2022 F. Mendelssohn<\/strong> Concerto in E minor, Op.64[\/vc_column_text][\/vc_column][\/vc_row][vc_row row_height_percent=&#8221;0&#8243; override_padding=&#8221;yes&#8221; h_padding=&#8221;1&#8243; top_padding=&#8221;1&#8243; bottom_padding=&#8221;2&#8243; overlay_alpha=&#8221;50&#8243; gutter_size=&#8221;2&#8243; column_width_percent=&#8221;100&#8243; shift_y=&#8221;0&#8243; z_index=&#8221;1&#8243; top_divider=&#8221;gradient&#8221; bottom_divider=&#8221;gradient&#8221; uncode_shortcode_id=&#8221;442482&#8243;][vc_column column_width_percent=&#8221;100&#8243; gutter_size=&#8221;2&#8243; overlay_alpha=&#8221;50&#8243; shift_x=&#8221;0&#8243; shift_y=&#8221;0&#8243; shift_y_down=&#8221;0&#8243; z_index=&#8221;0&#8243; medium_width=&#8221;0&#8243; mobile_width=&#8221;0&#8243; width=&#8221;1\/6&#8243;][vc_single_image media=&#8221;103768&#8243; media_width_use_pixel=&#8221;yes&#8221; uncode_shortcode_id=&#8221;461020&#8243; media_width_pixel=&#8221;149&#8243;][\/vc_column][vc_column column_width_percent=&#8221;100&#8243; gutter_size=&#8221;1&#8243; overlay_alpha=&#8221;50&#8243; shift_x=&#8221;0&#8243; shift_y=&#8221;0&#8243; shift_y_down=&#8221;0&#8243; z_index=&#8221;0&#8243; medium_width=&#8221;0&#8243; mobile_width=&#8221;0&#8243; width=&#8221;5\/6&#8243; uncode_shortcode_id=&#8221;651558&#8243;][vc_custom_heading heading_semantic=&#8221;h5&#8243; text_size=&#8221;h5&#8243; uncode_shortcode_id=&#8221;136767&#8243;][4th Prize] Simon Zhu[\/vc_custom_heading][vc_empty_space empty_h=&#8221;0&#8243;][vc_column_text text_lead=&#8221;small&#8221; uncode_shortcode_id=&#8221;210845&#8243;]<strong>Nationality<\/strong> Germany<br \/>\n<strong>Date of Birth<\/strong> 2001. 04. 06<\/p>\n<p><strong>Teachers<\/strong><br \/>\n\u2022 Ana Chumachenco<br \/>\n\u2022 Ning Feng<br \/>\n\u2022 Tomasz Tomaszewski<\/p>\n<p><strong>Education<\/strong><br \/>\n\u2022 Hochschule f\u00fcr Musik und Theater M\u00fcnchen, M\u00fcnchen, Germany<br \/>\n\u2022 University of arts Berlin, Berlin, Germany<\/p>\n<p><strong>Prizes<\/strong><br \/>\n\u2022 2nd Prize, International Menuhin Competition, Richmond, USA in 2021<br \/>\n\u2022 1st Prize, Zhuhai International Mozart Competition, Zhuhai, China in 2019<br \/>\n\u2022 1st Prize, International Violin Competition Kloster Sch\u00f6ntal, Germany in 2017<\/p>\n<p><strong>[Program]<\/strong><br \/>\n<strong>First Round<\/strong><br \/>\n<strong>\u2022 J. S. Bach<\/strong> Violin Sonata No.1 in G minor, BWV 1001 I. Adagio II. Fuga<br \/>\n<strong>\u2022 W. A. Mozart<\/strong> Violin Concerto No.5 in A major, K.219, \u201cTurkish\u201d I. Allegro aperto<br \/>\n<strong>\u2022 N. Paganini<\/strong> Caprice Op.1 No.24<br \/>\n<strong>\u2022 N. Paganini<\/strong> Caprice Op.1 No.5<br \/>\n<strong>Second Round<\/strong><br \/>\n<strong>\u2022 L. v. Beethoven<\/strong> Sonata No.2 in A major, Op.12<br \/>\n<strong>\u2022 E. Ysa\u00ffe<\/strong> Sonata No.6 in E major for solo violin, Op.27<br \/>\n<strong>Semifinal Round<\/strong><br \/>\n<strong>\u2022 J. Brahms<\/strong> Sonata No.2 in A major, Op.100<br \/>\n<strong>\u2022 H. Wieniawski<\/strong> Variations on an original theme, Op.15<br \/>\n<strong>\u2022 Sang-In Lee<\/strong> Embodiment I for solo violin<br \/>\n<strong>Final Round<\/strong><br \/>\n<strong>\u2022 A. Dvo\u0159\u00e1k<\/strong> Concerto in A minor, Op.53[\/vc_column_text][\/vc_column][\/vc_row][vc_row row_height_percent=&#8221;0&#8243; override_padding=&#8221;yes&#8221; h_padding=&#8221;1&#8243; top_padding=&#8221;1&#8243; bottom_padding=&#8221;2&#8243; overlay_alpha=&#8221;50&#8243; gutter_size=&#8221;2&#8243; column_width_percent=&#8221;100&#8243; shift_y=&#8221;0&#8243; z_index=&#8221;1&#8243; top_divider=&#8221;gradient&#8221; bottom_divider=&#8221;gradient&#8221; uncode_shortcode_id=&#8221;442482&#8243;][vc_column column_width_percent=&#8221;100&#8243; gutter_size=&#8221;2&#8243; overlay_alpha=&#8221;50&#8243; shift_x=&#8221;0&#8243; shift_y=&#8221;0&#8243; shift_y_down=&#8221;0&#8243; z_index=&#8221;0&#8243; medium_width=&#8221;0&#8243; mobile_width=&#8221;0&#8243; width=&#8221;1\/6&#8243;][vc_single_image media=&#8221;103769&#8243; media_width_use_pixel=&#8221;yes&#8221; uncode_shortcode_id=&#8221;104484&#8243; media_width_pixel=&#8221;149&#8243;][\/vc_column][vc_column column_width_percent=&#8221;100&#8243; gutter_size=&#8221;1&#8243; overlay_alpha=&#8221;50&#8243; shift_x=&#8221;0&#8243; shift_y=&#8221;0&#8243; shift_y_down=&#8221;0&#8243; z_index=&#8221;0&#8243; medium_width=&#8221;0&#8243; mobile_width=&#8221;0&#8243; width=&#8221;5\/6&#8243; uncode_shortcode_id=&#8221;651558&#8243;][vc_custom_heading heading_semantic=&#8221;h5&#8243; text_size=&#8221;h5&#8243; uncode_shortcode_id=&#8221;188622&#8243;][5th Prize] Ga Won Kim[\/vc_custom_heading][vc_empty_space empty_h=&#8221;0&#8243;][vc_column_text text_lead=&#8221;small&#8221; uncode_shortcode_id=&#8221;426411&#8243;]<strong>Nationality<\/strong> Korea<br \/>\n<strong>Date of Birth<\/strong> 2000. 08. 23<\/p>\n<p><strong>Teacher<\/strong><br \/>\n\u2022 Shmuel Ashkenasi<\/p>\n<p><strong>Education<\/strong><br \/>\n\u2022 Curtis Institute of Music, Philadelphia, USA<\/p>\n<p><strong>Prize<\/strong><br \/>\n\u2022 2nd Prize, Mirecourt International Violin Competition, Mirecourt, France in 2021<\/p>\n<p><strong>[Program]<\/strong><br \/>\n<strong>First Round<\/strong><br \/>\n<strong>\u2022 J. S. Bach<\/strong> Violin Sonata No.1 in G minor, BWV 1001 I. Adagio II. Fuga<br \/>\n<strong>\u2022 N. Paganini<\/strong> Caprice Op.1 No.17<br \/>\n<strong>\u2022 N. Paganini<\/strong> Caprice Op.1 No.24<br \/>\n<strong>\u2022 W. A. Mozart<\/strong> Violin Concerto No.4 in D major, K.218 I. Allegro<br \/>\n<strong>Second Round<\/strong><br \/>\n<strong>\u2022 L. v. Beethoven<\/strong> Sonata No.1 in D major, Op.12<br \/>\n<strong>\u2022 E. Ysa\u00ffe<\/strong> Sonata No.6 in E major for solo violin, Op.27<br \/>\n<strong>Semifinal Round<\/strong><br \/>\n<strong>\u2022 G. Faur\u00e9<\/strong> Sonata No.1 in A major, Op.13<br \/>\n<strong>\u2022 Sang-In Lee<\/strong> Embodiment I for solo violin<br \/>\n<strong>\u2022 M. Ravel<\/strong> Tzigane<br \/>\n<strong>Final Round<\/strong><br \/>\n<strong>\u2022 E. Lalo<\/strong> Symphonie espagnole in D minor, Op.21[\/vc_column_text][\/vc_column][\/vc_row][vc_row row_height_percent=&#8221;0&#8243; override_padding=&#8221;yes&#8221; h_padding=&#8221;1&#8243; top_padding=&#8221;1&#8243; bottom_padding=&#8221;2&#8243; overlay_alpha=&#8221;50&#8243; gutter_size=&#8221;2&#8243; column_width_percent=&#8221;100&#8243; shift_y=&#8221;0&#8243; z_index=&#8221;1&#8243; top_divider=&#8221;gradient&#8221; bottom_divider=&#8221;gradient&#8221; uncode_shortcode_id=&#8221;442482&#8243;][vc_column column_width_percent=&#8221;100&#8243; gutter_size=&#8221;2&#8243; overlay_alpha=&#8221;50&#8243; shift_x=&#8221;0&#8243; shift_y=&#8221;0&#8243; shift_y_down=&#8221;0&#8243; z_index=&#8221;0&#8243; medium_width=&#8221;0&#8243; mobile_width=&#8221;0&#8243; width=&#8221;1\/6&#8243;][vc_single_image media=&#8221;103770&#8243; media_width_use_pixel=&#8221;yes&#8221; uncode_shortcode_id=&#8221;189131&#8243; media_width_pixel=&#8221;149&#8243;][\/vc_column][vc_column column_width_percent=&#8221;100&#8243; gutter_size=&#8221;1&#8243; overlay_alpha=&#8221;50&#8243; shift_x=&#8221;0&#8243; shift_y=&#8221;0&#8243; shift_y_down=&#8221;0&#8243; z_index=&#8221;0&#8243; medium_width=&#8221;0&#8243; mobile_width=&#8221;0&#8243; width=&#8221;5\/6&#8243; uncode_shortcode_id=&#8221;651558&#8243;][vc_custom_heading heading_semantic=&#8221;h5&#8243; text_size=&#8221;h5&#8243; uncode_shortcode_id=&#8221;120236&#8243;][6th Prize] Si Jun Kim[\/vc_custom_heading][vc_empty_space empty_h=&#8221;0&#8243;][vc_column_text text_lead=&#8221;small&#8221; uncode_shortcode_id=&#8221;121294&#8243;]<strong>Nationality<\/strong> Korea<br \/>\n<strong>Date of Birth<\/strong> 2002. 10. 23<\/p>\n<p><strong>Teachers<\/strong><br \/>\n\u2022 Nam-Yun Kim<br \/>\n\u2022 Jeong Hyun Kim<\/p>\n<p><strong>Education<\/strong><br \/>\n\u2022 School of Music, Korea National University of Arts, Seoul, Korea<br \/>\n\u2022 Korea National Institute for the Gifted in Arts, Seoul, Korea<\/p>\n<p><strong>Prize<\/strong><br \/>\n\u2022 1st Prize, Dong-A Music Competition, Korea in 2020<\/p>\n<p><strong>[Program]<\/strong><br \/>\n<strong>First Round<\/strong><br \/>\n<strong>\u2022 J. S. Bach<\/strong> Violin Sonata No.2 in A minor, BWV 1003 I. Grave II. Fuga<br \/>\n<strong>\u2022 N. Paganini<\/strong> Caprice Op.1 No.15<br \/>\n<strong>\u2022 N. Paganini<\/strong> Caprice Op.1 No.24<br \/>\n<strong>\u2022 W. A. Mozart<\/strong> Violin Concerto No.4 in D major, K.218 I. Allegro<br \/>\n<strong>Second Round<\/strong><br \/>\n<strong>\u2022 E. Ysa\u00ffe<\/strong> Sonata No.6 in E major for solo violin, Op.27<br \/>\n<strong>\u2022 L. v. Beethoven<\/strong> Sonata No.4 in A minor, Op.23<br \/>\n<strong>Semifinal Round<\/strong><br \/>\n<strong>\u2022 Sang-In Lee<\/strong> Embodiment I for solo violin<br \/>\n<strong>\u2022 F. Waxman<\/strong> Carmen Fantasie<br \/>\n<strong>\u2022 J. Brahms<\/strong> Sonata No.1 in G major, Op.78<br \/>\n<strong>Final Round<\/strong><br \/>\n<strong>\u2022 J. Sibelius<\/strong> Concerto in D minor, Op.47[\/vc_column_text][\/vc_column][\/vc_row]<\/p>\n","protected":false},"excerpt":{"rendered":"<p>[vc_row row_height_percent=&#8221;20&#8243; override_padding=&#8221;yes&#8221; h_padding=&#8221;2&#8243; top_padding=&#8221;4&#8243; bottom_padding=&#8221;3&#8243; back_color=&#8221;color-wayh&#8221; back_image=&#8221;103509&#8243; back_position=&#8221;center center&#8221; overlay_color=&#8221;color-jevc&#8221; overlay_alpha=&#8221;40&#8243; gutter_size=&#8221;3&#8243; column_width_percent=&#8221;100&#8243; shift_y=&#8221;0&#8243; z_index=&#8221;0&#8243; enable_top_divider=&#8221;default&#8221; top_divider=&#8221;gradient&#8221; shape_top_h_use_pixel=&#8221;true&#8221; shape_top_height_percent=&#8221;100&#8243; [&hellip;]<\/p>\n","protected":false},"author":1,"featured_media":0,"parent":0,"menu_order":0,"comment_status":"closed","ping_status":"closed","template":"","meta":[],"_links":{"self":[{"href":"http:\/\/seoulcompetition.com\/en\/wp-json\/wp\/v2\/pages\/103759"}],"collection":[{"href":"http:\/\/seoulcompetition.com\/en\/wp-json\/wp\/v2\/pages"}],"about":[{"href":"http:\/\/seoulcompetition.com\/en\/wp-json\/wp\/v2\/types\/page"}],"author":[{"embeddable":true,"href":"http:\/\/seoulcompetition.com\/en\/wp-json\/wp\/v2\/users\/1"}],"replies":[{"embeddable":true,"href":"http:\/\/seoulcompetition.com\/en\/wp-json\/wp\/v2\/comments?post=103759"}],"version-history":[{"count":4,"href":"http:\/\/seoulcompetition.com\/en\/wp-json\/wp\/v2\/pages\/103759\/revisions"}],"predecessor-version":[{"id":103793,"href":"http:\/\/seoulcompetition.com\/en\/wp-json\/wp\/v2\/pages\/103759\/revisions\/103793"}],"wp:attachment":[{"href":"http:\/\/seoulcompetition.com\/en\/wp-json\/wp\/v2\/media?parent=103759"}],"curies":[{"name":"wp","href":"https:\/\/api.w.org\/{rel}","templated":true}]}}