{"id":103262,"date":"2022-02-15T10:58:47","date_gmt":"2022-02-15T10:58:47","guid":{"rendered":"http:\/\/seoulcompetition.com\/en\/?page_id=103262"},"modified":"2025-01-16T08:54:58","modified_gmt":"2025-01-16T08:54:58","slug":"1st-prize-junhyung-kim","status":"publish","type":"page","link":"http:\/\/seoulcompetition.com\/en\/1st-prize-junhyung-kim\/","title":{"rendered":"[1st Prize] Junhyung Kim"},"content":{"rendered":"<p>[vc_row row_height_percent=&#8221;20&#8243; override_padding=&#8221;yes&#8221; h_padding=&#8221;2&#8243; top_padding=&#8221;4&#8243; bottom_padding=&#8221;3&#8243; back_color=&#8221;color-wayh&#8221; back_image=&#8221;103608&#8243; back_position=&#8221;center center&#8221; overlay_color=&#8221;color-jevc&#8221; overlay_alpha=&#8221;40&#8243; gutter_size=&#8221;3&#8243; column_width_percent=&#8221;100&#8243; shift_y=&#8221;0&#8243; z_index=&#8221;0&#8243; enable_top_divider=&#8221;default&#8221; top_divider=&#8221;gradient&#8221; shape_top_h_use_pixel=&#8221;true&#8221; shape_top_height_percent=&#8221;100&#8243; shape_top_color=&#8221;color-wayh&#8221; shape_top_opacity=&#8221;25&#8243; shape_top_index=&#8221;0&#8243; row_name=&#8221;Welcome&#8221; uncode_shortcode_id=&#8221;572869&#8243; back_color_type=&#8221;uncode-palette&#8221; overlay_color_type=&#8221;uncode-palette&#8221; shape_top_color_type=&#8221;uncode-palette&#8221; row_height_pixel=&#8221;120&#8243;][vc_column column_width_use_pixel=&#8221;yes&#8221; position_vertical=&#8221;middle&#8221; align_horizontal=&#8221;align_center&#8221; gutter_size=&#8221;3&#8243; style=&#8221;dark&#8221; overlay_alpha=&#8221;50&#8243; shift_x=&#8221;0&#8243; shift_y=&#8221;0&#8243; shift_y_down=&#8221;0&#8243; z_index=&#8221;0&#8243; medium_width=&#8221;0&#8243; mobile_width=&#8221;0&#8243; zoom_width=&#8221;0&#8243; zoom_height=&#8221;0&#8243; width=&#8221;1\/1&#8243; column_width_pixel=&#8221;900&#8243;][vc_custom_heading text_font=&#8221;font-136269&#8243; text_size=&#8221;fontsize-155944&#8243; text_weight=&#8221;400&#8243; text_space=&#8221;fontspace-781688&#8243; sub_lead=&#8221;yes&#8221; sub_reduced=&#8221;yes&#8221; uncode_shortcode_id=&#8221;128662&#8243; subheading=&#8221;Prize Winners&#8221;]2020 Piano[\/vc_custom_heading][\/vc_column][\/vc_row][vc_row row_height_percent=&#8221;0&#8243; override_padding=&#8221;yes&#8221; h_padding=&#8221;2&#8243; top_padding=&#8221;0&#8243; bottom_padding=&#8221;0&#8243; overlay_alpha=&#8221;50&#8243; gutter_size=&#8221;3&#8243; column_width_percent=&#8221;100&#8243; shift_y=&#8221;0&#8243; z_index=&#8221;0&#8243; mobile_visibility=&#8221;yes&#8221; uncode_shortcode_id=&#8221;204748&#8243;][vc_column width=&#8221;1\/1&#8243;][vc_empty_space empty_h=&#8221;3&#8243;][\/vc_column][\/vc_row][vc_row row_height_percent=&#8221;0&#8243; override_padding=&#8221;yes&#8221; h_padding=&#8221;1&#8243; top_padding=&#8221;0&#8243; bottom_padding=&#8221;2&#8243; overlay_alpha=&#8221;50&#8243; gutter_size=&#8221;0&#8243; column_width_percent=&#8221;100&#8243; shift_y=&#8221;0&#8243; z_index=&#8221;0&#8243; uncode_shortcode_id=&#8221;128758&#8243;][vc_column column_width_percent=&#8221;100&#8243; position_horizontal=&#8221;left&#8221; gutter_size=&#8221;3&#8243; overlay_alpha=&#8221;50&#8243; shift_x=&#8221;0&#8243; shift_y=&#8221;0&#8243; shift_y_down=&#8221;0&#8243; z_index=&#8221;0&#8243; medium_width=&#8221;0&#8243; mobile_width=&#8221;0&#8243; width=&#8221;1\/2&#8243; uncode_shortcode_id=&#8221;282015&#8243;][vc_single_image media=&#8221;104488&#8243; media_width_use_pixel=&#8221;yes&#8221; uncode_shortcode_id=&#8221;210288&#8243; media_width_pixel=&#8221;400&#8243;][\/vc_column][vc_column width=&#8221;1\/2&#8243;][vc_single_image media=&#8221;104489&#8243; media_width_use_pixel=&#8221;yes&#8221; uncode_shortcode_id=&#8221;758069&#8243; media_width_pixel=&#8221;400&#8243;][\/vc_column][\/vc_row][vc_row row_height_percent=&#8221;0&#8243; override_padding=&#8221;yes&#8221; h_padding=&#8221;1&#8243; top_padding=&#8221;1&#8243; bottom_padding=&#8221;2&#8243; overlay_alpha=&#8221;50&#8243; gutter_size=&#8221;2&#8243; column_width_percent=&#8221;100&#8243; shift_y=&#8221;0&#8243; z_index=&#8221;1&#8243; top_divider=&#8221;gradient&#8221; bottom_divider=&#8221;gradient&#8221; uncode_shortcode_id=&#8221;442482&#8243;][vc_column column_width_percent=&#8221;100&#8243; gutter_size=&#8221;2&#8243; overlay_alpha=&#8221;50&#8243; shift_x=&#8221;0&#8243; shift_y=&#8221;0&#8243; shift_y_down=&#8221;0&#8243; z_index=&#8221;0&#8243; medium_width=&#8221;0&#8243; mobile_width=&#8221;0&#8243; width=&#8221;1\/6&#8243;][vc_single_image media=&#8221;103203&#8243; media_width_use_pixel=&#8221;yes&#8221; uncode_shortcode_id=&#8221;123600&#8243; media_width_pixel=&#8221;149&#8243;][\/vc_column][vc_column column_width_percent=&#8221;100&#8243; gutter_size=&#8221;1&#8243; overlay_alpha=&#8221;50&#8243; shift_x=&#8221;0&#8243; shift_y=&#8221;0&#8243; shift_y_down=&#8221;0&#8243; z_index=&#8221;0&#8243; medium_width=&#8221;0&#8243; mobile_width=&#8221;0&#8243; width=&#8221;5\/6&#8243; uncode_shortcode_id=&#8221;651558&#8243;][vc_custom_heading heading_semantic=&#8221;h5&#8243; text_size=&#8221;h5&#8243; uncode_shortcode_id=&#8221;329034&#8243;][1st Prize] Junhyung Kim[\/vc_custom_heading][vc_empty_space empty_h=&#8221;0&#8243;][vc_column_text text_lead=&#8221;small&#8221; uncode_shortcode_id=&#8221;183103&#8243;]<\/p>\n<p><strong>Nationality<\/strong> Korea<br \/>\n<strong>Date of Birth<\/strong> 1997. 07. 25<\/p>\n<p><strong>Teacher <\/strong><br \/>\n\u2022 Antti Siirala<\/p>\n<p><strong>Education<\/strong><br \/>\n\u2022 Hochschule f\u00fcr Musik und Theater M\u00fcnchen, M\u00fcnchen, Germany<\/p>\n<p><strong>Prizes<\/strong><br \/>\n\u2022 6th Prize, Sendai International Music Competition, Japan in 2019<br \/>\n\u2022 4th Prize, Aarhus International Piano Competition, Denmark in 2019<br \/>\n\u2022 Special Prize, ARD internationaler Musik Wettbewerb, Germany in 2017<\/p>\n<p><strong>[Program]<\/strong><br \/>\n<strong>First Round<\/strong><br \/>\n<strong>\u2022 F. Busoni<\/strong> All\u2019italia<br \/>\n<strong>\u2022 F. Liszt<\/strong> Reminiscences de Norma<br \/>\n<strong>Second Round<\/strong><br \/>\n<strong>\u2022 L. v. Beethoven<\/strong> Sonata No.22 in F major, Op.54<br \/>\n<strong>\u2022 F. Liszt<\/strong> Vallee d\u2019Obermann<br \/>\n<strong>\u2022 I. Stravinsky<\/strong> \u20183 movements\u2019 from Petrushka<br \/>\n<strong>Semifinal Round<\/strong><br \/>\n<strong>\u2022 J. Brahms-F. Busoni <\/strong>Choralvorspiel No.4, Op.122<br \/>\n<strong>\u2022 J. S. Bach-F. Busoni <\/strong>Choralvorspiel No.5, BWV.639<br \/>\n<strong>\u2022 J. Widmann<\/strong> Elf Humoresken No.4 \/ No.11<br \/>\n<strong>\u2022 R. Schumann<\/strong> Humoreske, Op.20<br \/>\n<strong>Final Round<\/strong><br \/>\n<strong>\u2022 L. v. Beethoven<\/strong> Concerto No.4 in G major, Op.58<\/p>\n<p>[\/vc_column_text][\/vc_column][\/vc_row][vc_row row_height_percent=&#8221;0&#8243; override_padding=&#8221;yes&#8221; h_padding=&#8221;1&#8243; top_padding=&#8221;1&#8243; bottom_padding=&#8221;2&#8243; overlay_alpha=&#8221;50&#8243; gutter_size=&#8221;2&#8243; column_width_percent=&#8221;100&#8243; shift_y=&#8221;0&#8243; z_index=&#8221;1&#8243; top_divider=&#8221;gradient&#8221; bottom_divider=&#8221;gradient&#8221; uncode_shortcode_id=&#8221;442482&#8243;][vc_column column_width_percent=&#8221;100&#8243; gutter_size=&#8221;2&#8243; overlay_alpha=&#8221;50&#8243; shift_x=&#8221;0&#8243; shift_y=&#8221;0&#8243; shift_y_down=&#8221;0&#8243; z_index=&#8221;0&#8243; medium_width=&#8221;0&#8243; mobile_width=&#8221;0&#8243; width=&#8221;1\/6&#8243;][vc_single_image media=&#8221;103204&#8243; media_width_use_pixel=&#8221;yes&#8221; uncode_shortcode_id=&#8221;145704&#8243; media_width_pixel=&#8221;149&#8243;][\/vc_column][vc_column column_width_percent=&#8221;100&#8243; gutter_size=&#8221;1&#8243; overlay_alpha=&#8221;50&#8243; shift_x=&#8221;0&#8243; shift_y=&#8221;0&#8243; shift_y_down=&#8221;0&#8243; z_index=&#8221;0&#8243; medium_width=&#8221;0&#8243; mobile_width=&#8221;0&#8243; width=&#8221;5\/6&#8243; uncode_shortcode_id=&#8221;651558&#8243;][vc_custom_heading heading_semantic=&#8221;h5&#8243; text_size=&#8221;h5&#8243; uncode_shortcode_id=&#8221;200483&#8243;][2nd Prize] Suah Ye[\/vc_custom_heading][vc_empty_space empty_h=&#8221;0&#8243;][vc_column_text text_lead=&#8221;small&#8221; uncode_shortcode_id=&#8221;926865&#8243;]<\/p>\n<p><strong>Nationality<\/strong> Korea<br \/>\n<strong>Date of Birth<\/strong> 2000.08.09<\/p>\n<p><strong>Teacher <\/strong><br \/>\n\u2022 Arie Vardi<\/p>\n<p><strong>Education<\/strong><br \/>\n\u2022 Hochschule f\u00fcr Musik, Theater und Medien Hannover, Hannover, Germany<\/p>\n<p><strong>Prizes<\/strong><br \/>\n\u2022 Special Prize, Cleveland international Piano Competition, USA in 2021<br \/>\n\u2022 1st Prize, Arthur Rubinstein International Youth Piano Competition, China in 2016<br \/>\n\u2022 1st Prize, International Tchaikovsky Competition for Young Musicians, Russia in 2015<\/p>\n<p><strong>[Program]<\/strong><br \/>\n<strong>First Round<\/strong><br \/>\n<strong>\u2022 J. Haydn<\/strong> Sonata No.47 in B minor, Hob.XVI:32<br \/>\n<strong>\u2022 F. Chopin<\/strong> Andante Spianato and Grande Polonaise Brillante in E-flat major, Op.22<br \/>\n<strong>\u2022 G. Ligeti<\/strong> Etude No.13 L\u2019escalier du diable<br \/>\n<strong>Second Round<\/strong><br \/>\n<strong>\u2022 L. v. Beethoven<\/strong> Sonata No.21 in C major, Op.53<br \/>\n<strong>\u2022 F. Chopin<\/strong> Waltz No.2 in A minor, Op.34<br \/>\n<strong>\u2022 M. Ravel<\/strong> La Valse<br \/>\n<strong>Semifinal Round<\/strong><br \/>\n<strong>\u2022 P. I. Tchaikovsky<\/strong> Pletnev Nuctracker Suite No.1\/2\/5\/7<br \/>\n<strong>\u2022 F. Schubert<\/strong> Sonata No.21 in C minor, D.958<br \/>\n<strong>Final Round<\/strong><br \/>\n<strong>\u2022 S. Rachmaninov<\/strong> Concerto No.3 in D minor, Op.30<\/p>\n<p>[\/vc_column_text][\/vc_column][\/vc_row][vc_row row_height_percent=&#8221;0&#8243; override_padding=&#8221;yes&#8221; h_padding=&#8221;1&#8243; top_padding=&#8221;1&#8243; bottom_padding=&#8221;2&#8243; overlay_alpha=&#8221;50&#8243; gutter_size=&#8221;2&#8243; column_width_percent=&#8221;100&#8243; shift_y=&#8221;0&#8243; z_index=&#8221;1&#8243; top_divider=&#8221;gradient&#8221; bottom_divider=&#8221;gradient&#8221; uncode_shortcode_id=&#8221;442482&#8243;][vc_column column_width_percent=&#8221;100&#8243; gutter_size=&#8221;2&#8243; overlay_alpha=&#8221;50&#8243; shift_x=&#8221;0&#8243; shift_y=&#8221;0&#8243; shift_y_down=&#8221;0&#8243; z_index=&#8221;0&#8243; medium_width=&#8221;0&#8243; mobile_width=&#8221;0&#8243; width=&#8221;1\/6&#8243;][vc_single_image media=&#8221;103205&#8243; media_width_use_pixel=&#8221;yes&#8221; uncode_shortcode_id=&#8221;907771&#8243; media_width_pixel=&#8221;149&#8243;][\/vc_column][vc_column column_width_percent=&#8221;100&#8243; gutter_size=&#8221;1&#8243; overlay_alpha=&#8221;50&#8243; shift_x=&#8221;0&#8243; shift_y=&#8221;0&#8243; shift_y_down=&#8221;0&#8243; z_index=&#8221;0&#8243; medium_width=&#8221;0&#8243; mobile_width=&#8221;0&#8243; width=&#8221;5\/6&#8243; uncode_shortcode_id=&#8221;651558&#8243;][vc_custom_heading heading_semantic=&#8221;h5&#8243; text_size=&#8221;h5&#8243; uncode_shortcode_id=&#8221;143840&#8243;][3rd Prize] Seunghyun Lee[\/vc_custom_heading][vc_empty_space empty_h=&#8221;0&#8243;][vc_column_text text_lead=&#8221;small&#8221; uncode_shortcode_id=&#8221;206340&#8243;]<\/p>\n<p><strong>Nationality<\/strong> Korea<br \/>\n<strong>Date of Birth<\/strong> 1994.02.20<\/p>\n<p><strong>Teacher<\/strong><br \/>\n\u2022 Kirill Gerstein<br \/>\n\u2022 Young-Lan Han<br \/>\n\u2022 Shin Kyung Kim<\/p>\n<p><strong>Education <\/strong><br \/>\n\u2022 Hochschule f\u00fcr Musik Hanns Eisler Berlin, Berlin, Germany(Konzertexamen)<br \/>\n\u2022 College of Music, Yonsei University, Seoul, Korea<\/p>\n<p><strong>Prizes<\/strong><br \/>\n\u2022 1st Prize, Neue Sterne International Piano Competition, Germany in 2018<br \/>\n\u2022 3rd Prize &amp; Audience Prize, Concours International de Piano d\u2019Epinal, France in 2015<br \/>\n\u2022 1st Prize, Dong-A Music Competition, Korea in 2013<\/p>\n<p><strong>[Program]<\/strong><br \/>\n<strong>First Round<\/strong><br \/>\n<strong>\u2022 C. Debussy<\/strong> Images Book 1 No.1<br \/>\n<strong>\u2022 S. Rachmaninov<\/strong> Sonata No.2 in B-flat minor, Op.36<br \/>\n<strong>Second Round<\/strong><br \/>\n<strong>\u2022 J. Brahms <\/strong>Klavierst\u00fccke, Op.76 No.1\/2\/4\/5<br \/>\n<strong>\u2022 L. v. Beethoven<\/strong> Sonata No.15 in D major, Op.28<br \/>\n<strong>\u2022 A. Scriabin<\/strong> Sonata No.4 in F-sharp major, Op.30<br \/>\n<strong>Semifinal Round <\/strong><br \/>\n<strong>\u2022 D. Scarlatti<\/strong> Sonatas K.175\/K.213\/K.455<br \/>\n<strong>\u2022 R. Schumann<\/strong> Fantasiest\u00fccke, Op.111<br \/>\n<strong>\u2022 M. Ravel<\/strong> Ravel Gaspard de la Nuit<br \/>\n<strong>Final Round <\/strong><br \/>\n<strong>\u2022 S. Rachmaninov<\/strong> Concerto No.2 in C minor, Op.18<\/p>\n<p>[\/vc_column_text][\/vc_column][\/vc_row][vc_row row_height_percent=&#8221;0&#8243; override_padding=&#8221;yes&#8221; h_padding=&#8221;1&#8243; top_padding=&#8221;1&#8243; bottom_padding=&#8221;2&#8243; overlay_alpha=&#8221;50&#8243; gutter_size=&#8221;2&#8243; column_width_percent=&#8221;100&#8243; shift_y=&#8221;0&#8243; z_index=&#8221;1&#8243; top_divider=&#8221;gradient&#8221; bottom_divider=&#8221;gradient&#8221; uncode_shortcode_id=&#8221;442482&#8243;][vc_column column_width_percent=&#8221;100&#8243; gutter_size=&#8221;2&#8243; overlay_alpha=&#8221;50&#8243; shift_x=&#8221;0&#8243; shift_y=&#8221;0&#8243; shift_y_down=&#8221;0&#8243; z_index=&#8221;0&#8243; medium_width=&#8221;0&#8243; mobile_width=&#8221;0&#8243; width=&#8221;1\/6&#8243;][vc_single_image media=&#8221;103206&#8243; media_width_use_pixel=&#8221;yes&#8221; uncode_shortcode_id=&#8221;195006&#8243; media_width_pixel=&#8221;149&#8243;][\/vc_column][vc_column column_width_percent=&#8221;100&#8243; gutter_size=&#8221;1&#8243; overlay_alpha=&#8221;50&#8243; shift_x=&#8221;0&#8243; shift_y=&#8221;0&#8243; shift_y_down=&#8221;0&#8243; z_index=&#8221;0&#8243; medium_width=&#8221;0&#8243; mobile_width=&#8221;0&#8243; width=&#8221;5\/6&#8243; uncode_shortcode_id=&#8221;651558&#8243;][vc_custom_heading heading_semantic=&#8221;h5&#8243; text_size=&#8221;h5&#8243; uncode_shortcode_id=&#8221;170221&#8243;][4th Prize] Taekgi Lee[\/vc_custom_heading][vc_empty_space empty_h=&#8221;0&#8243;][vc_column_text text_lead=&#8221;small&#8221; uncode_shortcode_id=&#8221;114916&#8243;]<\/p>\n<p><strong>Nationality<\/strong> Korea<br \/>\n<strong>Date of Birth<\/strong> 1996.09.16<\/p>\n<p><strong>Teacher <\/strong><br \/>\n\u2022 Robert McDonald<br \/>\n\u2022 Choong-Mo Kang<\/p>\n<p><strong>Education<\/strong><br \/>\n\u2022 Curtis Institute of Music, Philadelphia, USA<br \/>\n\u2022 The Juilliard School, New York, USA<\/p>\n<p><strong>Prizes<\/strong><br \/>\n\u2022 3rd Prize, Seoul International Music Competition, Korea in 2017<br \/>\n\u2022 1st Prize &amp; Audience Prize, Hastings International Piano Concerto Competition, UK in 2014<br \/>\n\u2022 4th Prize, Val Tidone International Music Competition<\/p>\n<p><strong>[Program]<\/strong><br \/>\n<strong>First Round<\/strong><br \/>\n<strong>\u2022 J. S. Bach<\/strong> Chromatic Fantasia and Fugue in D minor, BWV.903<br \/>\n<strong>\u2022 F. Liszt<\/strong> Apr\u00e8s une Lecture de Dante<br \/>\n<strong>Second Round <\/strong><br \/>\n<strong>\u2022 E. Granados<\/strong> Goyescas No.1<br \/>\n<strong>\u2022 L. v. Beethoven<\/strong> Sonata No.30 in E major, Op.109<br \/>\n<strong>\u2022 S. Prokofiev<\/strong> Sonata No.7 in B-flat major, Op.83<br \/>\n<strong>Semifinal Round <\/strong><br \/>\n<strong>\u2022 D. Scarlatti<\/strong> Sonata in D minor, L.108<br \/>\n<strong>\u2022 R. Schumann<\/strong> Humoreske, Op.20<br \/>\n<strong>\u2022 O. Messiaen<\/strong> \u00cele de feu 1<br \/>\n<strong>\u2022 Saint-Sa\u00ebns-Liszt-Horowitz<\/strong> Danse Macabre<br \/>\n<strong>Final Round <\/strong><br \/>\n<strong>\u2022 S. Rachmaninov<\/strong> Concerto No.3 in D minor, Op.30<\/p>\n<p>[\/vc_column_text][\/vc_column][\/vc_row][vc_row row_height_percent=&#8221;0&#8243; override_padding=&#8221;yes&#8221; h_padding=&#8221;1&#8243; top_padding=&#8221;1&#8243; bottom_padding=&#8221;2&#8243; overlay_alpha=&#8221;50&#8243; gutter_size=&#8221;2&#8243; column_width_percent=&#8221;100&#8243; shift_y=&#8221;0&#8243; z_index=&#8221;1&#8243; top_divider=&#8221;gradient&#8221; bottom_divider=&#8221;gradient&#8221; uncode_shortcode_id=&#8221;442482&#8243;][vc_column column_width_percent=&#8221;100&#8243; gutter_size=&#8221;2&#8243; overlay_alpha=&#8221;50&#8243; shift_x=&#8221;0&#8243; shift_y=&#8221;0&#8243; shift_y_down=&#8221;0&#8243; z_index=&#8221;0&#8243; medium_width=&#8221;0&#8243; mobile_width=&#8221;0&#8243; width=&#8221;1\/6&#8243;][vc_single_image media=&#8221;103207&#8243; media_width_use_pixel=&#8221;yes&#8221; uncode_shortcode_id=&#8221;507368&#8243; media_width_pixel=&#8221;149&#8243;][\/vc_column][vc_column column_width_percent=&#8221;100&#8243; gutter_size=&#8221;1&#8243; overlay_alpha=&#8221;50&#8243; shift_x=&#8221;0&#8243; shift_y=&#8221;0&#8243; shift_y_down=&#8221;0&#8243; z_index=&#8221;0&#8243; medium_width=&#8221;0&#8243; mobile_width=&#8221;0&#8243; width=&#8221;5\/6&#8243; uncode_shortcode_id=&#8221;651558&#8243;][vc_custom_heading heading_semantic=&#8221;h5&#8243; text_size=&#8221;h5&#8243; uncode_shortcode_id=&#8221;667332&#8243;][5th Prize] Sungho Yoo[\/vc_custom_heading][vc_empty_space empty_h=&#8221;0&#8243;][vc_column_text text_lead=&#8221;small&#8221; uncode_shortcode_id=&#8221;128035&#8243;]<\/p>\n<p><strong>Nationality<\/strong> Korea<br \/>\n<strong>Date of Birth<\/strong> 1996.08.29<\/p>\n<p><strong>Teacher <\/strong><br \/>\n\u2022 Dang Thai Son<br \/>\n\u2022 Daejin Kim<br \/>\n\u2022 So-young Joo<\/p>\n<p><strong>Education <\/strong><br \/>\n\u2022 New England Conservatory, Boston, USA<br \/>\n\u2022 School of Music, Korea National University of Arts, Seoul<\/p>\n<p><strong>Prizes<\/strong><br \/>\n\u2022 Special Prize, Geneva International Music Competition, Switzerland in 2018<\/p>\n<p><strong>[Program]<\/strong><br \/>\n<strong>First Round<\/strong><br \/>\n<strong>\u2022 F. J. Haydn<\/strong> Variation in F minor, Hob.XVII:6<br \/>\n<strong>\u2022 C. Debussy<\/strong> Prelude Book 1, No.7 \/ 4<br \/>\n<strong>\u2022 R. Schumann<\/strong> Novelette No.8 in F-sharp minor, Op.21<br \/>\n<strong>Second Round<\/strong><br \/>\n<strong>\u2022 Unsuk Chin<\/strong> Etude No.5 Toccata(2003)<br \/>\n<strong>\u2022 L. v. Beethoven<\/strong> Sonata No.30 in E major, Op.109<br \/>\n<strong>\u2022 S. Barber<\/strong> Sonata in E-flat minor, Op.26<br \/>\n<strong>Semifinal Round<\/strong><br \/>\n<strong>\u2022 J. Brahms<\/strong> Klavierst\u00fccke, Op.76, No.1\/3\/4\/5\/8<br \/>\n<strong>\u2022 R. Schumann<\/strong> Carnaval, Op.9<br \/>\n<strong>Final Round<\/strong><br \/>\n<strong>\u2022 R. Schumann<\/strong> Concerto in A minor, Op.54<\/p>\n<p>[\/vc_column_text][\/vc_column][\/vc_row][vc_row row_height_percent=&#8221;0&#8243; override_padding=&#8221;yes&#8221; h_padding=&#8221;1&#8243; top_padding=&#8221;1&#8243; bottom_padding=&#8221;2&#8243; overlay_alpha=&#8221;50&#8243; gutter_size=&#8221;2&#8243; column_width_percent=&#8221;100&#8243; shift_y=&#8221;0&#8243; z_index=&#8221;1&#8243; top_divider=&#8221;gradient&#8221; bottom_divider=&#8221;gradient&#8221; uncode_shortcode_id=&#8221;442482&#8243;][vc_column column_width_percent=&#8221;100&#8243; gutter_size=&#8221;2&#8243; overlay_alpha=&#8221;50&#8243; shift_x=&#8221;0&#8243; shift_y=&#8221;0&#8243; shift_y_down=&#8221;0&#8243; z_index=&#8221;0&#8243; medium_width=&#8221;0&#8243; mobile_width=&#8221;0&#8243; width=&#8221;1\/6&#8243;][vc_single_image media=&#8221;103208&#8243; media_width_use_pixel=&#8221;yes&#8221; uncode_shortcode_id=&#8221;141048&#8243; media_width_pixel=&#8221;149&#8243;][\/vc_column][vc_column column_width_percent=&#8221;100&#8243; gutter_size=&#8221;1&#8243; overlay_alpha=&#8221;50&#8243; shift_x=&#8221;0&#8243; shift_y=&#8221;0&#8243; shift_y_down=&#8221;0&#8243; z_index=&#8221;0&#8243; medium_width=&#8221;0&#8243; mobile_width=&#8221;0&#8243; width=&#8221;5\/6&#8243; uncode_shortcode_id=&#8221;651558&#8243;][vc_custom_heading heading_semantic=&#8221;h5&#8243; text_size=&#8221;h5&#8243; uncode_shortcode_id=&#8221;130012&#8243;][6th Prize] Kyuho Han[\/vc_custom_heading][vc_empty_space empty_h=&#8221;0&#8243;][vc_column_text text_lead=&#8221;small&#8221; uncode_shortcode_id=&#8221;102657&#8243;]<\/p>\n<p><strong>Nationality<\/strong> Korea<br \/>\n<strong>Date of Birth<\/strong> 1993.10.06<\/p>\n<p><strong>Teacher <\/strong><br \/>\n\u2022 Arnulf von Arnim<br \/>\n\u2022 Choong-Mo Kang<br \/>\n\u2022 Hae-Jeon Lee<\/p>\n<p><strong>Education <\/strong><br \/>\n\u2022 Musikhochschule M\u00fcnster an der WWU, M\u00fcnster, Germany<br \/>\n\u2022 Hochschule f\u00fcr Musik und Theater M\u00fcnchen, M\u00fcnchen, Germany<br \/>\n\u2022 School of Music, Korea National University of Arts, Seoul, Korea<\/p>\n<p><strong>Prizes<\/strong><br \/>\n\u2022 1st Prize, Piano Klavierwettbewerb M\u00fcnster, Germany in 2021<br \/>\n\u2022 Audience Prize, Sendai International Music Competition, Japan in 2019<br \/>\n\u2022 3rd Prize, Prague Spring International Music Competition, Czech Republic in 2016<\/p>\n<p><strong>[Program]<\/strong><br \/>\n<strong>First Round<\/strong><br \/>\n<strong>\u2022 L. v. Beethoven<\/strong> Andante Favori in F major, WoO.57<br \/>\n<strong>\u2022 F. Chopin<\/strong> Ballade No.2 in F major, Op.38<br \/>\n<strong>\u2022 B. Bart\u00f3k<\/strong> Sonata, Sz.80<br \/>\n<strong>Second Round<\/strong><br \/>\n<strong>\u2022 L. v. Beethoven<\/strong> Sonata No.2 in D minor, Op.31<br \/>\n<strong>\u2022 M. Ravel<\/strong> Gaspard de la Nuit<br \/>\n<strong>Semifinal Round<\/strong><br \/>\n<strong>\u2022 C. Debussy<\/strong> Images Book 2<br \/>\n<strong>\u2022 R. Schumann<\/strong> Kreisleriana Op.16<br \/>\n<strong>Final Round<\/strong><br \/>\n<strong>\u2022 S. Rachmaninov<\/strong> Concerto No. 2 in C minor, Op.18<\/p>\n<p>[\/vc_column_text][\/vc_column][\/vc_row]<\/p>\n","protected":false},"excerpt":{"rendered":"<p>2020 Piano<\/p>\n","protected":false},"author":1,"featured_media":103607,"parent":0,"menu_order":0,"comment_status":"closed","ping_status":"closed","template":"","meta":[],"_links":{"self":[{"href":"http:\/\/seoulcompetition.com\/en\/wp-json\/wp\/v2\/pages\/103262"}],"collection":[{"href":"http:\/\/seoulcompetition.com\/en\/wp-json\/wp\/v2\/pages"}],"about":[{"href":"http:\/\/seoulcompetition.com\/en\/wp-json\/wp\/v2\/types\/page"}],"author":[{"embeddable":true,"href":"http:\/\/seoulcompetition.com\/en\/wp-json\/wp\/v2\/users\/1"}],"replies":[{"embeddable":true,"href":"http:\/\/seoulcompetition.com\/en\/wp-json\/wp\/v2\/comments?post=103262"}],"version-history":[{"count":3,"href":"http:\/\/seoulcompetition.com\/en\/wp-json\/wp\/v2\/pages\/103262\/revisions"}],"predecessor-version":[{"id":104490,"href":"http:\/\/seoulcompetition.com\/en\/wp-json\/wp\/v2\/pages\/103262\/revisions\/104490"}],"wp:featuredmedia":[{"embeddable":true,"href":"http:\/\/seoulcompetition.com\/en\/wp-json\/wp\/v2\/media\/103607"}],"wp:attachment":[{"href":"http:\/\/seoulcompetition.com\/en\/wp-json\/wp\/v2\/media?parent=103262"}],"curies":[{"name":"wp","href":"https:\/\/api.w.org\/{rel}","templated":true}]}}