{"id":103250,"date":"2022-02-15T04:28:43","date_gmt":"2022-02-15T04:28:43","guid":{"rendered":"http:\/\/seoulcompetition.com\/en\/?page_id=103250"},"modified":"2022-02-15T04:28:43","modified_gmt":"2022-02-15T04:28:43","slug":"1st-prize-gihoon-kim","status":"publish","type":"page","link":"http:\/\/seoulcompetition.com\/en\/1st-prize-gihoon-kim\/","title":{"rendered":"[1st Prize] Gihoon Kim"},"content":{"rendered":"<p>[vc_row row_height_percent=&#8221;20&#8243; override_padding=&#8221;yes&#8221; h_padding=&#8221;2&#8243; top_padding=&#8221;4&#8243; bottom_padding=&#8221;3&#8243; back_color=&#8221;color-wayh&#8221; back_image=&#8221;102305&#8243; back_position=&#8221;center center&#8221; overlay_color=&#8221;color-jevc&#8221; overlay_alpha=&#8221;40&#8243; gutter_size=&#8221;3&#8243; column_width_percent=&#8221;100&#8243; shift_y=&#8221;0&#8243; z_index=&#8221;0&#8243; enable_top_divider=&#8221;default&#8221; top_divider=&#8221;gradient&#8221; shape_top_h_use_pixel=&#8221;true&#8221; shape_top_height_percent=&#8221;100&#8243; shape_top_color=&#8221;color-wayh&#8221; shape_top_opacity=&#8221;25&#8243; shape_top_index=&#8221;0&#8243; row_name=&#8221;Welcome&#8221; uncode_shortcode_id=&#8221;181515&#8243; back_color_type=&#8221;uncode-palette&#8221; overlay_color_type=&#8221;uncode-palette&#8221; shape_top_color_type=&#8221;uncode-palette&#8221; row_height_pixel=&#8221;120&#8243;][vc_column column_width_use_pixel=&#8221;yes&#8221; position_vertical=&#8221;middle&#8221; align_horizontal=&#8221;align_center&#8221; gutter_size=&#8221;3&#8243; style=&#8221;dark&#8221; overlay_alpha=&#8221;50&#8243; shift_x=&#8221;0&#8243; shift_y=&#8221;0&#8243; shift_y_down=&#8221;0&#8243; z_index=&#8221;0&#8243; medium_width=&#8221;0&#8243; mobile_width=&#8221;0&#8243; zoom_width=&#8221;0&#8243; zoom_height=&#8221;0&#8243; width=&#8221;1\/1&#8243; column_width_pixel=&#8221;900&#8243;][vc_custom_heading text_font=&#8221;font-136269&#8243; text_size=&#8221;fontsize-155944&#8243; text_weight=&#8221;400&#8243; text_space=&#8221;fontspace-781688&#8243; sub_lead=&#8221;yes&#8221; sub_reduced=&#8221;yes&#8221; uncode_shortcode_id=&#8221;269573&#8243; subheading=&#8221;Prize Winners&#8221;]2016 Voice[\/vc_custom_heading][\/vc_column][\/vc_row][vc_row row_height_percent=&#8221;0&#8243; override_padding=&#8221;yes&#8221; h_padding=&#8221;2&#8243; top_padding=&#8221;0&#8243; bottom_padding=&#8221;0&#8243; overlay_alpha=&#8221;50&#8243; gutter_size=&#8221;3&#8243; column_width_percent=&#8221;100&#8243; shift_y=&#8221;0&#8243; z_index=&#8221;0&#8243; mobile_visibility=&#8221;yes&#8221; uncode_shortcode_id=&#8221;204748&#8243;][vc_column width=&#8221;1\/1&#8243;][vc_empty_space empty_h=&#8221;3&#8243;][\/vc_column][\/vc_row][vc_row row_height_percent=&#8221;0&#8243; override_padding=&#8221;yes&#8221; h_padding=&#8221;1&#8243; top_padding=&#8221;0&#8243; bottom_padding=&#8221;2&#8243; overlay_alpha=&#8221;50&#8243; gutter_size=&#8221;0&#8243; column_width_percent=&#8221;100&#8243; shift_y=&#8221;0&#8243; z_index=&#8221;0&#8243; uncode_shortcode_id=&#8221;128758&#8243;][vc_column column_width_percent=&#8221;100&#8243; position_horizontal=&#8221;left&#8221; gutter_size=&#8221;3&#8243; overlay_alpha=&#8221;50&#8243; shift_x=&#8221;0&#8243; shift_y=&#8221;0&#8243; shift_y_down=&#8221;0&#8243; z_index=&#8221;0&#8243; medium_width=&#8221;0&#8243; mobile_width=&#8221;0&#8243; width=&#8221;1\/2&#8243; uncode_shortcode_id=&#8221;282015&#8243;][vc_single_image media=&#8221;102350&#8243; media_width_use_pixel=&#8221;yes&#8221; uncode_shortcode_id=&#8221;889625&#8243; media_width_pixel=&#8221;400&#8243;][\/vc_column][vc_column width=&#8221;1\/2&#8243;][vc_single_image media=&#8221;102351&#8243; media_width_use_pixel=&#8221;yes&#8221; uncode_shortcode_id=&#8221;195784&#8243; media_width_pixel=&#8221;400&#8243;][\/vc_column][\/vc_row][vc_row row_height_percent=&#8221;0&#8243; override_padding=&#8221;yes&#8221; h_padding=&#8221;1&#8243; top_padding=&#8221;0&#8243; bottom_padding=&#8221;2&#8243; overlay_alpha=&#8221;50&#8243; gutter_size=&#8221;4&#8243; column_width_percent=&#8221;100&#8243; shift_y=&#8221;0&#8243; z_index=&#8221;1&#8243; top_divider=&#8221;gradient&#8221; bottom_divider=&#8221;gradient&#8221; uncode_shortcode_id=&#8221;572689&#8243;][vc_column column_width_percent=&#8221;100&#8243; gutter_size=&#8221;2&#8243; overlay_alpha=&#8221;50&#8243; shift_x=&#8221;0&#8243; shift_y=&#8221;0&#8243; shift_y_down=&#8221;0&#8243; z_index=&#8221;0&#8243; medium_width=&#8221;0&#8243; mobile_width=&#8221;0&#8243; width=&#8221;1\/1&#8243;][vc_custom_heading heading_semantic=&#8221;h5&#8243; text_size=&#8221;h5&#8243; uncode_shortcode_id=&#8221;204021&#8243;][1st Prize] Gihoon Kim[\/vc_custom_heading][vc_single_image media=&#8221;102353&#8243; media_lightbox=&#8221;yes&#8221; media_width_percent=&#8221;100&#8243; border=&#8221;yes&#8221; shadow=&#8221;yes&#8221; uncode_shortcode_id=&#8221;129572&#8243;][vc_row_inner][vc_column_inner width=&#8221;1\/3&#8243;][vc_column_text text_lead=&#8221;small&#8221; uncode_shortcode_id=&#8221;928224&#8243;]<span class=\"en_style7\"><strong>Baritone<br \/>\nNationality<\/strong> Korea<br \/>\n<strong>Date of Birth<\/strong> 1991. 12. 04<\/span><\/p>\n<p><strong>Teachers<\/strong><br \/>\n\u2022 Kwan-Dong Kim<\/p>\n<p><strong>Education<\/strong><br \/>\n\u2022 College of Music, Yonsei University, Seoul, Korea<\/p>\n<p><strong>Prizes<\/strong><br \/>\n\u2022 1<span class=\"first_second2\">st<\/span><span class=\"en_style7\"> Prize, Dong-A Music Competition, Seoul, Korea in 2015<br \/>\n\u2022 Grand Prize, Suri Concours, Gunpo, Korea in 2015<br \/>\n\u2022 Grand Prize, Eom Jeong Haeng Voice Competition, Yangsan, Korea in 2015 <\/span>[\/vc_column_text][\/vc_column_inner][vc_column_inner width=&#8221;2\/3&#8243;][vc_column_text text_lead=&#8221;small&#8221; uncode_shortcode_id=&#8221;280068&#8243;]<\/p>\n<p><strong>[Program]<br \/>\nAccompanist<\/strong> Sujin Choi<br \/>\n<strong>Final Round With<\/strong> Korean Symphony Orchestra(Conductor: Hogen Yun)<strong><br \/>\nFirst Round<\/strong><br \/>\n\u2022 <strong>F. P. Schubert<\/strong> An schwager kronos<br \/>\n\u2022 <strong>G. Rossini<\/strong> Largo al factotum della citta [Il Barbiere di Siviglia]<br \/>\n<strong>Second Round<\/strong><br \/>\n\u2022 <strong>J. Massenet<\/strong> Vision fugitive [Herodiade]<br \/>\n\u2022 <strong>G. Donizetti<\/strong> Cruda funesta smania [Lucia di Lammermoor]<br \/>\n<strong>Semifinal Round<\/strong><br \/>\n\u2022 <strong>Du Nam Cho<\/strong> Seonguja(Pioneer)<br \/>\n\u2022 <strong>M. Ravel <\/strong>Chanson romanesque<br \/>\n\u2022 <strong>W. A. Mozart<\/strong> Rivolgete a lui lo sguardo [Cos\u00ec Fan Tutte]<br \/>\n\u2022 <strong>G. Verdi<\/strong> Alzati! la tuo figlio [Un Ballo in Maschera]<br \/>\n<strong>Final Round<\/strong><br \/>\n\u2022 <strong>U. Giordano<\/strong> Nemico della patria [Andrea Ch\u00e9nier]<br \/>\n\u2022 <strong>G. Rossini<\/strong> Largo al factotum della citta [Il Barbiere di Siviglia]<\/p>\n<p>[\/vc_column_text][\/vc_column_inner][\/vc_row_inner][\/vc_column][\/vc_row][vc_row row_height_percent=&#8221;0&#8243; override_padding=&#8221;yes&#8221; h_padding=&#8221;1&#8243; top_padding=&#8221;1&#8243; bottom_padding=&#8221;2&#8243; overlay_alpha=&#8221;50&#8243; gutter_size=&#8221;4&#8243; column_width_percent=&#8221;100&#8243; shift_y=&#8221;0&#8243; z_index=&#8221;1&#8243; top_divider=&#8221;gradient&#8221; bottom_divider=&#8221;gradient&#8221; uncode_shortcode_id=&#8221;135788&#8243;][vc_column column_width_percent=&#8221;100&#8243; gutter_size=&#8221;2&#8243; overlay_alpha=&#8221;50&#8243; shift_x=&#8221;0&#8243; shift_y=&#8221;0&#8243; shift_y_down=&#8221;0&#8243; z_index=&#8221;0&#8243; medium_width=&#8221;0&#8243; mobile_width=&#8221;0&#8243; width=&#8221;1\/1&#8243;][vc_custom_heading heading_semantic=&#8221;h5&#8243; text_size=&#8221;h5&#8243; uncode_shortcode_id=&#8221;165635&#8243;][2nd Prize] Keonwoo Kim[\/vc_custom_heading][vc_single_image media=&#8221;102354&#8243; media_lightbox=&#8221;yes&#8221; media_width_percent=&#8221;100&#8243; border=&#8221;yes&#8221; shadow=&#8221;yes&#8221; uncode_shortcode_id=&#8221;214531&#8243;][vc_row_inner][vc_column_inner width=&#8221;1\/3&#8243;][vc_column_text text_lead=&#8221;small&#8221; uncode_shortcode_id=&#8221;195481&#8243;]<span class=\"en_style7\"><strong>Tenor<br \/>\nNationality<\/strong> Korea<br \/>\n<strong>Date of Birth<\/strong> 1985. 11. 16<\/span><\/p>\n<p><strong>Teachers<\/strong><br \/>\n\u2022 Thomas Dewald<br \/>\n\u2022 Carlo Kang<br \/>\n\u2022 Jiyeon Lee<\/p>\n<p><strong>Education<\/strong><br \/>\n\u2022 Hochschule f\u00fcr musik, Mainz, Germany<br \/>\n\u2022 College of Music, Kyunghee University, Seoul, Korea<\/p>\n<p><strong>Prizes<\/strong><br \/>\n\u2022 1<span class=\"first_second2\">st<\/span><span class=\"en_style7\"> Prize, Montreal International Music Competition, Montreal, Canada in 2015<br \/>\n\u2022 3<\/span><span class=\"first_second2\">rd<\/span><span class=\"en_style7\"> Prize, International Opera Singing Competition of Marmande, Marmande, France in 2014<br \/>\n\u2022 Gold Prize, Korea National Opera Concours, Seoul, Korea in 2013<\/span>[\/vc_column_text][\/vc_column_inner][vc_column_inner width=&#8221;2\/3&#8243;][vc_column_text text_lead=&#8221;small&#8221; uncode_shortcode_id=&#8221;111106&#8243;]<\/p>\n<p><strong>[Program]<br \/>\nAccompanist<\/strong> Ji Hyun Kim<br \/>\n<strong>Final Round With<\/strong> Korean Symphony Orchestra(Conductor: Hogen Yun)<strong><br \/>\nFirst Round<\/strong><br \/>\n\u2022 <strong>R. Strauss<\/strong> Ich liebe dich<br \/>\n\u2022 <strong>C. Gounod<\/strong> Ah! L\u00e8ve-toi soleil [Rom\u00e9o et Juliette]<br \/>\n<strong>Second Round<\/strong><br \/>\n\u2022 <strong>R. Strauss <\/strong>Di rigori armato il seno [Der Rosenkavalier]<br \/>\n\u2022<strong> G. Donizetti<\/strong> Ah! Mes amis [La Fille du r\u00e9giment]<br \/>\n<strong>Semifinal Round<\/strong><br \/>\n\u2022 <strong>W. A. Mozart<\/strong> Ich baue ganz [Die Entf\u00fchrung aus dem Serail]<br \/>\n\u2022 <strong>F. Liszt<\/strong> Benedetto sia&#8217;l giorno (Tre sonetti del Petrarca)<br \/>\n\u2022<strong> Du Nam Cho<\/strong> Baennorae(Boat Song)<br \/>\n\u2022 <strong>G. Donizetti <\/strong>Spirto gentil [La Favorita]<br \/>\n<strong>Final Round<\/strong><br \/>\n\u2022 <strong>G. Rossini<\/strong> Asile h\u00e9r\u00e9ditaire&#8230;Amis, amis, secondez ma vengeance [Guillaume Tell]<br \/>\n\u2022 <strong>C. Gounod <\/strong>Ah! L\u00e8ve-toi soleil [Rom\u00e9o et Juliette]<\/p>\n<p>[\/vc_column_text][\/vc_column_inner][\/vc_row_inner][\/vc_column][\/vc_row][vc_row row_height_percent=&#8221;0&#8243; override_padding=&#8221;yes&#8221; h_padding=&#8221;1&#8243; top_padding=&#8221;1&#8243; bottom_padding=&#8221;2&#8243; overlay_alpha=&#8221;50&#8243; gutter_size=&#8221;4&#8243; column_width_percent=&#8221;100&#8243; shift_y=&#8221;0&#8243; z_index=&#8221;1&#8243; top_divider=&#8221;gradient&#8221; bottom_divider=&#8221;gradient&#8221; uncode_shortcode_id=&#8221;135788&#8243;][vc_column column_width_percent=&#8221;100&#8243; gutter_size=&#8221;2&#8243; overlay_alpha=&#8221;50&#8243; shift_x=&#8221;0&#8243; shift_y=&#8221;0&#8243; shift_y_down=&#8221;0&#8243; z_index=&#8221;0&#8243; medium_width=&#8221;0&#8243; mobile_width=&#8221;0&#8243; width=&#8221;1\/1&#8243;][vc_custom_heading heading_semantic=&#8221;h5&#8243; text_size=&#8221;h5&#8243; uncode_shortcode_id=&#8221;168026&#8243;][3th Prize] Amartuvshin Enkhbat[\/vc_custom_heading][vc_single_image media=&#8221;102355&#8243; media_lightbox=&#8221;yes&#8221; media_width_percent=&#8221;100&#8243; border=&#8221;yes&#8221; shadow=&#8221;yes&#8221; uncode_shortcode_id=&#8221;182469&#8243;][vc_row_inner][vc_column_inner width=&#8221;1\/3&#8243;][vc_column_text text_lead=&#8221;small&#8221; uncode_shortcode_id=&#8221;133737&#8243;]<span class=\"en_style7\"><strong>Baritone<br \/>\nNationality<\/strong> Mongolia<br \/>\n<strong>Date of Birth<\/strong> 1986. 03. 23<\/span><\/p>\n<p><strong>Teachers<\/strong><br \/>\n\u2022 Tserenpil Eruu<\/p>\n<p><strong>Education<\/strong><br \/>\n\u2022 Education State University of Arts and Culture, Ulaanbaatar, Mongolia<\/p>\n<p><strong>Prizes<\/strong><br \/>\n\u2022 Dame Joan Sutherland Audience Prize, Cardiff Singer of the World 2015, Cardiff, UK in 2015<br \/>\n\u2022 2<span class=\"first_second2\">nd<\/span><span class=\"en_style7\"> Prize &amp; Best Performer of Russian Music Special Prize &amp; Amics de l\u2019\u00d2pera de Sabadell Special Prize, 50th Edition of Francisco Vi\u00f1as International Singing Contest, Barcelona, Spain in 2013<br \/>\n\u2022 1<\/span><span class=\"first_second2\">st<\/span><span class=\"en_style7\"> Prize in Opera &amp; Finalist in Zarzuela, Placido Domingo Operalia, Beijing, China in 2012 <\/span>[\/vc_column_text][\/vc_column_inner][vc_column_inner width=&#8221;2\/3&#8243;][vc_column_text text_lead=&#8221;small&#8221; uncode_shortcode_id=&#8221;320959&#8243;]<\/p>\n<p><strong>[Program]<br \/>\nAccompanist<\/strong> In Seon Lee<br \/>\n<strong>Final Round With<\/strong> Korean Symphony Orchestra(Conductor: Hogen Yun)<strong><br \/>\nFirst Round<\/strong><br \/>\n\u2022 <strong>S. Rachmaninov<\/strong> \u0412 \u043c\u043e\u043b\u0447\u0430\u043d\u044c\u0438 \u043d\u043e\u0447\u0438 \u0442\u0430\u0439\u043d\u043e\u0439(In the silence of the night)<br \/>\n\u2022 <strong>G. Verdi <\/strong>Eri tu, che macchiavi [Un Ballo in Maschera]<br \/>\n<strong>Second Round<\/strong><br \/>\n\u2022 <strong>A. Borodin<\/strong> \u041d\u0438 \u0441\u043d\u0430, \u043d\u0438 \u043e\u0442\u0434\u044b\u0445\u0430 \u0438\u0437\u043c\u0443\u0447\u0435\u043d\u043d\u043e\u0439 \u0434\u0443\u0448\u0435(No sleep, no rest for my tormented soul) [Prince Igor]<br \/>\n\u2022 <strong>U. Giordano<\/strong> Nemico della patria [Andrea Ch\u00e9nier]<br \/>\n<strong>Semifinal Round<\/strong><br \/>\n\u2022 <strong>Yeon Jun Kim<\/strong> Cheongsane Sallira(To Live in the Green Mountains)<br \/>\n\u2022 <strong>R. Schumann<\/strong> Dichterliebe, Op.48, Ich grolle nicht<br \/>\n\u2022 <strong>W. A. Mozart<\/strong> Hai gia vinta la causa [Le Nozze di Figaro]<br \/>\n\u2022 <strong>G. Verdi<\/strong> Cortigiani, vil razza dannata [Rigoletto]<br \/>\n<strong>Final Round<\/strong><br \/>\n\u2022 <strong>R. Leoncavallo<\/strong> Si puo [Pagliacci]<br \/>\n\u2022 <strong>G. Verdi<\/strong> Cortigiani, vil razza dannata [Rigoletto]<\/p>\n<p>[\/vc_column_text][\/vc_column_inner][\/vc_row_inner][\/vc_column][\/vc_row][vc_row row_height_percent=&#8221;0&#8243; override_padding=&#8221;yes&#8221; h_padding=&#8221;1&#8243; top_padding=&#8221;1&#8243; bottom_padding=&#8221;2&#8243; overlay_alpha=&#8221;50&#8243; gutter_size=&#8221;4&#8243; column_width_percent=&#8221;100&#8243; shift_y=&#8221;0&#8243; z_index=&#8221;1&#8243; top_divider=&#8221;gradient&#8221; bottom_divider=&#8221;gradient&#8221; uncode_shortcode_id=&#8221;135788&#8243;][vc_column column_width_percent=&#8221;100&#8243; gutter_size=&#8221;2&#8243; overlay_alpha=&#8221;50&#8243; shift_x=&#8221;0&#8243; shift_y=&#8221;0&#8243; shift_y_down=&#8221;0&#8243; z_index=&#8221;0&#8243; medium_width=&#8221;0&#8243; mobile_width=&#8221;0&#8243; width=&#8221;1\/1&#8243;][vc_custom_heading heading_semantic=&#8221;h5&#8243; text_size=&#8221;h5&#8243; uncode_shortcode_id=&#8221;105233&#8243;][4th Prize] Ki Hun Park[\/vc_custom_heading][vc_single_image media=&#8221;102356&#8243; media_lightbox=&#8221;yes&#8221; media_width_percent=&#8221;100&#8243; border=&#8221;yes&#8221; shadow=&#8221;yes&#8221; uncode_shortcode_id=&#8221;144198&#8243;][vc_row_inner][vc_column_inner width=&#8221;1\/3&#8243;][vc_column_text text_lead=&#8221;small&#8221; uncode_shortcode_id=&#8221;357231&#8243;]<span class=\"en_style7\"><strong> Tenor<br \/>\nNationality<\/strong> Korea<br \/>\n<strong>Date of Birth<\/strong> 1994. 12. 16<\/span><\/p>\n<p><strong>Teachers<\/strong><br \/>\n\u2022 Hyun-Jae Park<br \/>\n\u2022 Sung Min Lee<br \/>\n\u2022 Sung Soo Choi<br \/>\n\u2022 Jung B. Kong<br \/>\n\u2022 Eunmi Park<\/p>\n<p><strong>Education<\/strong><br \/>\n\u2022 College of Music, Seoul National University, Seoul, Korea<\/p>\n<p><strong>Prizes<\/strong><br \/>\n\u2022 1<span class=\"first_second2\">st<\/span><span class=\"en_style7\"> Prize, Korea Voice Competition, Seoul, Korea in 2015<br \/>\n\u2022 3<\/span><span class=\"first_second2\">rd<\/span><span class=\"en_style7\"> Prize, International Hans Gabor Belvedere Singing Competition, Vienna, Austria in 2015<br \/>\n\u2022 Silver Prize, Korea National Opera Concours, Seoul, Korea in 2015<\/span>[\/vc_column_text][\/vc_column_inner][vc_column_inner width=&#8221;2\/3&#8243;][vc_column_text text_lead=&#8221;small&#8221; uncode_shortcode_id=&#8221;106493&#8243;]<\/p>\n<p><strong>[Program]<br \/>\nAccompanist<\/strong> Seo Woan Jung<br \/>\n<strong> Final Round With<\/strong> Korean Symphony Orchestra(Conductor: Hogen Yun)<strong><br \/>\nFirst Round<\/strong><br \/>\n\u2022 <strong>R. Strauss<\/strong> Heimliche aufforderung<br \/>\n\u2022<strong> J. Massenet<\/strong> Pourquoi me reveiller [Werther]<br \/>\n<strong>Second Round<\/strong><br \/>\n\u2022 <strong>C. Gounod<\/strong> Ah! L\u00e8ve-toi soleil [Rom\u00e9o et Juliette]<br \/>\n\u2022 <strong>F. Cilea<\/strong> Il lamento di Federico [L&#8217;arlesiana]<br \/>\n<strong>Semifinal Round<\/strong><br \/>\n\u2022 <strong>Du Nam Cho<\/strong> Baennorae(Boat Song)<br \/>\n\u2022 <strong>O. Respighi<\/strong> Nebbie<br \/>\n\u2022 <strong>W. A. Mozart <\/strong>Dies bildnis ist bezaubernd sch\u00f6n [Die Zauberfl\u00f6te]<br \/>\n\u2022 <strong>G. Bizet <\/strong>La fleur que tu m&#8217;avais jet\u00e9e [Carmen]<br \/>\n<strong>Final Round<\/strong><br \/>\n\u2022 <strong>G. Donizetti<\/strong> Tombe degli avi miei&#8230;Fra poco a me ricovero [Lucia Lammermoor]<br \/>\n\u2022 <strong>J. Massenet <\/strong>Pourquoi me reveiller [Werther]<\/p>\n<p>[\/vc_column_text][\/vc_column_inner][\/vc_row_inner][\/vc_column][\/vc_row][vc_row row_height_percent=&#8221;0&#8243; override_padding=&#8221;yes&#8221; h_padding=&#8221;1&#8243; top_padding=&#8221;1&#8243; bottom_padding=&#8221;2&#8243; overlay_alpha=&#8221;50&#8243; gutter_size=&#8221;4&#8243; column_width_percent=&#8221;100&#8243; shift_y=&#8221;0&#8243; z_index=&#8221;1&#8243; top_divider=&#8221;gradient&#8221; bottom_divider=&#8221;gradient&#8221; uncode_shortcode_id=&#8221;135788&#8243;][vc_column column_width_percent=&#8221;100&#8243; gutter_size=&#8221;2&#8243; overlay_alpha=&#8221;50&#8243; shift_x=&#8221;0&#8243; shift_y=&#8221;0&#8243; shift_y_down=&#8221;0&#8243; z_index=&#8221;0&#8243; medium_width=&#8221;0&#8243; mobile_width=&#8221;0&#8243; width=&#8221;1\/1&#8243;][vc_custom_heading heading_semantic=&#8221;h5&#8243; text_size=&#8221;h5&#8243; uncode_shortcode_id=&#8221;410660&#8243;][5th Prize] Byeong Min Gil[\/vc_custom_heading][vc_single_image media=&#8221;102357&#8243; media_lightbox=&#8221;yes&#8221; media_width_percent=&#8221;100&#8243; border=&#8221;yes&#8221; shadow=&#8221;yes&#8221; uncode_shortcode_id=&#8221;137894&#8243;][vc_row_inner][vc_column_inner width=&#8221;1\/3&#8243;][vc_column_text text_lead=&#8221;small&#8221; uncode_shortcode_id=&#8221;137609&#8243;]<span class=\"en_style7\"><strong>Bass<br \/>\nNationality<\/strong> Korea<br \/>\n<strong>Date of Birth<\/strong> 1994. 02. 17<\/span><\/p>\n<p><strong>Teachers<\/strong><br \/>\n\u2022 Dae-Bum Lee<br \/>\n\u2022 Attila Jun<br \/>\n\u2022 Cheol Jang<br \/>\n\u2022 Shin-Uk Kim<\/p>\n<p><strong>Education<\/strong><br \/>\n\u2022 College of Music, Seoul National University, Seoul, Korea<\/p>\n<p><strong>Prizes<\/strong><br \/>\n\u2022 2<span class=\"first_second2\">nd<\/span><span class=\"en_style7\"> Prize, Dong-A Music Competition, Seoul, Korea in 2015<br \/>\n\u2022 Grand Prize, Vocal Music Competition of Daegu, Daegu, Korea in 2015<br \/>\n\u2022 1<\/span><span class=\"first_second2\">st<\/span><span class=\"en_style7\"> Prize, Vocal Music Competition of Gwangju, Gwangju, Korea in 2015<\/span>[\/vc_column_text][\/vc_column_inner][vc_column_inner width=&#8221;2\/3&#8243;][vc_column_text text_lead=&#8221;small&#8221; uncode_shortcode_id=&#8221;115072&#8243;]<\/p>\n<p><strong>[Program]<br \/>\nAccompanist <\/strong>Hyoung-Jin Park<br \/>\n<strong>Final Round With <\/strong>Korean Symphony Orchestra(Conductor: Hogen Yun)<strong><br \/>\nFirst Round<\/strong><br \/>\n\u2022 <strong>P. I. Tchaikovsky<\/strong> \u0421\u0435\u0440\u0435\u043d\u0430\u0434\u0430 \u0414\u043e\u043d-\u0416\u0443\u0430\u043d\u0430(Don Juan\u2019s Serenade)<br \/>\n\u2022 <strong>G. Verdi<\/strong> O tu Palermo [I Vespri Siciliani]<br \/>\n<strong>Second Round<\/strong><br \/>\n\u2022<strong> A. Boito<\/strong> Ave Signor [Mefistofele]<br \/>\n\u2022 <strong>G. Bizet <\/strong>Quand la flamme de l&#8217;amour [La Jolie Fille de Perth]<br \/>\n<strong>Semifinal Round<\/strong><br \/>\n\u2022 <strong>Ihl Nam Chang<\/strong> Gidarineun Maeum(A Longing Heart)<br \/>\n\u2022 <strong>H. Wolf<\/strong> F\u00fchlt meine Seele<br \/>\n\u2022 <strong>S. Rachmaninov <\/strong>\u041a\u0430\u0432\u0430\u0442\u0438\u043d\u0430 \u0410\u043b\u0435\u043a\u043e(Aleko&#8217;s Cavatina) [Aleko]<br \/>\n\u2022 <strong>W. A. Mozart<\/strong> Non piu andrai [Le Nozze di Figaro]<br \/>\n<strong>Final Round<\/strong><br \/>\n\u2022 <strong>G. Verdi <\/strong>Mentre gonfiarsi l&#8217;anima [Attila]<br \/>\n\u2022 <strong>G. Bizet <\/strong>Quand la flamme de l&#8217;amour [La Jolie Fille de Perth]<\/p>\n<p>[\/vc_column_text][\/vc_column_inner][\/vc_row_inner][\/vc_column][\/vc_row][vc_row row_height_percent=&#8221;0&#8243; override_padding=&#8221;yes&#8221; h_padding=&#8221;1&#8243; top_padding=&#8221;1&#8243; bottom_padding=&#8221;2&#8243; overlay_alpha=&#8221;50&#8243; gutter_size=&#8221;4&#8243; column_width_percent=&#8221;100&#8243; shift_y=&#8221;0&#8243; z_index=&#8221;1&#8243; top_divider=&#8221;gradient&#8221; bottom_divider=&#8221;gradient&#8221; uncode_shortcode_id=&#8221;135788&#8243;][vc_column column_width_percent=&#8221;100&#8243; gutter_size=&#8221;2&#8243; overlay_alpha=&#8221;50&#8243; shift_x=&#8221;0&#8243; shift_y=&#8221;0&#8243; shift_y_down=&#8221;0&#8243; z_index=&#8221;0&#8243; medium_width=&#8221;0&#8243; mobile_width=&#8221;0&#8243; width=&#8221;1\/1&#8243;][vc_custom_heading heading_semantic=&#8221;h5&#8243; text_size=&#8221;h5&#8243; uncode_shortcode_id=&#8221;728121&#8243;][6th Prize] Mykhailo Malafii[\/vc_custom_heading][vc_single_image media=&#8221;102358&#8243; media_lightbox=&#8221;yes&#8221; media_width_percent=&#8221;100&#8243; border=&#8221;yes&#8221; shadow=&#8221;yes&#8221; uncode_shortcode_id=&#8221;153238&#8243;][vc_row_inner][vc_column_inner width=&#8221;1\/3&#8243;][vc_column_text text_lead=&#8221;small&#8221; uncode_shortcode_id=&#8221;675314&#8243;]<span class=\"en_style7\"><strong>Tenor<br \/>\nNationality<\/strong> Ukraine<br \/>\n<strong>Date of Birth<\/strong> 1990. 11. 17<\/span><\/p>\n<p><strong>Teachers<\/strong><br \/>\n\u2022 Tsyhylyk Oleg<\/p>\n<p><strong>Education<\/strong><br \/>\n\u2022 M. Lysenko L&#8217;viv National Musical Academy, L\u2019viv, Ukraine<\/p>\n<p><strong>Prizes<\/strong><br \/>\n\u2022 1<span class=\"first_second2\">st<\/span><span class=\"en_style7\"> Prize, Konkurs wokalny imena Jana Edwarda, Jozefiny Reszkow, Czestochowa, Poland in 2015<br \/>\n\u2022 1<\/span><span class=\"first_second2\">st<\/span><span class=\"en_style7\"> Prize, 48th International Antonin Dvorak Singing Competition, Junior Contest \u2013 Men, Karlovy Vary, Czech Republic in 2013<br \/>\n\u2022 1<\/span><span class=\"first_second2\">st<\/span><span class=\"en_style7\"> Prize, The International competition 21st Century Art (Solo Vocal), Kiev-Vorzel, Ukraine in 2012<\/span>[\/vc_column_text][\/vc_column_inner][vc_column_inner width=&#8221;2\/3&#8243;][vc_column_text text_lead=&#8221;small&#8221; uncode_shortcode_id=&#8221;218570&#8243;]<\/p>\n<p><strong>[Program]<br \/>\nAccompanist <\/strong>In Seon Lee<br \/>\n<strong>Final Round With<\/strong> Korean Symphony Orchestra(Conductor: Hogen Yun)<strong><br \/>\nFirst Round<\/strong><br \/>\n\u2022 <strong>A. Kos-Anatolskyy<\/strong> Oj ty, divchyno z horikha zernia(You, the lady, a nut\u2019s core)<br \/>\n\u2022 <strong>G. Puccini <\/strong>Nessun Dorma [Turrandot]<br \/>\n<strong>Second Round<\/strong><br \/>\n\u2022 <strong>G. Verdi <\/strong>La mia letizia infondere [I Lombardi Alla Prima Crociata]<br \/>\n\u2022 <strong>M. Arkas<\/strong> Ni, ne veselo nide [Kateryna]<br \/>\n<strong>Semifinal Round<\/strong><br \/>\n\u2022 <strong>A. Dvo\u0159\u00e1k<\/strong> Dejte klec jest\u0159\u00e1bu ze zlata ryz\u00e9ho, op.55, nr.7 (Give a Hawk a Fine Cage, op.55, nr.7)<br \/>\n\u2022 <strong>Yeon Jun Kim<\/strong> Cheongsane Sallira(To Live in the Green Mountains)<br \/>\n\u2022 <strong>W. A. Mozart<\/strong> Vedrommi intorno [Idomeneo]<br \/>\n\u2022 <strong>W. \u017bele\u0144skii<\/strong> Gdy \u015blub we\u017amiesz z swoim Stachem(When you marry your Stach) [Janek]<br \/>\n<strong>Final Round<\/strong><br \/>\n\u2022 <strong>G. Puccini<\/strong> E lucevan le stelle [Tosca]<br \/>\n\u2022 <strong>G. Verdi<\/strong> La mia letizia infondere [I Lombardi Alla Prima Crociata]<\/p>\n<p>[\/vc_column_text][\/vc_column_inner][\/vc_row_inner][\/vc_column][\/vc_row]<\/p>\n","protected":false},"excerpt":{"rendered":"<p>2016 Voice<\/p>\n","protected":false},"author":1,"featured_media":102353,"parent":0,"menu_order":0,"comment_status":"closed","ping_status":"closed","template":"","meta":[],"_links":{"self":[{"href":"http:\/\/seoulcompetition.com\/en\/wp-json\/wp\/v2\/pages\/103250"}],"collection":[{"href":"http:\/\/seoulcompetition.com\/en\/wp-json\/wp\/v2\/pages"}],"about":[{"href":"http:\/\/seoulcompetition.com\/en\/wp-json\/wp\/v2\/types\/page"}],"author":[{"embeddable":true,"href":"http:\/\/seoulcompetition.com\/en\/wp-json\/wp\/v2\/users\/1"}],"replies":[{"embeddable":true,"href":"http:\/\/seoulcompetition.com\/en\/wp-json\/wp\/v2\/comments?post=103250"}],"version-history":[{"count":1,"href":"http:\/\/seoulcompetition.com\/en\/wp-json\/wp\/v2\/pages\/103250\/revisions"}],"predecessor-version":[{"id":103251,"href":"http:\/\/seoulcompetition.com\/en\/wp-json\/wp\/v2\/pages\/103250\/revisions\/103251"}],"wp:featuredmedia":[{"embeddable":true,"href":"http:\/\/seoulcompetition.com\/en\/wp-json\/wp\/v2\/media\/102353"}],"wp:attachment":[{"href":"http:\/\/seoulcompetition.com\/en\/wp-json\/wp\/v2\/media?parent=103250"}],"curies":[{"name":"wp","href":"https:\/\/api.w.org\/{rel}","templated":true}]}}