{"id":103227,"date":"2022-02-15T03:35:56","date_gmt":"2022-02-15T03:35:56","guid":{"rendered":"http:\/\/seoulcompetition.com\/en\/?page_id=103227"},"modified":"2022-02-15T03:35:56","modified_gmt":"2022-02-15T03:35:56","slug":"1st-prize-mariya-kim","status":"publish","type":"page","link":"http:\/\/seoulcompetition.com\/en\/1st-prize-mariya-kim\/","title":{"rendered":"[1st Prize] Mariya KIM"},"content":{"rendered":"<p>[vc_row row_height_percent=&#8221;20&#8243; override_padding=&#8221;yes&#8221; h_padding=&#8221;2&#8243; top_padding=&#8221;4&#8243; bottom_padding=&#8221;3&#8243; back_color=&#8221;color-wayh&#8221; back_image=&#8221;102928&#8243; back_position=&#8221;center center&#8221; overlay_color=&#8221;color-jevc&#8221; overlay_alpha=&#8221;40&#8243; gutter_size=&#8221;3&#8243; column_width_percent=&#8221;100&#8243; shift_y=&#8221;0&#8243; z_index=&#8221;0&#8243; enable_top_divider=&#8221;default&#8221; top_divider=&#8221;gradient&#8221; shape_top_h_use_pixel=&#8221;true&#8221; shape_top_height_percent=&#8221;100&#8243; shape_top_color=&#8221;color-wayh&#8221; shape_top_opacity=&#8221;25&#8243; shape_top_index=&#8221;0&#8243; row_name=&#8221;Welcome&#8221; uncode_shortcode_id=&#8221;691338&#8243; back_color_type=&#8221;uncode-palette&#8221; overlay_color_type=&#8221;uncode-palette&#8221; shape_top_color_type=&#8221;uncode-palette&#8221; row_height_pixel=&#8221;120&#8243;][vc_column column_width_use_pixel=&#8221;yes&#8221; position_vertical=&#8221;middle&#8221; align_horizontal=&#8221;align_center&#8221; gutter_size=&#8221;3&#8243; style=&#8221;dark&#8221; overlay_alpha=&#8221;50&#8243; shift_x=&#8221;0&#8243; shift_y=&#8221;0&#8243; shift_y_down=&#8221;0&#8243; z_index=&#8221;0&#8243; medium_width=&#8221;0&#8243; mobile_width=&#8221;0&#8243; zoom_width=&#8221;0&#8243; zoom_height=&#8221;0&#8243; width=&#8221;1\/1&#8243; column_width_pixel=&#8221;900&#8243;][vc_custom_heading text_font=&#8221;font-136269&#8243; text_size=&#8221;fontsize-155944&#8243; text_weight=&#8221;400&#8243; text_space=&#8221;fontspace-781688&#8243; sub_lead=&#8221;yes&#8221; sub_reduced=&#8221;yes&#8221; uncode_shortcode_id=&#8221;604718&#8243; subheading=&#8221;Prize Winners&#8221;]2008 Piano[\/vc_custom_heading][\/vc_column][\/vc_row][vc_row row_height_percent=&#8221;0&#8243; override_padding=&#8221;yes&#8221; h_padding=&#8221;2&#8243; top_padding=&#8221;0&#8243; bottom_padding=&#8221;0&#8243; overlay_alpha=&#8221;50&#8243; gutter_size=&#8221;3&#8243; column_width_percent=&#8221;100&#8243; shift_y=&#8221;0&#8243; z_index=&#8221;0&#8243; mobile_visibility=&#8221;yes&#8221; uncode_shortcode_id=&#8221;204748&#8243;][vc_column width=&#8221;1\/1&#8243;][vc_empty_space empty_h=&#8221;3&#8243;][\/vc_column][\/vc_row][vc_row row_height_percent=&#8221;0&#8243; override_padding=&#8221;yes&#8221; h_padding=&#8221;1&#8243; top_padding=&#8221;0&#8243; bottom_padding=&#8221;2&#8243; overlay_alpha=&#8221;50&#8243; gutter_size=&#8221;0&#8243; column_width_percent=&#8221;100&#8243; shift_y=&#8221;0&#8243; z_index=&#8221;0&#8243; uncode_shortcode_id=&#8221;128758&#8243;][vc_column column_width_percent=&#8221;100&#8243; position_horizontal=&#8221;left&#8221; gutter_size=&#8221;3&#8243; overlay_alpha=&#8221;50&#8243; shift_x=&#8221;0&#8243; shift_y=&#8221;0&#8243; shift_y_down=&#8221;0&#8243; z_index=&#8221;0&#8243; medium_width=&#8221;0&#8243; mobile_width=&#8221;0&#8243; width=&#8221;1\/2&#8243; uncode_shortcode_id=&#8221;282015&#8243;][vc_single_image media=&#8221;102962&#8243; media_width_use_pixel=&#8221;yes&#8221; uncode_shortcode_id=&#8221;116432&#8243; media_width_pixel=&#8221;400&#8243;][\/vc_column][vc_column width=&#8221;1\/2&#8243;][vc_single_image media=&#8221;102963&#8243; media_width_use_pixel=&#8221;yes&#8221; uncode_shortcode_id=&#8221;628689&#8243; media_width_pixel=&#8221;400&#8243;][\/vc_column][\/vc_row][vc_row row_height_percent=&#8221;0&#8243; override_padding=&#8221;yes&#8221; h_padding=&#8221;1&#8243; top_padding=&#8221;0&#8243; bottom_padding=&#8221;2&#8243; overlay_alpha=&#8221;50&#8243; gutter_size=&#8221;4&#8243; column_width_percent=&#8221;100&#8243; shift_y=&#8221;0&#8243; z_index=&#8221;1&#8243; top_divider=&#8221;gradient&#8221; bottom_divider=&#8221;gradient&#8221; uncode_shortcode_id=&#8221;572689&#8243;][vc_column column_width_percent=&#8221;100&#8243; gutter_size=&#8221;2&#8243; overlay_alpha=&#8221;50&#8243; shift_x=&#8221;0&#8243; shift_y=&#8221;0&#8243; shift_y_down=&#8221;0&#8243; z_index=&#8221;0&#8243; medium_width=&#8221;0&#8243; mobile_width=&#8221;0&#8243; width=&#8221;1\/1&#8243;][vc_custom_heading heading_semantic=&#8221;h5&#8243; text_size=&#8221;h5&#8243; uncode_shortcode_id=&#8221;966867&#8243;][1st Prize] Mariya KIM[\/vc_custom_heading][vc_single_image media=&#8221;102964&#8243; media_lightbox=&#8221;yes&#8221; media_width_percent=&#8221;100&#8243; border=&#8221;yes&#8221; shadow=&#8221;yes&#8221; uncode_shortcode_id=&#8221;128871&#8243;][vc_row_inner][vc_column_inner width=&#8221;1\/3&#8243;][vc_column_text text_lead=&#8221;small&#8221; uncode_shortcode_id=&#8221;431864&#8243;]<span class=\"en_style7\"><strong>Nationality Ukraine<br \/>\nDate of Birth 1981. 6. 25<\/strong><\/span><\/p>\n<p>&nbsp;<\/p>\n<p class=\"en_style7\"><strong>Education<\/strong><br \/>\n\u2022 Currently, attending at Hochschule f\u00fcr Musik und Theater Hannover, Hannover, Germany<br \/>\n\u2022 Music School(Pre-College), Sevastopol, Ukraine<\/p>\n<p class=\"en_style7\"><strong>Teachers<\/strong> \u2022 Vladimir KRAINEV \u2022Tatiana KIM<\/p>\n<p class=\"en_style7\"><strong>Prize <\/strong><br \/>\n\u2022 4th Prize, Busoni International Piano Competition, Italy in 2007<br \/>\n\u2022 2nd Prize, International Piano Competition &#8220;Maria Callas Grand Prix&#8221;, Greece in 2006<br \/>\n\u2022 1st Prize, Paderewski International Piano Competition, Poland in 2004<\/p>\n<p>[\/vc_column_text][\/vc_column_inner][vc_column_inner width=&#8221;2\/3&#8243;][vc_column_text text_lead=&#8221;small&#8221; uncode_shortcode_id=&#8221;566929&#8243;]<\/p>\n<p><strong>[Programme ]<br \/>\n1st Stage<\/strong><br \/>\n\u2022 M. Clementi &#8211; Sonata in B flat Major, Op.24 No.2<br \/>\n\u2022 F. Liszt &#8211; Hungarian Rhapsody No.12 in c sharp minor, S.244<\/p>\n<p><strong>2nd Stage<\/strong><br \/>\n\u2022 W. A. Mozart &#8211; Rondo in D Major, KV.485<br \/>\n\u2022 E. Granados &#8211; Goyescas: Quejas o la Maja y el Ruisenor<br \/>\n\u2022 S. Prokofiev &#8211; Sonata in A Major, Op.82<\/p>\n<p><strong>Semifinal Stage<\/strong><br \/>\n\u2022 J. S. Bach\/F. Busoni &#8211; Chaconne in d minor<br \/>\n\u2022 L. v. Beethoven &#8211; Sonata No.26 E flat Major, Op.81a &#8216;Les Adieux&#8217;<br \/>\n\u2022 CHOE U Zong &#8211; Pr\u00e9lude XIII<br \/>\n\u2022 S. Rachmaninov &#8211; 6 Moments Musicaux, Op.16 No.5 in D flat Major<br \/>\n\u2022 S. Rachmaninov &#8211; Sonata No.2 in b flat minor, Op.36<\/p>\n<p><strong>Final Stage<\/strong><br \/>\n\u2022 S. Rachmaninov &#8211; Concerto No.2 in c minor, Op.18<\/p>\n<p>[\/vc_column_text][\/vc_column_inner][\/vc_row_inner][\/vc_column][\/vc_row][vc_row row_height_percent=&#8221;0&#8243; override_padding=&#8221;yes&#8221; h_padding=&#8221;1&#8243; top_padding=&#8221;1&#8243; bottom_padding=&#8221;2&#8243; overlay_alpha=&#8221;50&#8243; gutter_size=&#8221;4&#8243; column_width_percent=&#8221;100&#8243; shift_y=&#8221;0&#8243; z_index=&#8221;1&#8243; top_divider=&#8221;gradient&#8221; bottom_divider=&#8221;gradient&#8221; uncode_shortcode_id=&#8221;135788&#8243;][vc_column column_width_percent=&#8221;100&#8243; gutter_size=&#8221;2&#8243; overlay_alpha=&#8221;50&#8243; shift_x=&#8221;0&#8243; shift_y=&#8221;0&#8243; shift_y_down=&#8221;0&#8243; z_index=&#8221;0&#8243; medium_width=&#8221;0&#8243; mobile_width=&#8221;0&#8243; width=&#8221;1\/1&#8243;][vc_custom_heading heading_semantic=&#8221;h5&#8243; text_size=&#8221;h5&#8243; uncode_shortcode_id=&#8221;131815&#8243;][2nd Prize] Alexej GORLATCH[\/vc_custom_heading][vc_single_image media=&#8221;102965&#8243; media_lightbox=&#8221;yes&#8221; media_width_percent=&#8221;100&#8243; border=&#8221;yes&#8221; shadow=&#8221;yes&#8221; uncode_shortcode_id=&#8221;111051&#8243;][vc_row_inner][vc_column_inner width=&#8221;1\/3&#8243;][vc_column_text text_lead=&#8221;small&#8221; uncode_shortcode_id=&#8221;730861&#8243;]<span class=\"en_style7\"><strong>Nationality Ukraine<br \/>\n<\/strong><\/span><\/p>\n<p>Date of Birth 1988. 5.23<\/p>\n<p class=\"en_style7\"><strong>Education <\/strong><br \/>\n\u2022 Currently, attending at Hochschule f\u00fcr Musik und Theater Hannover, Hannover, Germany<br \/>\n\u2022 Universit\u00e4t der K\u00fcnste Berlin(Pre-College), Berlin, Germany<br \/>\n\u2022 Music School(Pre-College), Passau, Germany<\/p>\n<p class=\"en_style7\"><strong>Teachers<\/strong> \u2022 Martin HUGHES \u2022Karl-Heinz K\u00c4MMERLING<\/p>\n<p><span class=\"en_style7\"><strong>Prize <\/strong><br \/>\n\u2022 1st Prize, Hamamatsu International Piano Competition, Hamamatsu, Japan in 2006<br \/>\n\u2022 1st Prize, International Everding Competition, M\u00fcnchen, Germany in 2006<br \/>\n\u2022 Semifinal, International Chopin Competition, Warsaw, Poland in 2005<\/span><\/p>\n<p>[\/vc_column_text][\/vc_column_inner][vc_column_inner width=&#8221;2\/3&#8243;][vc_column_text text_lead=&#8221;small&#8221; uncode_shortcode_id=&#8221;768848&#8243;]<\/p>\n<p><strong>[Programme]<br \/>\n1st Stage<\/strong><br \/>\n\u2022 F. Chopin &#8211; Polonaise in A flat Major, Op.53 &#8216;Heroic&#8217;<br \/>\n\u2022 F. Chopin &#8211; Nocturne in c minor, Op.48\/1<br \/>\n\u2022 B. Bart\u00f3k &#8211; From &#8216;Out of Doors&#8217; Suite, Sz.81:<br \/>\n&#8216;With Drums and Pipes&#8217;<br \/>\n&#8216;The Night&#8217;s Music&#8217;<br \/>\n&#8216;The Chase&#8217;<\/p>\n<p><strong>2nd Stage<\/strong><br \/>\n\u2022 W. A. Mozart &#8211; Fantasie in c minor, KV.475<br \/>\n\u2022 R. Schumann &#8211; Fantasiest\u00fccke, Op.12<\/p>\n<p><strong>Semifinal Stage<\/strong><br \/>\n\u2022 L. v. Beethoven &#8211; Sonata No.28 in A Major, Op.101<br \/>\n\u2022 F. Chopin &#8211; 12 Etudes, Op.10<br \/>\n\u2022 LIM Jie Sun &#8211; A Poem about Spring<\/p>\n<p><strong>Final Stage<\/strong><br \/>\n\u2022 L. v. Beethoven &#8211; Concerto No.5 in E flat Major, Op.73 &#8216;Emperor&#8217;<\/p>\n<p>[\/vc_column_text][\/vc_column_inner][\/vc_row_inner][\/vc_column][\/vc_row][vc_row row_height_percent=&#8221;0&#8243; override_padding=&#8221;yes&#8221; h_padding=&#8221;1&#8243; top_padding=&#8221;1&#8243; bottom_padding=&#8221;2&#8243; overlay_alpha=&#8221;50&#8243; gutter_size=&#8221;4&#8243; column_width_percent=&#8221;100&#8243; shift_y=&#8221;0&#8243; z_index=&#8221;1&#8243; top_divider=&#8221;gradient&#8221; bottom_divider=&#8221;gradient&#8221; uncode_shortcode_id=&#8221;135788&#8243;][vc_column column_width_percent=&#8221;100&#8243; gutter_size=&#8221;2&#8243; overlay_alpha=&#8221;50&#8243; shift_x=&#8221;0&#8243; shift_y=&#8221;0&#8243; shift_y_down=&#8221;0&#8243; z_index=&#8221;0&#8243; medium_width=&#8221;0&#8243; mobile_width=&#8221;0&#8243; width=&#8221;1\/1&#8243;][vc_custom_heading heading_semantic=&#8221;h5&#8243; text_size=&#8221;h5&#8243; uncode_shortcode_id=&#8221;188131&#8243;][3rd Prize] Alexej KIM Tae Hyung[\/vc_custom_heading][vc_single_image media=&#8221;102966&#8243; media_lightbox=&#8221;yes&#8221; media_width_percent=&#8221;100&#8243; border=&#8221;yes&#8221; shadow=&#8221;yes&#8221; uncode_shortcode_id=&#8221;124715&#8243;][vc_row_inner][vc_column_inner width=&#8221;1\/3&#8243;][vc_column_text text_lead=&#8221;small&#8221; uncode_shortcode_id=&#8221;131345&#8243;]<span class=\"en_style7\"><strong>Nationality Korea<br \/>\nDate of Birth 1985. 5. 22<\/strong><\/span><\/p>\n<p>&nbsp;<\/p>\n<p class=\"en_style7\"><strong>Education <\/strong><br \/>\n\u2022 B.M., Korean National University of Arts, Seoul, Korea<br \/>\n\u2022 Seoul Arts High School, Seoul, Korea<\/p>\n<p class=\"en_style7\"><strong>Teachers<\/strong> \u2022 KANG Choong Mo<\/p>\n<p class=\"en_style7\"><strong>Prize <\/strong><br \/>\n\u2022 3rd Prize, Hamamatsu International Piano Competition, Hamamatsu, Japan in 2006<br \/>\n\u2022 1st Prize\/Prize for Best Interpretation of Beethoven Sonata,<br \/>\nCity of Porto International Piano Competition, Porto, Portugal in 2004<br \/>\n\u2022 2nd Prize, Jeunesses Musicales International Competition, Belgrade, Serbia &amp; Montenegro in 2004<\/p>\n<p>[\/vc_column_text][\/vc_column_inner][vc_column_inner width=&#8221;2\/3&#8243;][vc_column_text text_lead=&#8221;small&#8221; uncode_shortcode_id=&#8221;185049&#8243;]<\/p>\n<p><strong>[Programme]<\/strong><br \/>\n<strong>1st Stage<\/strong><br \/>\n\u2022 J. S. Bach &#8211; Chromatic Fantasia &amp; Fugue in d minor, BWV.903<br \/>\n\u2022 C. Saint-Sa\u00ebns\/F. Liszt\/V. Horowitz &#8211; Danse Macabre<\/p>\n<p><strong>2nd Stage<\/strong><br \/>\n\u2022 W. A. Mozart &#8211; Sonata in B flat Major, KV.570<br \/>\n\u2022 F. Liszt &#8211; Ann\u00e9es de P\u00e9lerinage:Vall\u00e9e D&#8217;obermann<br \/>\n\u2022 A. Scriabin &#8211; Sonata No.4 in F sharp Major, Op.30<\/p>\n<p><strong>Semifinal Stage<\/strong><br \/>\n\u2022 L. v. Beethoven &#8211; Sonata No.24 in F sharp Major, Op.78<br \/>\n\u2022 M. Ravel &#8211; Jeux d&#8217;eau<br \/>\n\u2022 F. Kreisler\/S. Rachmaninov &#8211; Liebesfreud<br \/>\n\u2022 KIM Sung Ki &#8211; Nori for Piano<br \/>\n\u2022 J. Brahms &#8211; Sonata No.3 in f minor, Op.5<\/p>\n<p><strong>Final Stage<\/strong><br \/>\n\u2022 P. I. Tchaikovsky &#8211; Concerto No.1 in b flat minor, Op.23<\/p>\n<p>[\/vc_column_text][\/vc_column_inner][\/vc_row_inner][\/vc_column][\/vc_row][vc_row row_height_percent=&#8221;0&#8243; override_padding=&#8221;yes&#8221; h_padding=&#8221;1&#8243; top_padding=&#8221;1&#8243; bottom_padding=&#8221;2&#8243; overlay_alpha=&#8221;50&#8243; gutter_size=&#8221;4&#8243; column_width_percent=&#8221;100&#8243; shift_y=&#8221;0&#8243; z_index=&#8221;1&#8243; top_divider=&#8221;gradient&#8221; bottom_divider=&#8221;gradient&#8221; uncode_shortcode_id=&#8221;135788&#8243;][vc_column column_width_percent=&#8221;100&#8243; gutter_size=&#8221;2&#8243; overlay_alpha=&#8221;50&#8243; shift_x=&#8221;0&#8243; shift_y=&#8221;0&#8243; shift_y_down=&#8221;0&#8243; z_index=&#8221;0&#8243; medium_width=&#8221;0&#8243; mobile_width=&#8221;0&#8243; width=&#8221;1\/1&#8243;][vc_custom_heading heading_semantic=&#8221;h5&#8243; text_size=&#8221;h5&#8243; uncode_shortcode_id=&#8221;440550&#8243;][4th Prize] Alexej Eric ZUBER[\/vc_custom_heading][vc_single_image media=&#8221;102967&#8243; media_lightbox=&#8221;yes&#8221; media_width_percent=&#8221;100&#8243; border=&#8221;yes&#8221; shadow=&#8221;yes&#8221; uncode_shortcode_id=&#8221;769016&#8243;][vc_row_inner][vc_column_inner width=&#8221;1\/3&#8243;][vc_column_text text_lead=&#8221;small&#8221; uncode_shortcode_id=&#8221;633907&#8243;]<\/p>\n<p><span class=\"en_style7\"><strong>Nationality USA<br \/>\nDate of Birth 1985. 6. 9<\/strong><\/span><\/p>\n<p>&nbsp;<\/p>\n<p class=\"en_style7\"><strong>Education<\/strong><br \/>\n\u2022 Currently, attending at The Peabody Conservatory of Music, MD, USA(Artist Diploma)<br \/>\n\u2022 Diploma, The Curtis Institute of Music, PA, USA<br \/>\n\u2022 B.M., The Peabody Conservatory of Music, MD, USA<\/p>\n<p class=\"en_style7\"><strong>Teachers<\/strong> \u2022 Boris SLUTSKY \u2022Leon FLEISHER \u2022Claude FRANK<\/p>\n<p class=\"en_style7\"><strong>Prize <\/strong><br \/>\n\u2022 1st Prize, Hilton Head International Piano Competition, SC, USA in 2007<br \/>\n\u2022 1st Prize, International Young Artists Piano Competition, WA, USA in 2006<br \/>\n\u2022 2nd Prize, California International Piano Competition, CA, USA in 2006<\/p>\n<p>[\/vc_column_text][\/vc_column_inner][vc_column_inner width=&#8221;2\/3&#8243;][vc_column_text text_lead=&#8221;small&#8221; uncode_shortcode_id=&#8221;182185&#8243;]<\/p>\n<p><strong>[Programme]<br \/>\n1st Stage<\/strong><br \/>\n\u2022 D. Scarlatti &#8211; Sonata in b minor, K.87 Sonata in E Major, K.135<br \/>\n\u2022 K. Szymanowski &#8211; 3 Mazurkas, Op.50<br \/>\n\u2022 F. Chopin &#8211; Andante Spianato and Grand Polonaise, Op.22<\/p>\n<p><strong>2nd Stage<\/strong><br \/>\n\u2022 W. A. Mozart &#8211; Sonata in Major, KV.330<br \/>\n\u2022 M. Ravel &#8211; Gaspard de la Nuit:Ondine<br \/>\n\u2022 P. I. Tchaikovsky &#8211; Concert Suite from &#8216;The Nutcracker&#8217;,<br \/>\nTransc Mikhail Pletnev<\/p>\n<p><strong>Semifinal Stage<\/strong><br \/>\n\u2022 L. v. Beethoven &#8211; Sonata No.31 in A flat Major, Op.110<br \/>\n\u2022 KIM Sung Ki &#8211; Nori for Piano<br \/>\n\u2022 F. Schubert &#8211; Impromptu No.3 in G flat Major, Op.90<br \/>\n\u2022 F. Liszt &#8211; Sonata in b minor, S.178<\/p>\n<p><strong>Final Stage<\/strong><br \/>\n\u2022 P. I. Tchaikovsky &#8211; Concerto No.1 in b flat minor, Op.23<\/p>\n<p>[\/vc_column_text][\/vc_column_inner][\/vc_row_inner][\/vc_column][\/vc_row][vc_row row_height_percent=&#8221;0&#8243; override_padding=&#8221;yes&#8221; h_padding=&#8221;1&#8243; top_padding=&#8221;1&#8243; bottom_padding=&#8221;2&#8243; overlay_alpha=&#8221;50&#8243; gutter_size=&#8221;4&#8243; column_width_percent=&#8221;100&#8243; shift_y=&#8221;0&#8243; z_index=&#8221;1&#8243; top_divider=&#8221;gradient&#8221; bottom_divider=&#8221;gradient&#8221; uncode_shortcode_id=&#8221;135788&#8243;][vc_column column_width_percent=&#8221;100&#8243; gutter_size=&#8221;2&#8243; overlay_alpha=&#8221;50&#8243; shift_x=&#8221;0&#8243; shift_y=&#8221;0&#8243; shift_y_down=&#8221;0&#8243; z_index=&#8221;0&#8243; medium_width=&#8221;0&#8243; mobile_width=&#8221;0&#8243; width=&#8221;1\/1&#8243;][vc_custom_heading heading_semantic=&#8221;h5&#8243; text_size=&#8221;h5&#8243; uncode_shortcode_id=&#8221;126546&#8243;][4th Prize] LIM Hyo Sun[\/vc_custom_heading][vc_single_image media=&#8221;102968&#8243; media_lightbox=&#8221;yes&#8221; media_width_percent=&#8221;100&#8243; border=&#8221;yes&#8221; shadow=&#8221;yes&#8221; uncode_shortcode_id=&#8221;707872&#8243;][vc_row_inner][vc_column_inner width=&#8221;1\/3&#8243;][vc_column_text text_lead=&#8221;small&#8221; uncode_shortcode_id=&#8221;148368&#8243;]<\/p>\n<p><span class=\"en_style7\"><strong>Nationality Korea<br \/>\nDate of Birth 1981. 4. 5<\/strong><\/span><\/p>\n<p>&nbsp;<\/p>\n<p class=\"en_style7\"><strong>Education <\/strong><br \/>\n\u2022 Currently, attending at Hochschule f\u00fcr Musik und Theater Hannover, Hannover, Germany(Konzertexamen)<br \/>\n\u2022 Diploma, Imola International Piano Academy, Imola, Italy<br \/>\n\u2022 B.M., The Curtis Institute of Music, PA, USA<\/p>\n<p class=\"en_style7\"><strong>Teachers<\/strong> \u2022 Arie VARDI \u2022Leonid MARGARIUS \u2022Gary GRAFFMAN<\/p>\n<p class=\"en_style7\"><strong>Prize<\/strong><br \/>\n\u2022 5th Prize, Queen Elisabeth International Music Competition, Brussels, Belgium in 2007<br \/>\n\u2022 Prize Winner &amp; Special Prize for late Beethoven works, Beethoven International Piano Competition, Vienna, Austria in 2005<br \/>\n\u2022 1st Prize &amp; Special Prize &amp; Audience Prize, &#8220;G. B. Viotti&#8221; International Music Competition,<br \/>\nVercelli, Italy in 2003<\/p>\n<p>&nbsp;<\/p>\n<p>[\/vc_column_text][\/vc_column_inner][vc_column_inner width=&#8221;2\/3&#8243;][vc_column_text text_lead=&#8221;small&#8221; uncode_shortcode_id=&#8221;142269&#8243;]<\/p>\n<p><strong>[Programme]<br \/>\n1st Stage<\/strong><br \/>\n\u2022 L. v. Beethoven &#8211; 32 Variations in c minor, WoO.80<br \/>\n\u2022 F. Liszt &#8211; Zwei Konzert &#8211; Etuden: II. Gnomenreigen, S.145<br \/>\n\u2022 S. Prokofiev &#8211; Sonata No.3 in a minor, Op.28<\/p>\n<p><strong>2nd Stage <\/strong><br \/>\n\u2022 J. Haydn &#8211; Sonata in D Major, Hob. XVI:37<br \/>\n\u2022 F. Chopin &#8211; Sonata No.3 in b minor, Op.58<\/p>\n<p><strong>Semifinal Stage<\/strong><br \/>\n\u2022 W. A. Mozart &#8211; Variation on a Minuet by Duport, KV.573<br \/>\n\u2022 L. v. Beethoven &#8211; Sonata No.5 in c minor, Op.10\/1<br \/>\n\u2022 KIM Sung Ki &#8211; Nori for Piano<br \/>\n\u2022 R. Schumann &#8211; Humoreske, Op.20<\/p>\n<p><strong>Final Stage<\/strong><br \/>\n\u2022 S. Rachmaninov &#8211; Concerto No.3 in d minor, Op.30<\/p>\n<p>&nbsp;<\/p>\n<p>[\/vc_column_text][\/vc_column_inner][\/vc_row_inner][\/vc_column][\/vc_row][vc_row row_height_percent=&#8221;0&#8243; override_padding=&#8221;yes&#8221; h_padding=&#8221;1&#8243; top_padding=&#8221;1&#8243; bottom_padding=&#8221;2&#8243; overlay_alpha=&#8221;50&#8243; gutter_size=&#8221;4&#8243; column_width_percent=&#8221;100&#8243; shift_y=&#8221;0&#8243; z_index=&#8221;1&#8243; top_divider=&#8221;gradient&#8221; bottom_divider=&#8221;gradient&#8221; uncode_shortcode_id=&#8221;135788&#8243;][vc_column column_width_percent=&#8221;100&#8243; gutter_size=&#8221;2&#8243; overlay_alpha=&#8221;50&#8243; shift_x=&#8221;0&#8243; shift_y=&#8221;0&#8243; shift_y_down=&#8221;0&#8243; z_index=&#8221;0&#8243; medium_width=&#8221;0&#8243; mobile_width=&#8221;0&#8243; width=&#8221;1\/1&#8243;][vc_custom_heading heading_semantic=&#8221;h5&#8243; text_size=&#8221;h5&#8243; uncode_shortcode_id=&#8221;155388&#8243;][6th Prize] Mariana PRJEVALSKAIA[\/vc_custom_heading][vc_single_image media=&#8221;102969&#8243; media_lightbox=&#8221;yes&#8221; media_width_percent=&#8221;100&#8243; border=&#8221;yes&#8221; shadow=&#8221;yes&#8221; uncode_shortcode_id=&#8221;190811&#8243;][vc_row_inner][vc_column_inner width=&#8221;1\/3&#8243;][vc_column_text text_lead=&#8221;small&#8221; uncode_shortcode_id=&#8221;862331&#8243;]<\/p>\n<p class=\"en_style7\"><strong>Nationality Spain<br \/>\nDate of Birth 1982. 5. 28<\/strong><\/p>\n<p class=\"en_style7\"><strong>Education<\/strong><br \/>\n\u2022 M.M., Yale University(School of Music), CT, USA<br \/>\n\u2022 Artist Diploma, Indiana University South Bend, IN, USA<br \/>\n\u2022 B.M., Royal College of Music, London, UK<br \/>\n\u2022 Conservatory of Music(Pre-College), La coru\u00f1a, Spain<\/p>\n<p class=\"en_style7\"><strong>Teachers<\/strong> \u2022 Boris BERMAN \u2022Alexander TORADZE \u2022Irina ZARITSKAYA<\/p>\n<p><span class=\"en_style7\"><strong>Prize <\/strong><br \/>\n\u2022 3rd Prize, Paderewski International Piano Competition, Bydgoszcz, Poland in 2007<br \/>\n\u2022 2nd Prize, Young Concert Artists Internatinoal Auditions, NY, USA in 2004<br \/>\n\u2022 1st Prize, Prize, Dudley International Piano Competition, UK in 2003<\/span><\/p>\n<p>&nbsp;<\/p>\n<p>[\/vc_column_text][\/vc_column_inner][vc_column_inner width=&#8221;2\/3&#8243;][vc_column_text text_lead=&#8221;small&#8221; uncode_shortcode_id=&#8221;212892&#8243;]<\/p>\n<p><strong>[Programme]<br \/>\n1st Stage<\/strong><br \/>\n\u2022 D. Scarlatti &#8211; Sonata in E Major, K.380<br \/>\n\u2022 D. Scarlatti &#8211; Sonata in F Major, K.365<br \/>\n\u2022 R. Schumann &#8211; Sonata No.2 in g minor, Op.22<\/p>\n<p><strong>2nd Stage <\/strong><br \/>\n\u2022 J. Haydn &#8211; Andante and Variations in f minor Hob. XVI:7<br \/>\n\u2022 S. Prokofiev &#8211; Sonata No.8 in B flat Major, Op.84<br \/>\n<strong><br \/>\nSemifinal Stage<\/strong><br \/>\n\u2022 L. v. Beethoven &#8211; Sonata No.26 in E flat Major, Op.81a &#8216;Les A&#8217;dieux&#8217;<br \/>\n\u2022 KIM Sung Ki &#8211; Nori for Piano<br \/>\n\u2022 S. Rachmaninov &#8211; Variations on the Theme by Chopin Op.22<br \/>\n<strong><br \/>\nFinal Stage<\/strong><br \/>\n\u2022 F. Chopin &#8211; Concerto No.1 in e minor, Op.11<\/p>\n<p>&nbsp;<\/p>\n<p>[\/vc_column_text][\/vc_column_inner][\/vc_row_inner][\/vc_column][\/vc_row]<\/p>\n","protected":false},"excerpt":{"rendered":"<p>2008 Piano<\/p>\n","protected":false},"author":1,"featured_media":102964,"parent":0,"menu_order":0,"comment_status":"closed","ping_status":"closed","template":"","meta":[],"_links":{"self":[{"href":"http:\/\/seoulcompetition.com\/en\/wp-json\/wp\/v2\/pages\/103227"}],"collection":[{"href":"http:\/\/seoulcompetition.com\/en\/wp-json\/wp\/v2\/pages"}],"about":[{"href":"http:\/\/seoulcompetition.com\/en\/wp-json\/wp\/v2\/types\/page"}],"author":[{"embeddable":true,"href":"http:\/\/seoulcompetition.com\/en\/wp-json\/wp\/v2\/users\/1"}],"replies":[{"embeddable":true,"href":"http:\/\/seoulcompetition.com\/en\/wp-json\/wp\/v2\/comments?post=103227"}],"version-history":[{"count":1,"href":"http:\/\/seoulcompetition.com\/en\/wp-json\/wp\/v2\/pages\/103227\/revisions"}],"predecessor-version":[{"id":103228,"href":"http:\/\/seoulcompetition.com\/en\/wp-json\/wp\/v2\/pages\/103227\/revisions\/103228"}],"wp:featuredmedia":[{"embeddable":true,"href":"http:\/\/seoulcompetition.com\/en\/wp-json\/wp\/v2\/media\/102964"}],"wp:attachment":[{"href":"http:\/\/seoulcompetition.com\/en\/wp-json\/wp\/v2\/media?parent=103227"}],"curies":[{"name":"wp","href":"https:\/\/api.w.org\/{rel}","templated":true}]}}