{"id":103215,"date":"2022-02-15T02:53:25","date_gmt":"2022-02-15T02:53:25","guid":{"rendered":"http:\/\/seoulcompetition.com\/en\/?page_id=103215"},"modified":"2022-02-16T03:32:48","modified_gmt":"2022-02-16T03:32:48","slug":"1st-prize-aviram-reichert","status":"publish","type":"page","link":"http:\/\/seoulcompetition.com\/en\/1st-prize-aviram-reichert\/","title":{"rendered":"[1st Prize] Aviram REICHERT"},"content":{"rendered":"<p>[vc_row row_height_percent=&#8221;20&#8243; override_padding=&#8221;yes&#8221; h_padding=&#8221;2&#8243; top_padding=&#8221;4&#8243; bottom_padding=&#8221;3&#8243; back_color=&#8221;color-wayh&#8221; back_image=&#8221;103149&#8243; back_position=&#8221;center center&#8221; overlay_color=&#8221;color-jevc&#8221; overlay_alpha=&#8221;40&#8243; gutter_size=&#8221;3&#8243; column_width_percent=&#8221;100&#8243; shift_y=&#8221;0&#8243; z_index=&#8221;0&#8243; enable_top_divider=&#8221;default&#8221; top_divider=&#8221;gradient&#8221; shape_top_h_use_pixel=&#8221;true&#8221; shape_top_height_percent=&#8221;100&#8243; shape_top_color=&#8221;color-wayh&#8221; shape_top_opacity=&#8221;25&#8243; shape_top_index=&#8221;0&#8243; row_name=&#8221;Welcome&#8221; uncode_shortcode_id=&#8221;138837&#8243; back_color_type=&#8221;uncode-palette&#8221; overlay_color_type=&#8221;uncode-palette&#8221; shape_top_color_type=&#8221;uncode-palette&#8221; row_height_pixel=&#8221;120&#8243; shape_dividers=&#8221;&#8221;][vc_column column_width_use_pixel=&#8221;yes&#8221; position_vertical=&#8221;middle&#8221; align_horizontal=&#8221;align_center&#8221; gutter_size=&#8221;3&#8243; style=&#8221;dark&#8221; overlay_alpha=&#8221;50&#8243; shift_x=&#8221;0&#8243; shift_y=&#8221;0&#8243; shift_y_down=&#8221;0&#8243; z_index=&#8221;0&#8243; medium_width=&#8221;0&#8243; mobile_width=&#8221;0&#8243; zoom_width=&#8221;0&#8243; zoom_height=&#8221;0&#8243; width=&#8221;1\/1&#8243; column_width_pixel=&#8221;900&#8243;][vc_custom_heading text_font=&#8221;font-136269&#8243; text_size=&#8221;fontsize-155944&#8243; text_weight=&#8221;400&#8243; text_space=&#8221;fontspace-781688&#8243; sub_lead=&#8221;yes&#8221; sub_reduced=&#8221;yes&#8221; uncode_shortcode_id=&#8221;201856&#8243; subheading=&#8221;Prize Winners&#8221;]1996 Piano[\/vc_custom_heading][\/vc_column][\/vc_row][vc_row row_height_percent=&#8221;0&#8243; override_padding=&#8221;yes&#8221; h_padding=&#8221;2&#8243; top_padding=&#8221;0&#8243; bottom_padding=&#8221;0&#8243; overlay_alpha=&#8221;50&#8243; gutter_size=&#8221;3&#8243; column_width_percent=&#8221;100&#8243; shift_y=&#8221;0&#8243; z_index=&#8221;0&#8243; mobile_visibility=&#8221;yes&#8221; uncode_shortcode_id=&#8221;204748&#8243;][vc_column width=&#8221;1\/1&#8243;][vc_empty_space empty_h=&#8221;3&#8243;][\/vc_column][\/vc_row][vc_row row_height_percent=&#8221;0&#8243; override_padding=&#8221;yes&#8221; h_padding=&#8221;1&#8243; top_padding=&#8221;0&#8243; bottom_padding=&#8221;2&#8243; overlay_alpha=&#8221;50&#8243; gutter_size=&#8221;0&#8243; column_width_percent=&#8221;100&#8243; shift_y=&#8221;0&#8243; z_index=&#8221;0&#8243; uncode_shortcode_id=&#8221;128758&#8243;][vc_column column_width_percent=&#8221;100&#8243; position_horizontal=&#8221;left&#8221; gutter_size=&#8221;3&#8243; overlay_alpha=&#8221;50&#8243; shift_x=&#8221;0&#8243; shift_y=&#8221;0&#8243; shift_y_down=&#8221;0&#8243; z_index=&#8221;0&#8243; medium_width=&#8221;0&#8243; mobile_width=&#8221;0&#8243; width=&#8221;1\/2&#8243; uncode_shortcode_id=&#8221;282015&#8243;][vc_single_image media=&#8221;103170&#8243; media_width_use_pixel=&#8221;yes&#8221; uncode_shortcode_id=&#8221;206024&#8243; media_width_pixel=&#8221;400&#8243;][\/vc_column][vc_column width=&#8221;1\/2&#8243;][vc_single_image media=&#8221;103171&#8243; media_width_use_pixel=&#8221;yes&#8221; uncode_shortcode_id=&#8221;210046&#8243; media_width_pixel=&#8221;400&#8243;][\/vc_column][\/vc_row][vc_row row_height_percent=&#8221;0&#8243; override_padding=&#8221;yes&#8221; h_padding=&#8221;1&#8243; top_padding=&#8221;0&#8243; bottom_padding=&#8221;2&#8243; overlay_alpha=&#8221;50&#8243; gutter_size=&#8221;4&#8243; column_width_percent=&#8221;100&#8243; shift_y=&#8221;0&#8243; z_index=&#8221;1&#8243; top_divider=&#8221;gradient&#8221; bottom_divider=&#8221;gradient&#8221; uncode_shortcode_id=&#8221;572689&#8243;][vc_column column_width_percent=&#8221;100&#8243; gutter_size=&#8221;2&#8243; overlay_alpha=&#8221;50&#8243; shift_x=&#8221;0&#8243; shift_y=&#8221;0&#8243; shift_y_down=&#8221;0&#8243; z_index=&#8221;0&#8243; medium_width=&#8221;0&#8243; mobile_width=&#8221;0&#8243; width=&#8221;1\/1&#8243;][vc_custom_heading heading_semantic=&#8221;h5&#8243; text_size=&#8221;h5&#8243; uncode_shortcode_id=&#8221;159088&#8243;][1st Prize] Aviram REICHERT[\/vc_custom_heading][vc_single_image media=&#8221;103173&#8243; media_lightbox=&#8221;yes&#8221; media_width_percent=&#8221;100&#8243; border=&#8221;yes&#8221; shadow=&#8221;yes&#8221; uncode_shortcode_id=&#8221;370949&#8243;][vc_row_inner][vc_column_inner width=&#8221;1\/3&#8243;][vc_column_text text_lead=&#8221;small&#8221; uncode_shortcode_id=&#8221;656021&#8243;]<\/p>\n<p><span class=\"en_style7\"><strong>Nationality Israel<br \/>\nDate of Birth 1971. 3. 10<\/strong><\/span><\/p>\n<p>&nbsp;<\/p>\n<p class=\"en_style7\"><strong>Education <\/strong><br \/>\n\u2022 Rubin Academy of Music, Tei Aviv, Israel<\/p>\n<p class=\"en_style7\"><strong>Teachers<\/strong> \u2022Arie VARDI \u2022 Hadassa BEN-HAIM<\/p>\n<p class=\"style5\"><span class=\"en_style7\"><strong>Prize<\/strong><br \/>\n\u2022 2nd Prize, International Music Competition of Japan, Japan in 1995<br \/>\n\u20221st Prize, Epinal International Piano Competition, France in 1995<br \/>\n\u20223rd Prize, Bremen International Piano Competition, Germany in 1993 <\/span><\/p>\n<p>[\/vc_column_text][\/vc_column_inner][vc_column_inner width=&#8221;2\/3&#8243;][vc_column_text text_lead=&#8221;small&#8221; uncode_shortcode_id=&#8221;704553&#8243;]<\/p>\n<p class=\"en_style7\"><strong>[Programme]<\/strong><\/p>\n<p class=\"en_style7\"><strong>First Stage <\/strong><br \/>\n\u2022 W. A. Mozart &#8211; 6 Variation in F Major &#8220;Salve tu, Domine&#8221;K.416e(398)<br \/>\n\u2022 F. Chopin \u2013 Etude in b minor Op.25-10<br \/>\n\u2022 F. P. Liszt \u2013 Paganini Etude No.4 in E Major<br \/>\n\u2022 A. Skriabin \u2013 Etude in B Major Op.8-4<\/p>\n<p class=\"en_style7\"><strong>Second Stage <\/strong><br \/>\n\u2022 J. S. Bach \u2013 Das wohltemperierte Klavier Book I No.13 in F sharp Major<br \/>\n\u2022 F. P. Shubert \u2013 Sonata in a minor<br \/>\n\u2022 YUN I Sang \u2013 F\u00fcnf St\u00fccke f\u00fcr Klavier<\/p>\n<p class=\"en_style7\"><strong>Semifinal Stage <\/strong><br \/>\n\u2022 L. v. Beethoven \u2013 Sonata No.30 in E Major Op.109<br \/>\n\u2022 A. Skriabin \u2013 Sonata No.5 Op.53<br \/>\n\u2022 F. P. Shubert \u2013 Sonata in c minor Op.posth<\/p>\n<p><span class=\"en_style7\"><strong>Final Stage<\/strong><br \/>\n\u2022 S. Prokofiev \u2013 Piano Concerto No.3 in C Major Op.26<\/span><\/p>\n<p>[\/vc_column_text][\/vc_column_inner][\/vc_row_inner][\/vc_column][\/vc_row][vc_row row_height_percent=&#8221;0&#8243; override_padding=&#8221;yes&#8221; h_padding=&#8221;1&#8243; top_padding=&#8221;1&#8243; bottom_padding=&#8221;2&#8243; overlay_alpha=&#8221;50&#8243; gutter_size=&#8221;4&#8243; column_width_percent=&#8221;100&#8243; shift_y=&#8221;0&#8243; z_index=&#8221;1&#8243; top_divider=&#8221;gradient&#8221; bottom_divider=&#8221;gradient&#8221; uncode_shortcode_id=&#8221;135788&#8243;][vc_column column_width_percent=&#8221;100&#8243; gutter_size=&#8221;2&#8243; overlay_alpha=&#8221;50&#8243; shift_x=&#8221;0&#8243; shift_y=&#8221;0&#8243; shift_y_down=&#8221;0&#8243; z_index=&#8221;0&#8243; medium_width=&#8221;0&#8243; mobile_width=&#8221;0&#8243; width=&#8221;1\/1&#8243;][vc_custom_heading heading_semantic=&#8221;h5&#8243; text_size=&#8221;h5&#8243; uncode_shortcode_id=&#8221;162859&#8243;][2nd Prize] Alessio BAX[\/vc_custom_heading][vc_single_image media=&#8221;103178&#8243; media_lightbox=&#8221;yes&#8221; media_width_percent=&#8221;100&#8243; border=&#8221;yes&#8221; shadow=&#8221;yes&#8221; uncode_shortcode_id=&#8221;758104&#8243;][vc_row_inner][vc_column_inner width=&#8221;1\/3&#8243;][vc_column_text text_lead=&#8221;small&#8221; uncode_shortcode_id=&#8221;729448&#8243;]<\/p>\n<p><span class=\"en_style7\"><strong>Nationality Italy<br \/>\nDate of Birth 1977. 11. 30<\/strong><\/span><\/p>\n<p>&nbsp;<\/p>\n<p class=\"en_style7\"><strong>Education <\/strong><br \/>\n\u2022 M.M., Southern Methodist University, USA<br \/>\n\u2022 Bari Conservatory, Italy<\/p>\n<p class=\"en_style7\"><strong>Teachers <\/strong>\u2022Fran\u00e7ois-Jo\u00ebl THIOLLIER<\/p>\n<p class=\"style51\"><span class=\"en_style7\"><strong>Prize<\/strong><br \/>\n\u2022 2nd Prize, Guerrero International Competition, Spain in 1995<br \/>\n\u20222nd Prize, Denza International Piano Competition, Italy in 1993<br \/>\n\u20222nd Prize, Senigallia International Incontri, Italy in 1989<br \/>\n\u20221st Prize, &#8216;Citt\u00e0 di Catanzaro&#8217; international Piano Competition, Italy in 1987<\/span><\/p>\n<p>[\/vc_column_text][\/vc_column_inner][vc_column_inner width=&#8221;2\/3&#8243;][vc_column_text text_lead=&#8221;small&#8221; uncode_shortcode_id=&#8221;151640&#8243;]<\/p>\n<p class=\"en_style7\"><strong>[Programme]<\/strong><\/p>\n<p class=\"en_style7\"><strong>First Stage <\/strong><br \/>\n\u2022 W. A. Mozart \u2013 6 Variations from the Clarinet Quintet in A Major K.581<br \/>\n\u2022 F. Chopin \u2013 Etude in C Major Op.10-1<br \/>\n\u2022 F. P. Liszt \u2013 Paganini Etude No.4 in E Major<br \/>\n\u2022 S. Rachmaninov \u2013 Etude-tableau in d minor Op.39-8<\/p>\n<p class=\"en_style7\"><strong>Second Stage <\/strong><br \/>\n\u2022 J. S. Bach \u2013 Das wohltemperierte Klavier Book I No.4 in c sharp minor<br \/>\n\u2022 J. Brahms \u2013 Variations \u00fcber ein Thema von Paganini Op.35<br \/>\n\u2022 YUN I Sang \u2013 F\u00fcnf St\u00fccke f\u00fcr Klavier<\/p>\n<p class=\"en_style7\"><strong>Semifinal Stage <\/strong><br \/>\n\u2022 L. v. Beethoven \u2013 Sonata No.27 in e minor Op.90<br \/>\n\u2022 B. Bart\u00f3k \u2013 Dance Suite<br \/>\n\u2022 S. Rachmaninov \u2013 Variations on a theme of Corelli Op.42<\/p>\n<p><span class=\"en_style7\"><strong>Final Stage<\/strong><br \/>\n\u2022 J. Brahms \u2013 Piano Concerto No.1 in d minor Op.15<\/span><\/p>\n<p>[\/vc_column_text][\/vc_column_inner][\/vc_row_inner][\/vc_column][\/vc_row][vc_row row_height_percent=&#8221;0&#8243; override_padding=&#8221;yes&#8221; h_padding=&#8221;1&#8243; top_padding=&#8221;1&#8243; bottom_padding=&#8221;2&#8243; overlay_alpha=&#8221;50&#8243; gutter_size=&#8221;4&#8243; column_width_percent=&#8221;100&#8243; shift_y=&#8221;0&#8243; z_index=&#8221;1&#8243; top_divider=&#8221;gradient&#8221; bottom_divider=&#8221;gradient&#8221; uncode_shortcode_id=&#8221;135788&#8243;][vc_column column_width_percent=&#8221;100&#8243; gutter_size=&#8221;2&#8243; overlay_alpha=&#8221;50&#8243; shift_x=&#8221;0&#8243; shift_y=&#8221;0&#8243; shift_y_down=&#8221;0&#8243; z_index=&#8221;0&#8243; medium_width=&#8221;0&#8243; mobile_width=&#8221;0&#8243; width=&#8221;1\/1&#8243;][vc_custom_heading heading_semantic=&#8221;h5&#8243; text_size=&#8221;h5&#8243; uncode_shortcode_id=&#8221;187231&#8243;][3rd Prize] Sean BOTKIN[\/vc_custom_heading][vc_single_image media=&#8221;103174&#8243; media_lightbox=&#8221;yes&#8221; media_width_use_pixel=&#8221;yes&#8221; border=&#8221;yes&#8221; shadow=&#8221;yes&#8221; uncode_shortcode_id=&#8221;139858&#8243; media_width_pixel=&#8221;400&#8243;][vc_row_inner][vc_column_inner width=&#8221;1\/3&#8243;][vc_column_text text_lead=&#8221;small&#8221; uncode_shortcode_id=&#8221;204560&#8243;]<\/p>\n<p><span class=\"en_style7\"><strong>Nationality USA<br \/>\nDate of Birth 1969. 9. 11<\/strong><\/span><\/p>\n<p>&nbsp;<\/p>\n<p class=\"en_style7\"><strong>Education <\/strong><br \/>\n\u2022 The Juilliard School,USA \u2022 Stanford University Department of Music,USA \u2022 University of Washington School of Music, USA<\/p>\n<p class=\"en_style7\"><strong>Teachers <\/strong>\u2022Adolph BALLER \u2022 Martin CANIN<\/p>\n<p class=\"style51\"><span class=\"en_style7\"><strong>Prize<\/strong><br \/>\n\u2022 3rd Prize, International Music Competition of Japan, Japan in 1995<br \/>\n\u20223rd Prize, Dorthy A. Anderson International Music Competition,Prague in 1994<\/span><\/p>\n<p>[\/vc_column_text][\/vc_column_inner][vc_column_inner width=&#8221;2\/3&#8243;][vc_column_text text_lead=&#8221;small&#8221; uncode_shortcode_id=&#8221;103516&#8243;]<\/p>\n<p class=\"en_style7\"><strong>[Programme]<\/strong><\/p>\n<p class=\"en_style7\"><strong>First Stage <\/strong><br \/>\n\u2022 W. A. Mozart \u2013 9 Variations C Major &#8220;Lison dormait&#8221; K.315d(264)<br \/>\n\u2022 F. Chopin \u2013 Etude in C Major Op.10-7<br \/>\n\u2022 F. P. Liszt \u2013 Concert Etude in F sharp Major &#8220;Gnomenreigen&#8221;<br \/>\n\u2022 S. Rachmaninov \u2013 Etude-tableau in D Major Op.39-9<\/p>\n<p class=\"en_style7\"><strong>Second Stage <\/strong><br \/>\n\u2022 J. S. Bach \u2013 Das wohltemperierte Klavier Book I No.11 in F Major<br \/>\n\u2022 F. Chopin \u2013 Sonata No.3 in b minor Op.58<br \/>\n\u2022 YUN I-Sang \u2013 F\u00fcnf St\u00fccke f\u00fcr Klavier<br \/>\n\u2022 F. P. Schubert \u2013 Impromptu in E flat Major Op.90-2<br \/>\n\u2022 F. P. Schubert \u2013 Impromptu in G flat Major Op.90-3<\/p>\n<p class=\"en_style7\"><strong>Semifinal Stage <\/strong><br \/>\n\u2022 L. v. Beethoven \u2013 Sonata No.27 in e minor Op.90<br \/>\n\u2022 L. Berio \u2013 Sequenza IV<br \/>\n\u2022 C. Debussy \u2013 Etude No.2 &#8220;pour les Tierces&#8221;<br \/>\n\u2022 C. Debussy \u2013 Etude No.7 &#8220;pour les Degr\u00e9s chromatiques&#8221;<br \/>\n\u2022 S. Rachmaninov \u2013 Sonata No.1 in d minor Op.28<\/p>\n<p><span class=\"en_style7\"><strong>Final Stage<\/strong><br \/>\n\u2022 J. Brahms \u2013 Piano concerto No.1 in d minor Op.15<\/span><\/p>\n<p>[\/vc_column_text][\/vc_column_inner][\/vc_row_inner][\/vc_column][\/vc_row][vc_row row_height_percent=&#8221;0&#8243; override_padding=&#8221;yes&#8221; h_padding=&#8221;1&#8243; top_padding=&#8221;1&#8243; bottom_padding=&#8221;2&#8243; overlay_alpha=&#8221;50&#8243; gutter_size=&#8221;4&#8243; column_width_percent=&#8221;100&#8243; shift_y=&#8221;0&#8243; z_index=&#8221;1&#8243; top_divider=&#8221;gradient&#8221; bottom_divider=&#8221;gradient&#8221; uncode_shortcode_id=&#8221;135788&#8243;][vc_column column_width_percent=&#8221;100&#8243; gutter_size=&#8221;2&#8243; overlay_alpha=&#8221;50&#8243; shift_x=&#8221;0&#8243; shift_y=&#8221;0&#8243; shift_y_down=&#8221;0&#8243; z_index=&#8221;0&#8243; medium_width=&#8221;0&#8243; mobile_width=&#8221;0&#8243; width=&#8221;1\/1&#8243;][vc_custom_heading heading_semantic=&#8221;h5&#8243; text_size=&#8221;h5&#8243; uncode_shortcode_id=&#8221;157305&#8243;][4th Prize] Antti SIIRALA[\/vc_custom_heading][vc_single_image media=&#8221;103175&#8243; media_lightbox=&#8221;yes&#8221; media_width_percent=&#8221;100&#8243; border=&#8221;yes&#8221; shadow=&#8221;yes&#8221; uncode_shortcode_id=&#8221;206225&#8243;][vc_row_inner][vc_column_inner width=&#8221;1\/3&#8243;][vc_column_text text_lead=&#8221;small&#8221; uncode_shortcode_id=&#8221;452916&#8243;]<\/p>\n<p><span class=\"en_style7\"><strong>Nationality Finland<br \/>\nDate of Birth 1979. 5. 16<\/strong><\/span><\/p>\n<p>&nbsp;<\/p>\n<p class=\"en_style7\"><strong>Education <\/strong><br \/>\n\u2022 Sibelius Academy, Finland<br \/>\n\u2022 Lansi-Helsinki Music School, Finland<\/p>\n<p class=\"en_style7\"><strong>Teachers <\/strong> \u2022Matti RAEKALLIO \u2022Ivari ILJA<\/p>\n<p class=\"style51\"><span class=\"en_style7\"><strong>Prize<\/strong><br \/>\n\u2022Semifinalist, International Tchaikovsky Competition for young musicians, Moscow in 1995<br \/>\n\u20221st Prize, Juvenalia National Chamber Music Competition, Finland in 1994<\/span><\/p>\n<p>[\/vc_column_text][\/vc_column_inner][vc_column_inner width=&#8221;2\/3&#8243;][vc_column_text text_lead=&#8221;small&#8221; uncode_shortcode_id=&#8221;847549&#8243;]<\/p>\n<p class=\"en_style7\"><strong>[Programme]<\/strong><\/p>\n<p class=\"en_style7\"><strong>First Stage <\/strong><br \/>\n\u2022 W. A. Mozart \u2013 9 Variations C Major &#8220;Lison dormait&#8221; K.315d(264)<br \/>\n\u2022 S. Rachmaninov \u2013 Etude-tableau in f sharp minor Op.39-3<br \/>\n\u2022 F. Chopin \u2013 Etude in a minor Op.25-11<br \/>\n\u2022 F. P. Liszt \u2013 Concert Etude in F sharp Major &#8220;Gnomenreigen&#8221;<\/p>\n<p class=\"en_style7\"><strong>Second Stage <\/strong><br \/>\n\u2022 J. S. Bach \u2013 Das wohltemperierte Klavier Book II No.22 in b flat minor<br \/>\n\u2022 YUN I-Sang \u2013 F\u00fcnf St\u00fccke f\u00fcr Klavier<br \/>\n\u2022 J. Brahms \u2013 Sonata in f minor Op.5<\/p>\n<p class=\"en_style7\"><strong>Semifinal Stage <\/strong><br \/>\n\u2022 L. v. Beethoven \u2013 Sonata No.28 in A Major Op.101<br \/>\n\u2022 C. Debussy \u2013 Images I<br \/>\n\u2022 F. Chopin \u2013 Ballade No.4 in f minor Op.52<br \/>\n\u2022 I. Stravinsky \u2013 Trois mouvements de Petrouchka<\/p>\n<p><span class=\"en_style7\"><strong>Final Stage<\/strong><br \/>\n\u2022 L. v. Beethoven \u2013 Piano Concerto No.5 in E flat Major Op.73<\/span><\/p>\n<p>[\/vc_column_text][\/vc_column_inner][\/vc_row_inner][\/vc_column][\/vc_row][vc_row row_height_percent=&#8221;0&#8243; override_padding=&#8221;yes&#8221; h_padding=&#8221;1&#8243; top_padding=&#8221;1&#8243; bottom_padding=&#8221;2&#8243; overlay_alpha=&#8221;50&#8243; gutter_size=&#8221;4&#8243; column_width_percent=&#8221;100&#8243; shift_y=&#8221;0&#8243; z_index=&#8221;1&#8243; top_divider=&#8221;gradient&#8221; bottom_divider=&#8221;gradient&#8221; uncode_shortcode_id=&#8221;135788&#8243;][vc_column column_width_percent=&#8221;100&#8243; gutter_size=&#8221;2&#8243; overlay_alpha=&#8221;50&#8243; shift_x=&#8221;0&#8243; shift_y=&#8221;0&#8243; shift_y_down=&#8221;0&#8243; z_index=&#8221;0&#8243; medium_width=&#8221;0&#8243; mobile_width=&#8221;0&#8243; width=&#8221;1\/1&#8243;][vc_custom_heading heading_semantic=&#8221;h5&#8243; text_size=&#8221;h5&#8243; uncode_shortcode_id=&#8221;206998&#8243;][5th Prize] Maurizio BAGLINI[\/vc_custom_heading][vc_single_image media=&#8221;103176&#8243; media_lightbox=&#8221;yes&#8221; media_width_percent=&#8221;100&#8243; border=&#8221;yes&#8221; shadow=&#8221;yes&#8221; uncode_shortcode_id=&#8221;198687&#8243;][vc_row_inner][vc_column_inner width=&#8221;1\/3&#8243;][vc_column_text text_lead=&#8221;small&#8221; uncode_shortcode_id=&#8221;186673&#8243;]<\/p>\n<p><span class=\"en_style7\"><strong>Nationality Italy<br \/>\nDate of Birth 1975. 3. 4<\/strong><\/span><\/p>\n<p>&nbsp;<\/p>\n<p class=\"en_style7\"><strong>Education <\/strong><br \/>\n\u2022 Imola International Piano Academy, Italy<br \/>\n\u2022 Conservatorio Di La Spezia, Italy<\/p>\n<p class=\"en_style7\"><strong>Teachers <\/strong>\u2022Giampiero SEMERARO \u2022Piero RATTALINO<\/p>\n<p class=\"style51\"><span class=\"en_style7\"><strong>Prize<\/strong><br \/>\n\u20226th Prize, Busoni Intenational Piano Competition, Italy in 1994<br \/>\n\u20222nd Prize, Aosta &#8220;Mavy Marcoz&#8221; International Competition, Italy in 1993<\/span><\/p>\n<p>[\/vc_column_text][\/vc_column_inner][vc_column_inner width=&#8221;2\/3&#8243;][vc_column_text text_lead=&#8221;small&#8221; uncode_shortcode_id=&#8221;121031&#8243;]<\/p>\n<p class=\"en_style7\"><strong>[Programme]<\/strong><\/p>\n<p class=\"en_style7\"><strong>First Stage <\/strong><br \/>\n\u2022 W. A. Mozart \u2013 8 Variations F Major &#8220;Ein Weib ist das herrlichste Ding auf der Welt&#8221; K.613<br \/>\n\u2022 F. Chopin \u2013 Etude in e minor Op.25-5<br \/>\n\u2022 F. P. Liszt \u2013 Etude d&#8217;ex\u00e9cution transcendante No.5 in B flat Major &#8220;Feux follets&#8221;<br \/>\n\u2022 C. Debussy \u2013 Etude No.11 &#8220;pour les Arp\u00e8ges compos\u00e9s&#8221;<\/p>\n<p class=\"en_style7\"><strong>Second Stage <\/strong><br \/>\n\u2022 J. S. Bach \u2013 Das wohltemperierte Klavier Book II No.15 in G Major<br \/>\n\u2022 F. Chopin \u2013 Ballade No.1 in g minor Op.23<br \/>\n\u2022 R. Schumann \u2013 Carnaval Op.9<br \/>\n\u2022 YUN I-Sang \u2013 F\u00fcnf St\u00fccke f\u00fcr Klavier<\/p>\n<p class=\"en_style7\"><strong>Semifinal Stage <\/strong><br \/>\n\u2022 J. Haydn \u2013 Sonata in C Major, Hob. XVI<br \/>\n\u2022 L. v. Beethoven \u2013 Sonata No.23 in f minor Op.57 &#8220;Appassionata&#8221;<br \/>\n\u2022 F. Chopin \u2013 12 Etudes Op.10<\/p>\n<p><span class=\"en_style7\"><strong>Final Stage<\/strong><br \/>\n\u2022 F. Chopin \u2013 Piano Concerto No.1 in e minor Op.11<\/span><\/p>\n<p>[\/vc_column_text][\/vc_column_inner][\/vc_row_inner][\/vc_column][\/vc_row][vc_row row_height_percent=&#8221;0&#8243; override_padding=&#8221;yes&#8221; h_padding=&#8221;1&#8243; top_padding=&#8221;1&#8243; bottom_padding=&#8221;2&#8243; overlay_alpha=&#8221;50&#8243; gutter_size=&#8221;4&#8243; column_width_percent=&#8221;100&#8243; shift_y=&#8221;0&#8243; z_index=&#8221;1&#8243; top_divider=&#8221;gradient&#8221; bottom_divider=&#8221;gradient&#8221; uncode_shortcode_id=&#8221;135788&#8243;][vc_column column_width_percent=&#8221;100&#8243; gutter_size=&#8221;2&#8243; overlay_alpha=&#8221;50&#8243; shift_x=&#8221;0&#8243; shift_y=&#8221;0&#8243; shift_y_down=&#8221;0&#8243; z_index=&#8221;0&#8243; medium_width=&#8221;0&#8243; mobile_width=&#8221;0&#8243; width=&#8221;1\/1&#8243;][vc_custom_heading heading_semantic=&#8221;h5&#8243; text_size=&#8221;h5&#8243; uncode_shortcode_id=&#8221;179129&#8243;][6th Prize] KWON Min Kyung[\/vc_custom_heading][vc_single_image media=&#8221;103177&#8243; media_lightbox=&#8221;yes&#8221; media_width_percent=&#8221;100&#8243; border=&#8221;yes&#8221; shadow=&#8221;yes&#8221; uncode_shortcode_id=&#8221;173659&#8243;][vc_row_inner][vc_column_inner width=&#8221;1\/3&#8243;][vc_column_text text_lead=&#8221;small&#8221; uncode_shortcode_id=&#8221;143079&#8243;]<\/p>\n<p><span class=\"en_style7\"><strong>Nationality Korea<br \/>\nDate of Birth 1970. 8. 8<\/strong><\/span><\/p>\n<p>&nbsp;<\/p>\n<p class=\"en_style7\"><strong>Education <\/strong><br \/>\n\u2022The Juilliard School, USA<br \/>\n\u2022The Curtis Institute of Music, USA<\/p>\n<p class=\"en_style7\"><strong>Teachers <\/strong>\u2022Martin CANIN \u2022Eleanor SOKOLOFF<br \/>\n\u2022CHUNG Jin Woo<\/p>\n<p class=\"style51\"><span class=\"en_style7\"><strong>Prize<\/strong><br \/>\n\u2022 1st Prize, Gina Bachauer International Piano Competition, USA in 1995<\/span><\/p>\n<p>[\/vc_column_text][\/vc_column_inner][vc_column_inner width=&#8221;2\/3&#8243;][vc_column_text text_lead=&#8221;small&#8221; uncode_shortcode_id=&#8221;160899&#8243;]<\/p>\n<p class=\"en_style7\"><strong>[Programme]<\/strong><\/p>\n<p class=\"en_style7\"><strong>First Stage <\/strong><br \/>\n\u2022 W. A. Mozart \u2013 8 Variations A Major &#8220;Come un agnello&#8221; K.460<br \/>\n\u2022 F. Chopin \u2013 Etude in A flat Major Op.10-10<br \/>\n\u2022 A. Skriabin \u2013 Etude in c sharp minor Op.42-5<br \/>\n\u2022 F. P. Liszt \u2013 Etude in F sharp Major &#8220;Gnomenreigen&#8221;<\/p>\n<p class=\"en_style7\"><strong>Second Stage <\/strong><br \/>\n\u2022 YUN I-Sang \u2013 F\u00fcnf St\u00fccke f\u00fcr Klavier<br \/>\n\u2022 J. S. Bach \u2013 Das wohltemperierte Klavier Book I No.12 in f minor<br \/>\n\u2022 F. Chopin \u2013 Ballade No.2 in F Major Op.38<br \/>\n\u2022 F. P. Liszt \u2013 Reminescences de Don Juan<\/p>\n<p class=\"en_style7\"><strong>Semifinal Stage <\/strong><br \/>\n\u2022 O. Messiaen \u2013 X Regard de l&#8217;Esprit de Joie : XI Premi\u00e8re Communion de la Vierge from Vingt Regards sur l&#8217;Enfant J\u00e9sus<br \/>\n\u2022 J. S. Bach \u2013 French Suite No. 6<br \/>\n\u2022 L. v. Beethoven \u2013 Sonata No.26 in E flat Major, Op. 81a &#8220;Les adieux&#8221;<br \/>\n\u2022 R. Schumann \u2013 Sonata No.2 in g minor Op.22<\/p>\n<p><span class=\"en_style7\"><strong>Final Stage<\/strong><br \/>\n\u2022 S. Prokofiev \u2013 Piano Concerto No.3 in C Major Op.26<\/span><\/p>\n<p>[\/vc_column_text][\/vc_column_inner][\/vc_row_inner][vc_column_text text_lead=&#8221;small&#8221; uncode_shortcode_id=&#8221;178024&#8243;]*updated November 1996[\/vc_column_text][\/vc_column][\/vc_row]<\/p>\n","protected":false},"excerpt":{"rendered":"<p>1996 Piano<\/p>\n","protected":false},"author":1,"featured_media":103173,"parent":0,"menu_order":0,"comment_status":"closed","ping_status":"closed","template":"","meta":[],"_links":{"self":[{"href":"http:\/\/seoulcompetition.com\/en\/wp-json\/wp\/v2\/pages\/103215"}],"collection":[{"href":"http:\/\/seoulcompetition.com\/en\/wp-json\/wp\/v2\/pages"}],"about":[{"href":"http:\/\/seoulcompetition.com\/en\/wp-json\/wp\/v2\/types\/page"}],"author":[{"embeddable":true,"href":"http:\/\/seoulcompetition.com\/en\/wp-json\/wp\/v2\/users\/1"}],"replies":[{"embeddable":true,"href":"http:\/\/seoulcompetition.com\/en\/wp-json\/wp\/v2\/comments?post=103215"}],"version-history":[{"count":3,"href":"http:\/\/seoulcompetition.com\/en\/wp-json\/wp\/v2\/pages\/103215\/revisions"}],"predecessor-version":[{"id":103300,"href":"http:\/\/seoulcompetition.com\/en\/wp-json\/wp\/v2\/pages\/103215\/revisions\/103300"}],"wp:featuredmedia":[{"embeddable":true,"href":"http:\/\/seoulcompetition.com\/en\/wp-json\/wp\/v2\/media\/103173"}],"wp:attachment":[{"href":"http:\/\/seoulcompetition.com\/en\/wp-json\/wp\/v2\/media?parent=103215"}],"curies":[{"name":"wp","href":"https:\/\/api.w.org\/{rel}","templated":true}]}}