{"id":102879,"date":"2022-02-09T11:30:21","date_gmt":"2022-02-09T11:30:21","guid":{"rendered":"http:\/\/seoulcompetition.com\/en\/?page_id=102879"},"modified":"2022-02-09T11:59:02","modified_gmt":"2022-02-09T11:59:02","slug":"prize-winners-2009","status":"publish","type":"page","link":"http:\/\/seoulcompetition.com\/en\/prize-winners-2009\/","title":{"rendered":"Prize Winners 2009"},"content":{"rendered":"<p>[vc_row row_height_percent=&#8221;20&#8243; override_padding=&#8221;yes&#8221; h_padding=&#8221;2&#8243; top_padding=&#8221;4&#8243; bottom_padding=&#8221;3&#8243; back_color=&#8221;color-wayh&#8221; back_image=&#8221;102838&#8243; back_position=&#8221;center center&#8221; overlay_color=&#8221;color-jevc&#8221; overlay_alpha=&#8221;40&#8243; gutter_size=&#8221;3&#8243; column_width_percent=&#8221;100&#8243; shift_y=&#8221;0&#8243; z_index=&#8221;0&#8243; enable_top_divider=&#8221;default&#8221; top_divider=&#8221;gradient&#8221; shape_top_h_use_pixel=&#8221;true&#8221; shape_top_height_percent=&#8221;100&#8243; shape_top_color=&#8221;color-wayh&#8221; shape_top_opacity=&#8221;25&#8243; shape_top_index=&#8221;0&#8243; row_name=&#8221;Welcome&#8221; uncode_shortcode_id=&#8221;187409&#8243; back_color_type=&#8221;uncode-palette&#8221; overlay_color_type=&#8221;uncode-palette&#8221; shape_top_color_type=&#8221;uncode-palette&#8221; row_height_pixel=&#8221;120&#8243;][vc_column column_width_use_pixel=&#8221;yes&#8221; position_vertical=&#8221;middle&#8221; align_horizontal=&#8221;align_center&#8221; gutter_size=&#8221;3&#8243; style=&#8221;dark&#8221; overlay_alpha=&#8221;50&#8243; shift_x=&#8221;0&#8243; shift_y=&#8221;0&#8243; shift_y_down=&#8221;0&#8243; z_index=&#8221;0&#8243; medium_width=&#8221;0&#8243; mobile_width=&#8221;0&#8243; zoom_width=&#8221;0&#8243; zoom_height=&#8221;0&#8243; width=&#8221;1\/1&#8243; column_width_pixel=&#8221;900&#8243;][vc_custom_heading text_font=&#8221;font-136269&#8243; text_size=&#8221;fontsize-155944&#8243; text_weight=&#8221;400&#8243; text_space=&#8221;fontspace-781688&#8243; sub_lead=&#8221;yes&#8221; sub_reduced=&#8221;yes&#8221; uncode_shortcode_id=&#8221;666666&#8243; subheading=&#8221;Prize Winners&#8221;]2009 Violin[\/vc_custom_heading][\/vc_column][\/vc_row][vc_row row_height_percent=&#8221;0&#8243; override_padding=&#8221;yes&#8221; h_padding=&#8221;2&#8243; top_padding=&#8221;0&#8243; bottom_padding=&#8221;0&#8243; overlay_alpha=&#8221;50&#8243; gutter_size=&#8221;3&#8243; column_width_percent=&#8221;100&#8243; shift_y=&#8221;0&#8243; z_index=&#8221;0&#8243; mobile_visibility=&#8221;yes&#8221; uncode_shortcode_id=&#8221;204748&#8243;][vc_column width=&#8221;1\/1&#8243;][vc_empty_space empty_h=&#8221;3&#8243;][\/vc_column][\/vc_row][vc_row row_height_percent=&#8221;0&#8243; override_padding=&#8221;yes&#8221; h_padding=&#8221;1&#8243; top_padding=&#8221;0&#8243; bottom_padding=&#8221;2&#8243; overlay_alpha=&#8221;50&#8243; gutter_size=&#8221;0&#8243; column_width_percent=&#8221;100&#8243; shift_y=&#8221;0&#8243; z_index=&#8221;0&#8243; uncode_shortcode_id=&#8221;128758&#8243;][vc_column column_width_percent=&#8221;100&#8243; position_horizontal=&#8221;left&#8221; gutter_size=&#8221;3&#8243; overlay_alpha=&#8221;50&#8243; shift_x=&#8221;0&#8243; shift_y=&#8221;0&#8243; shift_y_down=&#8221;0&#8243; z_index=&#8221;0&#8243; medium_width=&#8221;0&#8243; mobile_width=&#8221;0&#8243; width=&#8221;1\/2&#8243; uncode_shortcode_id=&#8221;282015&#8243;][vc_single_image media=&#8221;102881&#8243; media_width_use_pixel=&#8221;yes&#8221; uncode_shortcode_id=&#8221;136306&#8243; media_width_pixel=&#8221;400&#8243;][\/vc_column][vc_column width=&#8221;1\/2&#8243;][vc_single_image media=&#8221;102882&#8243; media_width_use_pixel=&#8221;yes&#8221; uncode_shortcode_id=&#8221;929366&#8243; media_width_pixel=&#8221;400&#8243;][\/vc_column][\/vc_row][vc_row row_height_percent=&#8221;0&#8243; override_padding=&#8221;yes&#8221; h_padding=&#8221;1&#8243; top_padding=&#8221;0&#8243; bottom_padding=&#8221;2&#8243; overlay_alpha=&#8221;50&#8243; gutter_size=&#8221;4&#8243; column_width_percent=&#8221;100&#8243; shift_y=&#8221;0&#8243; z_index=&#8221;1&#8243; top_divider=&#8221;gradient&#8221; bottom_divider=&#8221;gradient&#8221; uncode_shortcode_id=&#8221;572689&#8243;][vc_column column_width_percent=&#8221;100&#8243; gutter_size=&#8221;2&#8243; overlay_alpha=&#8221;50&#8243; shift_x=&#8221;0&#8243; shift_y=&#8221;0&#8243; shift_y_down=&#8221;0&#8243; z_index=&#8221;0&#8243; medium_width=&#8221;0&#8243; mobile_width=&#8221;0&#8243; width=&#8221;1\/1&#8243;][vc_custom_heading heading_semantic=&#8221;h5&#8243; text_size=&#8221;h5&#8243; uncode_shortcode_id=&#8221;127157&#8243;][1st Prize] Clara-Jumi KANG[\/vc_custom_heading][vc_single_image media=&#8221;102884&#8243; media_lightbox=&#8221;yes&#8221; media_width_percent=&#8221;100&#8243; border=&#8221;yes&#8221; shadow=&#8221;yes&#8221; uncode_shortcode_id=&#8221;118470&#8243;][vc_row_inner][vc_column_inner width=&#8221;1\/3&#8243;][vc_column_text text_lead=&#8221;small&#8221; uncode_shortcode_id=&#8221;823482&#8243;]<span class=\"en_style7\"><strong>Nationality Germany\/ Korea<br \/>\nDate of Birth 1987. 6. 10<\/strong><\/span><\/p>\n<p>&nbsp;<\/p>\n<p class=\"en_style7\"><strong>Education <\/strong><br \/>\n\u2022 \u00a0Currently, attending for M.A., Korea National University of Arts, Seoul, South Korea<br \/>\n\u2022 B.M., Korea National University of Arts, Seoul, South Korea<br \/>\n\u2022 Hochschule f\u00fcr Musik Hanns Eisler Berlin, Preparatory School, Berlin, Germany<br \/>\n\u2022 Hochschule f\u00fcr Musik K\u00f6ln, Preparatory School, K\u00f6ln, Germany<br \/>\n\u2022 The Juilliard School, Pre-College, NY, USA<br \/>\n\u2022 Musikhoschule L\u00fcbeck, Preparatory School, L\u00fcbeck, Germany<br \/>\n\u2022 Staatliche Hochschule f\u00fcr Musik und Darstellende Kunst Mannheim, Preparatory School, Mannheim, Germany<\/p>\n<p><strong>Teachers \u00a0<\/strong>\u2022 Nam Yun KIM \u2022 Christoph POPPEN\u00a0 \u2022 Zakhar BRON\u00a0 \u2022 Dorothy DELAY \u00a0\u2022 Hyo KANG \u00a0\u2022 Val\u00e9ry Gradov<br \/>\n<strong><br \/>\nPrize <\/strong><br \/>\n\u2022 3\u00e8me Prix, Concours International de Violon Tibor Varga, Martigny, Switzerland in 2007<br \/>\n\u2022 Semifinalist, Queen Elisabeth International Music Competition, Br\u00fcssel, Belgium in 2005<br \/>\n\u2022 Semifinalist, International Jean Sibelius Violin Competition, Helsinki, Finland in 2005<\/p>\n<p>[\/vc_column_text][\/vc_column_inner][vc_column_inner width=&#8221;2\/3&#8243;][vc_column_text text_lead=&#8221;small&#8221; uncode_shortcode_id=&#8221;137338&#8243;]<\/p>\n<p><strong>[Programme]<br \/>\nFirst Stage<\/strong><br \/>\n\u2022 J. S. Bach &#8211; Violin Sonata No.1 in g minor, BWV 1001 (1st mov. &amp; 2nd mov.)<br \/>\n\u2022 N. Paganini \u2013 24 Caprices for Solo Violin, Op.1, No.11 in C Major<br \/>\n\u2022 N. Paganini \u2013 24 Caprices for Solo Violin, Op.1, No.15 in e minor<br \/>\n\u2022 F. Kreisler \u2013 Liebesleid<\/p>\n<p><strong>Second Stage <\/strong><br \/>\n\u2022 W. A. Mozart \u2013 Violin Concerto No.4 in D Major, K.218<br \/>\n(Cadenza: Joachim)<br \/>\n<strong><br \/>\nSemifinal <\/strong><br \/>\n\u2022 J. Brahms \u2013 Sonata for Violin &amp; Piano No.2 in A Major, Op.100<br \/>\n\u2022 Solbong KIM &#8211; Rooftop Fantasy for Violin Solo<br \/>\n\u2022 H. Wieniawski \u2013 &#8216;Faust&#8217; Fantasy, Op.20<br \/>\n<strong><br \/>\nFinal<\/strong><br \/>\n\u2022 L. v. Beethoven \u2013 Violin Concerto in D Major, Op.61<\/p>\n<p>[\/vc_column_text][\/vc_column_inner][\/vc_row_inner][\/vc_column][\/vc_row][vc_row row_height_percent=&#8221;0&#8243; override_padding=&#8221;yes&#8221; h_padding=&#8221;1&#8243; top_padding=&#8221;1&#8243; bottom_padding=&#8221;2&#8243; overlay_alpha=&#8221;50&#8243; gutter_size=&#8221;4&#8243; column_width_percent=&#8221;100&#8243; shift_y=&#8221;0&#8243; z_index=&#8221;1&#8243; top_divider=&#8221;gradient&#8221; bottom_divider=&#8221;gradient&#8221; uncode_shortcode_id=&#8221;135788&#8243;][vc_column column_width_percent=&#8221;100&#8243; gutter_size=&#8221;2&#8243; overlay_alpha=&#8221;50&#8243; shift_x=&#8221;0&#8243; shift_y=&#8221;0&#8243; shift_y_down=&#8221;0&#8243; z_index=&#8221;0&#8243; medium_width=&#8221;0&#8243; mobile_width=&#8221;0&#8243; width=&#8221;1\/1&#8243;][vc_custom_heading heading_semantic=&#8221;h5&#8243; text_size=&#8221;h5&#8243; uncode_shortcode_id=&#8221;865710&#8243;][2nd Prize] Andrey BARANOV[\/vc_custom_heading][vc_single_image media=&#8221;102885&#8243; media_lightbox=&#8221;yes&#8221; media_width_percent=&#8221;100&#8243; border=&#8221;yes&#8221; shadow=&#8221;yes&#8221; uncode_shortcode_id=&#8221;118856&#8243;][vc_row_inner][vc_column_inner width=&#8221;1\/3&#8243;][vc_column_text text_lead=&#8221;small&#8221; uncode_shortcode_id=&#8221;103590&#8243;]<span class=\"en_style7\"><strong>Nationality Russia<br \/>\nDate of Birth 1986. 1. 15<\/strong><\/span><\/p>\n<p>&nbsp;<\/p>\n<p class=\"en_style7\"><strong>Education<\/strong><br \/>\n\u2022 Currently, attending at Conservatoire de Lausanne, Lausanne, Switzerland<br \/>\n\u2022 Currently, attending at Saint Petersburg State Conservatory named after Rimsky-Korsakov, Saint Petersburg, Russia<\/p>\n<p><strong>Teachers \u00a0<\/strong>\u2022 Pierre AMOYAL \u2022 Paul POPOV<br \/>\n<strong><br \/>\nPrize <\/strong><br \/>\n\u2022 2nd Prize, China International Violin Competition, Qingdao, China in 2008<br \/>\n\u2022 1st Prize, Internationaler Henri Marteau Violinwettbewerb, Hof, Germany in 2008<br \/>\n\u2022 1st Prize, Benjamin Britten International Violin Competition, London, UK in 2008<\/p>\n<p>[\/vc_column_text][\/vc_column_inner][vc_column_inner width=&#8221;2\/3&#8243;][vc_column_text text_lead=&#8221;small&#8221; uncode_shortcode_id=&#8221;505178&#8243;]<\/p>\n<p><strong>[Programme]<br \/>\nFirst Stage <\/strong><br \/>\n\u2022 J. S. Bach &#8211; Violin Sonata No.2 in a minor, BWV 1003 (1st mov. &amp; 2nd mov.)<br \/>\n\u2022 N. Paganini &#8211; 24 Caprices for Solo Violin, Op.1, No.2 in b minor<br \/>\n\u2022 N. Paganini &#8211; 24 Caprices for Solo Violin, Op.1, No.17 in E flat Major<br \/>\n\u2022 F. Kreisler &#8211; Liebesleid<\/p>\n<p><strong>Second Stage <\/strong><br \/>\n\u2022 W. A. Mozart \u2013 Violin Concerto No.4 in D Major, K.218<br \/>\n(Cadenza: 1st- Malov, 2nd- Gulli, 3rd- Gulli &amp; Joachim)<\/p>\n<p><strong>Semifinal <\/strong><br \/>\n\u2022 Solbong KIM &#8211; Rooftop Fantasy for Violin Solo<br \/>\n\u2022 C. Debussy &#8211; Sonata for Violin &amp; Piano<br \/>\n\u2022 H. Wieniawski &#8211; Polonaise brillante for Violin &amp; Piano No.1 in D Major, Op.4<br \/>\n<strong><br \/>\nFinal <\/strong><br \/>\n\u2022 J. Brahms &#8211; Violin Concerto in D Major, Op.77<\/p>\n<p>[\/vc_column_text][\/vc_column_inner][\/vc_row_inner][\/vc_column][\/vc_row][vc_row row_height_percent=&#8221;0&#8243; override_padding=&#8221;yes&#8221; h_padding=&#8221;1&#8243; top_padding=&#8221;1&#8243; bottom_padding=&#8221;2&#8243; overlay_alpha=&#8221;50&#8243; gutter_size=&#8221;4&#8243; column_width_percent=&#8221;100&#8243; shift_y=&#8221;0&#8243; z_index=&#8221;1&#8243; top_divider=&#8221;gradient&#8221; bottom_divider=&#8221;gradient&#8221; uncode_shortcode_id=&#8221;135788&#8243;][vc_column column_width_percent=&#8221;100&#8243; gutter_size=&#8221;2&#8243; overlay_alpha=&#8221;50&#8243; shift_x=&#8221;0&#8243; shift_y=&#8221;0&#8243; shift_y_down=&#8221;0&#8243; z_index=&#8221;0&#8243; medium_width=&#8221;0&#8243; mobile_width=&#8221;0&#8243; width=&#8221;1\/1&#8243;][vc_custom_heading heading_semantic=&#8221;h5&#8243; text_size=&#8221;h5&#8243; uncode_shortcode_id=&#8221;363662&#8243;][3rd Prize] Erin KEEFE[\/vc_custom_heading][vc_single_image media=&#8221;102886&#8243; media_lightbox=&#8221;yes&#8221; media_width_percent=&#8221;100&#8243; border=&#8221;yes&#8221; shadow=&#8221;yes&#8221; uncode_shortcode_id=&#8221;112966&#8243;][vc_row_inner][vc_column_inner width=&#8221;1\/3&#8243;][vc_column_text text_lead=&#8221;small&#8221; uncode_shortcode_id=&#8221;673903&#8243;]<span class=\"en_style7\"><strong>Nationality USA<br \/>\nDate of Birth 1980. 5. 1<\/strong><\/span><\/p>\n<p>&nbsp;<\/p>\n<p class=\"en_style7\"><strong>Education<\/strong><br \/>\n\u2022 M.M., The Juilliard School, NY, USA<br \/>\n\u2022 B.M., The Curtis Institute of Music, PA, USA<br \/>\n<strong><br \/>\nTeachers <\/strong>\u2022 Ronald COPES \u2022 Ida KAVAFIAN \u2022 Arnold STEINHARDT\u00a0 \u2022 Philip SETZER<br \/>\n<strong><br \/>\nPrize <\/strong><br \/>\n\u2022 2nd Prize &amp; Audience Prize, Sendai International Music Competition, Japan in 2007<br \/>\n\u2022 2nd Prize, Gyeongnam International Music Competition, Tongyeong, South Korea in 2004<br \/>\n\u2022 2nd Prize &amp; Orchestra Prize, Carl Nielsen International Music Competition, Odense, Denmark in 2004<\/p>\n<p>[\/vc_column_text][\/vc_column_inner][vc_column_inner width=&#8221;2\/3&#8243;][vc_column_text text_lead=&#8221;small&#8221; uncode_shortcode_id=&#8221;217842&#8243;]<\/p>\n<p><strong>[Programme]<\/strong><br \/>\n<strong>First Stage<\/strong><br \/>\n\u2022 J. S. Bach &#8211; Violin Sonata No.1 in g minor, BWV 1001 (1st mov. &amp; 2nd mov.)<br \/>\n\u2022 N. Paganini &#8211; 24 Caprices for Solo Violin, Op.1, No.11 in C Major<br \/>\n\u2022 N. Paganini &#8211; 24 Caprices for Solo Violin, Op.1, No.15 in e minor<br \/>\n\u2022 P. I. Tchaikovsky &#8211; Valse Sentimentale, Op.51, No.6<br \/>\n<strong><br \/>\nSecond Stage<\/strong><br \/>\n\u2022 W. A. Mozart \u2013 Violin Concerto No.4 in D Major, K.218<br \/>\n(Cadenza: Levin)<br \/>\n<strong><br \/>\nSemifinal <\/strong><br \/>\n\u2022 W. Lutos\u0142awski &#8211; Subito<br \/>\n\u2022 Solbong KIM &#8211; Rooftop Fantasy for Violin Solo<br \/>\n\u2022 R. Schumann &#8211; Sonata for Violin &amp; Piano No.1 in a minor, Op.105<br \/>\n<strong><br \/>\nFinal <\/strong><br \/>\n\u2022 B. Bart\u00f3k &#8211; Violin Concerto No.2 in b minor, Sz.112<\/p>\n<p>[\/vc_column_text][\/vc_column_inner][\/vc_row_inner][\/vc_column][\/vc_row][vc_row row_height_percent=&#8221;0&#8243; override_padding=&#8221;yes&#8221; h_padding=&#8221;1&#8243; top_padding=&#8221;1&#8243; bottom_padding=&#8221;2&#8243; overlay_alpha=&#8221;50&#8243; gutter_size=&#8221;4&#8243; column_width_percent=&#8221;100&#8243; shift_y=&#8221;0&#8243; z_index=&#8221;1&#8243; top_divider=&#8221;gradient&#8221; bottom_divider=&#8221;gradient&#8221; uncode_shortcode_id=&#8221;135788&#8243;][vc_column column_width_percent=&#8221;100&#8243; gutter_size=&#8221;2&#8243; overlay_alpha=&#8221;50&#8243; shift_x=&#8221;0&#8243; shift_y=&#8221;0&#8243; shift_y_down=&#8221;0&#8243; z_index=&#8221;0&#8243; medium_width=&#8221;0&#8243; mobile_width=&#8221;0&#8243; width=&#8221;1\/1&#8243;][vc_custom_heading heading_semantic=&#8221;h5&#8243; text_size=&#8221;h5&#8243; uncode_shortcode_id=&#8221;412846&#8243;][4th Prize] Yoo Jin JANG[\/vc_custom_heading][vc_single_image media=&#8221;102887&#8243; media_lightbox=&#8221;yes&#8221; media_width_percent=&#8221;100&#8243; border=&#8221;yes&#8221; shadow=&#8221;yes&#8221; uncode_shortcode_id=&#8221;195373&#8243;][vc_row_inner][vc_column_inner width=&#8221;1\/3&#8243;][vc_column_text text_lead=&#8221;small&#8221; uncode_shortcode_id=&#8221;763292&#8243;]<span class=\"en_style7\"><strong>Nationality Korea<br \/>\nDate of Birth 1990. 12. 22<\/strong><\/span><\/p>\n<p>&nbsp;<\/p>\n<p class=\"en_style7\"><strong>Education<\/strong><br \/>\n\u2022 Currently, attending at Korea National University of Arts, Seoul, South Korea<br \/>\n\u2022 Korea National University of Arts, Preparatory Training Program for Young Artists, Seoul, South Korea<br \/>\n<strong><br \/>\nTeachers <\/strong>\u2022 Nam Yun KIM<br \/>\n<strong><br \/>\nPrize <\/strong><br \/>\n\u2022 Grand prix &amp; Prize of the administration of g.Izhevska, Tchaikovsky&#8217;s Homeland International competition for young musicians, Udmurt Republic, Russia in 2006<br \/>\n\u2022 3rd Prize, Yehudi Menuhin International Competition for young Violinists, London, UK in 2004<br \/>\n\u2022 2nd Prize, Internationalen Yfrah-Neaman-Wettbewerb f\u00fcr junge Geiger, Mainz, Germany in 2003<\/p>\n<p>[\/vc_column_text][\/vc_column_inner][vc_column_inner width=&#8221;2\/3&#8243;][vc_column_text text_lead=&#8221;small&#8221; uncode_shortcode_id=&#8221;194818&#8243;]<\/p>\n<p><strong>[Programme]<br \/>\nFirst Stage <\/strong><br \/>\n\u2022 J. S. Bach &#8211; Violin Sonata No.1 in g minor, BWV 1001 (1st mov. &amp; 2nd mov.)<br \/>\n\u2022 N. Paganini &#8211; 24 Caprices for Solo Violin, Op.1, No.2 in b minor<br \/>\n\u2022 N. Paganini &#8211; 24 Caprices for Solo Violin, Op.1, No.17 in E flat Major<br \/>\n\u2022 P. I. Tchaikovsky &#8211; Valse Sentimentale, Op.51, No.6<\/p>\n<p><strong>Second Stage<\/strong><br \/>\n\u2022 W. A. Mozart \u2013 Violin Concerto No.4 in D Major, K.218<\/p>\n<p>(Cadenza: Joachim)<\/p>\n<p><strong>Semifinal <\/strong><br \/>\n\u2022 L. v. Beethoven &#8211; Sonata for Violin &amp; Piano No.1 in D Major, Op.12, No.1<br \/>\n\u2022 Solbong KIM \u2013 Rooftop Fantasy for Violin Solo<br \/>\n\u2022 C. Saint-Sa\u00ebns &#8211; Introduction et rondo capriccioso in a minor, Op.28<\/p>\n<p><strong>Final <\/strong><br \/>\n\u2022 P. I. Tchaikovsky &#8211; Violin Concerto in D Major, Op.35<\/p>\n<p>[\/vc_column_text][\/vc_column_inner][\/vc_row_inner][\/vc_column][\/vc_row][vc_row row_height_percent=&#8221;0&#8243; override_padding=&#8221;yes&#8221; h_padding=&#8221;1&#8243; top_padding=&#8221;1&#8243; bottom_padding=&#8221;2&#8243; overlay_alpha=&#8221;50&#8243; gutter_size=&#8221;4&#8243; column_width_percent=&#8221;100&#8243; shift_y=&#8221;0&#8243; z_index=&#8221;1&#8243; top_divider=&#8221;gradient&#8221; bottom_divider=&#8221;gradient&#8221; uncode_shortcode_id=&#8221;135788&#8243;][vc_column column_width_percent=&#8221;100&#8243; gutter_size=&#8221;2&#8243; overlay_alpha=&#8221;50&#8243; shift_x=&#8221;0&#8243; shift_y=&#8221;0&#8243; shift_y_down=&#8221;0&#8243; z_index=&#8221;0&#8243; medium_width=&#8221;0&#8243; mobile_width=&#8221;0&#8243; width=&#8221;1\/1&#8243;][vc_custom_heading heading_semantic=&#8221;h5&#8243; text_size=&#8221;h5&#8243; uncode_shortcode_id=&#8221;108235&#8243;][5th Prize] A-Rah SHIN[\/vc_custom_heading][vc_single_image media=&#8221;102888&#8243; media_lightbox=&#8221;yes&#8221; media_width_percent=&#8221;100&#8243; border=&#8221;yes&#8221; shadow=&#8221;yes&#8221; uncode_shortcode_id=&#8221;440114&#8243;][vc_row_inner][vc_column_inner width=&#8221;1\/3&#8243;][vc_column_text text_lead=&#8221;small&#8221; uncode_shortcode_id=&#8221;181053&#8243;]<span class=\"en_style7\"><strong>Nationality Korea<br \/>\nDate of Birth 1983. 12. 6<\/strong><\/span><\/p>\n<p>&nbsp;<\/p>\n<p class=\"en_style7\"><strong>Education <\/strong><br \/>\n\u2022 M.A., Korea National University of Arts, Seoul, South Korea<br \/>\n\u2022 B.M., Korea National University of Arts, Seoul, South Korea<br \/>\n\u2022 Korea National University of Arts, Preparatory Training Program for Young Artists, Seoul, South Korea<\/p>\n<p><strong>Teachers <\/strong>\u2022 Nam Yun KIM<br \/>\n<strong><br \/>\nPrize <\/strong><br \/>\n\u2022 3rd Prize, Sendai International Music Competition, Japan in 2007<br \/>\n\u2022 Pas de 1er Prix au concours, le 2\u00e8me Prix, Concours International de Violon Tibor Varga, Martigny, Switzerland in 2006<br \/>\n\u2022 5\u02da Premio &amp; Premio Enrico Costa, Concorso Internazionale di Violino &#8220;Premio Paganini&#8221;, Genova, Italy in 2001<\/p>\n<p>[\/vc_column_text][\/vc_column_inner][vc_column_inner width=&#8221;2\/3&#8243;][vc_column_text text_lead=&#8221;small&#8221; uncode_shortcode_id=&#8221;462629&#8243;]<\/p>\n<p><strong>[Programme]<br \/>\nFirst Stage<\/strong><br \/>\n\u2022 J. S. Bach \u2013 Violin Sonata No.1 in g minor, BWV 1001 (1st mov. &amp; 2nd mov.)<br \/>\n\u2022 N. Paganini \u2013 24 Caprices for Solo Violin, Op.1, No.11 in C Major<br \/>\n\u2022 N. Paganini \u2013 24 Caprices for Solo Violin, Op.1, No.17 in E flat Major<br \/>\n\u2022 F. Kreisler \u2013 Sch\u00f6n Rosmarin<\/p>\n<p><strong>Second Stage<\/strong><br \/>\n\u2022 W. A. Mozart \u2013 Violin Concerto No.4 in D Major, K.218<br \/>\n(Cadenza: Joachim)<\/p>\n<p><strong>Semifinal <\/strong><br \/>\n\u2022 J. Brahms \u2013 Sonata for Violin &amp; Piano No.2 in A Major, Op.100<br \/>\n\u2022 Solbong KIM \u2013 Rooftop Fantasy for Violin Solo<br \/>\n\u2022 E. Chausson \u2013 Po\u00e8me for Violin &amp; Piano in E flat Major, Op. 25<br \/>\n<strong>Final <\/strong><br \/>\n\u2022 J. Brahms \u2013 Violin Concerto in D Major, Op.77<\/p>\n<p>[\/vc_column_text][\/vc_column_inner][\/vc_row_inner][\/vc_column][\/vc_row][vc_row row_height_percent=&#8221;0&#8243; override_padding=&#8221;yes&#8221; h_padding=&#8221;1&#8243; top_padding=&#8221;1&#8243; bottom_padding=&#8221;2&#8243; overlay_alpha=&#8221;50&#8243; gutter_size=&#8221;4&#8243; column_width_percent=&#8221;100&#8243; shift_y=&#8221;0&#8243; z_index=&#8221;1&#8243; top_divider=&#8221;gradient&#8221; bottom_divider=&#8221;gradient&#8221; uncode_shortcode_id=&#8221;135788&#8243;][vc_column column_width_percent=&#8221;100&#8243; gutter_size=&#8221;2&#8243; overlay_alpha=&#8221;50&#8243; shift_x=&#8221;0&#8243; shift_y=&#8221;0&#8243; shift_y_down=&#8221;0&#8243; z_index=&#8221;0&#8243; medium_width=&#8221;0&#8243; mobile_width=&#8221;0&#8243; width=&#8221;1\/1&#8243;][vc_custom_heading heading_semantic=&#8221;h5&#8243; text_size=&#8221;h5&#8243; uncode_shortcode_id=&#8221;305768&#8243;][6th Prize] Kana SUGIMURA[\/vc_custom_heading][vc_single_image media=&#8221;102889&#8243; media_lightbox=&#8221;yes&#8221; media_width_percent=&#8221;100&#8243; border=&#8221;yes&#8221; shadow=&#8221;yes&#8221; uncode_shortcode_id=&#8221;200739&#8243;][vc_row_inner][vc_column_inner width=&#8221;1\/3&#8243;][vc_column_text text_lead=&#8221;small&#8221; uncode_shortcode_id=&#8221;143784&#8243;]<\/p>\n<p class=\"en_style7\"><strong>Nationality Japan<br \/>\nDate of Birth 1981. 5. 25 <\/strong><\/p>\n<p class=\"en_style7\"><strong>Education <\/strong><br \/>\n\u2022 Currently, attending at Hochschule f\u00fcr Musik und Theater Hannover, Hannover, Germany<br \/>\n\u2022 B.M., Tokyo National University of Fine Arts and Music, Tokyo, Japan<br \/>\n\u2022 Geidai Fuzoku High School(Senior High School Attached to Tokyo National University of Fine Arts and Music), Tokyo, Japan<\/p>\n<p><strong>Teachers<\/strong> \u2022 Krzysztof WEGRZYN \u2022 Takashi SHIMIZU<br \/>\n<strong><br \/>\nPrize <\/strong><br \/>\n\u2022 2nd Prize, Concorso internazionale per complessi da camera con pianoforte \u201cPremio Trio di Trieste\u201d, Trieste, Italy in 2007<br \/>\n\u2022 3rd Prize, Hannover International Violin Competition, Hannover, Germany in 2006<br \/>\n\u2022 2nd Prize, International Jeunesses Musicales Competition Belgrade, Belgrade, Serbia &amp; Montenegro in 2006<\/p>\n<p>[\/vc_column_text][\/vc_column_inner][vc_column_inner width=&#8221;2\/3&#8243;][vc_column_text text_lead=&#8221;small&#8221; uncode_shortcode_id=&#8221;118791&#8243;]<\/p>\n<p><strong>[Programme]<br \/>\nFirst Stage<\/strong><br \/>\n\u2022 J. S. Bach &#8211; Violin Sonata No.1 in g minor, BWV 1001 (1st mov. &amp; 2nd mov.)<br \/>\n\u2022 F. Kreisler &#8211; Liebesleid<br \/>\n\u2022 N. Paganini &#8211; 24 Caprices for Solo Violin, Op.1, No.11 in C Major<br \/>\n\u2022 N. Paganini &#8211; 24 Caprices for Solo Violin, Op.1, No.17 in E flat Major<br \/>\n<strong><br \/>\nSecond Stage <\/strong><br \/>\n\u2022 W. A. Mozart \u2013 Violin Concerto No.2 in D Major, K.211<br \/>\n(Cadenza: 1st and 2nd Neaman, 3rd mostly Neaman)<br \/>\n<strong><br \/>\nSemifinal <\/strong><br \/>\n\u2022 Solbong KIM &#8211; Rooftop Fantasy for Violin Solo<br \/>\n\u2022 C. Saint-Sa\u00ebns &#8211; Havanaise for Violin &amp; Piano in E Major, Op.83<br \/>\n\u2022 F. Schubert &#8211; Fantasy for Violin &amp; Piano in C Major, Op.159, D.934<br \/>\n<strong><br \/>\nFinal <\/strong><br \/>\n\u2022 J. Sibelius &#8211; Violin Concerto in d minor, Op.47<\/p>\n<p>[\/vc_column_text][\/vc_column_inner][\/vc_row_inner][vc_column_text text_lead=&#8221;small&#8221; uncode_shortcode_id=&#8221;248176&#8243;]*updated April 2009[\/vc_column_text][\/vc_column][\/vc_row]<\/p>\n","protected":false},"excerpt":{"rendered":"<p>[vc_row row_height_percent=&#8221;20&#8243; override_padding=&#8221;yes&#8221; h_padding=&#8221;2&#8243; top_padding=&#8221;4&#8243; bottom_padding=&#8221;3&#8243; back_color=&#8221;color-wayh&#8221; back_image=&#8221;102838&#8243; back_position=&#8221;center center&#8221; overlay_color=&#8221;color-jevc&#8221; overlay_alpha=&#8221;40&#8243; gutter_size=&#8221;3&#8243; column_width_percent=&#8221;100&#8243; shift_y=&#8221;0&#8243; z_index=&#8221;0&#8243; enable_top_divider=&#8221;default&#8221; top_divider=&#8221;gradient&#8221; shape_top_h_use_pixel=&#8221;true&#8221; shape_top_height_percent=&#8221;100&#8243; [&hellip;]<\/p>\n","protected":false},"author":1,"featured_media":0,"parent":0,"menu_order":0,"comment_status":"closed","ping_status":"closed","template":"","meta":[],"_links":{"self":[{"href":"http:\/\/seoulcompetition.com\/en\/wp-json\/wp\/v2\/pages\/102879"}],"collection":[{"href":"http:\/\/seoulcompetition.com\/en\/wp-json\/wp\/v2\/pages"}],"about":[{"href":"http:\/\/seoulcompetition.com\/en\/wp-json\/wp\/v2\/types\/page"}],"author":[{"embeddable":true,"href":"http:\/\/seoulcompetition.com\/en\/wp-json\/wp\/v2\/users\/1"}],"replies":[{"embeddable":true,"href":"http:\/\/seoulcompetition.com\/en\/wp-json\/wp\/v2\/comments?post=102879"}],"version-history":[{"count":3,"href":"http:\/\/seoulcompetition.com\/en\/wp-json\/wp\/v2\/pages\/102879\/revisions"}],"predecessor-version":[{"id":102896,"href":"http:\/\/seoulcompetition.com\/en\/wp-json\/wp\/v2\/pages\/102879\/revisions\/102896"}],"wp:attachment":[{"href":"http:\/\/seoulcompetition.com\/en\/wp-json\/wp\/v2\/media?parent=102879"}],"curies":[{"name":"wp","href":"https:\/\/api.w.org\/{rel}","templated":true}]}}