{"id":102546,"date":"2022-01-25T15:36:54","date_gmt":"2022-01-25T15:36:54","guid":{"rendered":"http:\/\/seoulcompetition.com\/en\/?page_id=102546"},"modified":"2022-01-25T15:36:54","modified_gmt":"2022-01-25T15:36:54","slug":"prize-winners-2013","status":"publish","type":"page","link":"http:\/\/seoulcompetition.com\/en\/prize-winners-2013\/","title":{"rendered":"Prize Winners 2013"},"content":{"rendered":"<p>[vc_row row_height_percent=&#8221;20&#8243; override_padding=&#8221;yes&#8221; h_padding=&#8221;2&#8243; top_padding=&#8221;4&#8243; bottom_padding=&#8221;3&#8243; back_color=&#8221;color-wayh&#8221; back_image=&#8221;102257&#8243; back_position=&#8221;center center&#8221; overlay_color=&#8221;color-jevc&#8221; overlay_alpha=&#8221;40&#8243; gutter_size=&#8221;3&#8243; column_width_percent=&#8221;100&#8243; shift_y=&#8221;0&#8243; z_index=&#8221;0&#8243; enable_top_divider=&#8221;default&#8221; top_divider=&#8221;gradient&#8221; shape_top_h_use_pixel=&#8221;true&#8221; shape_top_height_percent=&#8221;100&#8243; shape_top_color=&#8221;color-wayh&#8221; shape_top_opacity=&#8221;25&#8243; shape_top_index=&#8221;0&#8243; row_name=&#8221;Welcome&#8221; uncode_shortcode_id=&#8221;692736&#8243; back_color_type=&#8221;uncode-palette&#8221; overlay_color_type=&#8221;uncode-palette&#8221; shape_top_color_type=&#8221;uncode-palette&#8221; row_height_pixel=&#8221;120&#8243; shape_dividers=&#8221;&#8221;][vc_column column_width_use_pixel=&#8221;yes&#8221; position_vertical=&#8221;middle&#8221; align_horizontal=&#8221;align_center&#8221; gutter_size=&#8221;3&#8243; style=&#8221;dark&#8221; overlay_alpha=&#8221;50&#8243; shift_x=&#8221;0&#8243; shift_y=&#8221;0&#8243; shift_y_down=&#8221;0&#8243; z_index=&#8221;0&#8243; medium_width=&#8221;0&#8243; mobile_width=&#8221;0&#8243; zoom_width=&#8221;0&#8243; zoom_height=&#8221;0&#8243; width=&#8221;1\/1&#8243; column_width_pixel=&#8221;900&#8243;][vc_custom_heading text_font=&#8221;font-136269&#8243; text_size=&#8221;fontsize-155944&#8243; text_weight=&#8221;400&#8243; text_space=&#8221;fontspace-781688&#8243; sub_lead=&#8221;yes&#8221; sub_reduced=&#8221;yes&#8221; uncode_shortcode_id=&#8221;891111&#8243; subheading=&#8221;Prize Winners&#8221;]2013 Voice[\/vc_custom_heading][\/vc_column][\/vc_row][vc_row row_height_percent=&#8221;0&#8243; override_padding=&#8221;yes&#8221; h_padding=&#8221;2&#8243; top_padding=&#8221;0&#8243; bottom_padding=&#8221;0&#8243; overlay_alpha=&#8221;50&#8243; gutter_size=&#8221;3&#8243; column_width_percent=&#8221;100&#8243; shift_y=&#8221;0&#8243; z_index=&#8221;0&#8243; mobile_visibility=&#8221;yes&#8221; uncode_shortcode_id=&#8221;204748&#8243;][vc_column width=&#8221;1\/1&#8243;][vc_empty_space empty_h=&#8221;3&#8243;][\/vc_column][\/vc_row][vc_row row_height_percent=&#8221;0&#8243; override_padding=&#8221;yes&#8221; h_padding=&#8221;1&#8243; top_padding=&#8221;0&#8243; bottom_padding=&#8221;2&#8243; overlay_alpha=&#8221;50&#8243; gutter_size=&#8221;0&#8243; column_width_percent=&#8221;100&#8243; shift_y=&#8221;0&#8243; z_index=&#8221;0&#8243; uncode_shortcode_id=&#8221;128758&#8243;][vc_column column_width_percent=&#8221;100&#8243; position_horizontal=&#8221;left&#8221; gutter_size=&#8221;3&#8243; overlay_alpha=&#8221;50&#8243; shift_x=&#8221;0&#8243; shift_y=&#8221;0&#8243; shift_y_down=&#8221;0&#8243; z_index=&#8221;0&#8243; medium_width=&#8221;0&#8243; mobile_width=&#8221;0&#8243; width=&#8221;1\/2&#8243; uncode_shortcode_id=&#8221;282015&#8243;][vc_single_image media=&#8221;102547&#8243; media_width_use_pixel=&#8221;yes&#8221; uncode_shortcode_id=&#8221;542818&#8243; media_width_pixel=&#8221;400&#8243;][\/vc_column][vc_column width=&#8221;1\/2&#8243;][vc_single_image media=&#8221;102548&#8243; media_width_use_pixel=&#8221;yes&#8221; uncode_shortcode_id=&#8221;110985&#8243; media_width_pixel=&#8221;400&#8243;][\/vc_column][\/vc_row][vc_row row_height_percent=&#8221;0&#8243; override_padding=&#8221;yes&#8221; h_padding=&#8221;1&#8243; top_padding=&#8221;0&#8243; bottom_padding=&#8221;2&#8243; overlay_alpha=&#8221;50&#8243; gutter_size=&#8221;4&#8243; column_width_percent=&#8221;100&#8243; shift_y=&#8221;0&#8243; z_index=&#8221;1&#8243; top_divider=&#8221;gradient&#8221; bottom_divider=&#8221;gradient&#8221; uncode_shortcode_id=&#8221;572689&#8243;][vc_column column_width_percent=&#8221;100&#8243; gutter_size=&#8221;2&#8243; overlay_alpha=&#8221;50&#8243; shift_x=&#8221;0&#8243; shift_y=&#8221;0&#8243; shift_y_down=&#8221;0&#8243; z_index=&#8221;0&#8243; medium_width=&#8221;0&#8243; mobile_width=&#8221;0&#8243; width=&#8221;1\/1&#8243;][vc_custom_heading heading_semantic=&#8221;h5&#8243; text_size=&#8221;h5&#8243; uncode_shortcode_id=&#8221;979812&#8243;][1st Prize] Kim Beomjin[\/vc_custom_heading][vc_single_image media=&#8221;102549&#8243; media_lightbox=&#8221;yes&#8221; media_width_percent=&#8221;100&#8243; border=&#8221;yes&#8221; shadow=&#8221;yes&#8221; uncode_shortcode_id=&#8221;829020&#8243;][vc_row_inner][vc_column_inner width=&#8221;1\/3&#8243;][vc_column_text text_lead=&#8221;small&#8221; uncode_shortcode_id=&#8221;210806&#8243;]<span class=\"en_style7\"><strong> Tenor<br \/>\nNationality<\/strong> Korea<strong><br \/>\nDate of Birth<\/strong> 1990.12.26<strong><br \/>\n<\/strong> <\/span><\/p>\n<p class=\"en_style7\"><strong>Teachers <\/strong><br \/>\n\u2022 Kim Young-Mi<br \/>\n\u2022 Kim Minhyung<br \/>\n\u2022 Yim Ung Kyun<br \/>\n\u2022 Lim Min-Woo<\/p>\n<p><strong>Education <\/strong><br \/>\n\u2022 School of Music, Korea National University of Arts, Seoul, Korea<br \/>\n<strong><br \/>\nPrizes <\/strong><br \/>\n\u2022 2<span class=\"first_second2\">nd<\/span> Prize, Korea National Opera Concours, Korea in 2012<br \/>\n\u2022 Special Prize, Concurso Internacional de Canto Francisco Vi\u00f1as, Barcelona, Spain in 2012<br \/>\n\u2022 1<span class=\"first_second2\">st<\/span> Prize, International Hans Gabor Belvedere Singing Competition, Vienna, Austria in 2012<\/p>\n<p>[\/vc_column_text][\/vc_column_inner][vc_column_inner width=&#8221;2\/3&#8243;][vc_column_text text_lead=&#8221;small&#8221; uncode_shortcode_id=&#8221;143171&#8243;]<strong>[Program]<br \/>\nAccompanist <\/strong>Sung Woo Kyung <strong><br \/>\nFinal Round With <\/strong>Suwon Philharmonic Orchestra(Conductor : Marco Balderi)<strong><br \/>\nFirst Round <\/strong><br \/>\n\u2022 <strong>G. Donizetti<\/strong> Spirto gentil [La Favorita]<br \/>\n\u2022 <strong>F. P. Tosti<\/strong> L&#8217;alba separa dalla luce l&#8217;ombra<\/p>\n<p><strong>Second Round <\/strong><br \/>\n\u2022 <strong>F. von Flotow<\/strong> Ach! so fromm, ach! so traut [Martha]<br \/>\n\u2022 <strong>C. Gounod<\/strong> Ah! l\u00e8ve-toi soleil! [Rom\u00e9o et Juliette]<br \/>\n<strong><br \/>\nSemifinal Round <\/strong><br \/>\n\u2022 <strong>Cho Du Nam<\/strong> Baennorae(Boat Song)<br \/>\n\u2022 <strong>R. Strauss<\/strong> Zueignung<br \/>\n\u2022 <strong>W. A. Mozart<\/strong> Dies Bildnis ist bezaubernd sch\u00f6n [Die Zauberfl\u00f6te]<br \/>\n\u2022 <strong>G. Donizetti<\/strong> Fra poco a me ricovero [Lucia di Lammermoor]<br \/>\n<strong><br \/>\nFinal Round<\/strong><br \/>\n\u2022 <strong>C. Gounod<\/strong> Ah! l\u00e8ve-toi soleil! [Rom\u00e9o et Juliette]<br \/>\n\u2022 <strong>G. Puccini<\/strong> Che gelida manina [La Boh\u00e8me] [\/vc_column_text][\/vc_column_inner][\/vc_row_inner][\/vc_column][\/vc_row][vc_row row_height_percent=&#8221;0&#8243; override_padding=&#8221;yes&#8221; h_padding=&#8221;1&#8243; top_padding=&#8221;1&#8243; bottom_padding=&#8221;2&#8243; overlay_alpha=&#8221;50&#8243; gutter_size=&#8221;4&#8243; column_width_percent=&#8221;100&#8243; shift_y=&#8221;0&#8243; z_index=&#8221;1&#8243; top_divider=&#8221;gradient&#8221; bottom_divider=&#8221;gradient&#8221; uncode_shortcode_id=&#8221;135788&#8243;][vc_column column_width_percent=&#8221;100&#8243; gutter_size=&#8221;2&#8243; overlay_alpha=&#8221;50&#8243; shift_x=&#8221;0&#8243; shift_y=&#8221;0&#8243; shift_y_down=&#8221;0&#8243; z_index=&#8221;0&#8243; medium_width=&#8221;0&#8243; mobile_width=&#8221;0&#8243; width=&#8221;1\/1&#8243;][vc_custom_heading heading_semantic=&#8221;h5&#8243; text_size=&#8221;h5&#8243; uncode_shortcode_id=&#8221;871924&#8243;][2nd Prize] Kim Jootaek[\/vc_custom_heading][vc_single_image media=&#8221;102550&#8243; media_lightbox=&#8221;yes&#8221; media_width_percent=&#8221;100&#8243; border=&#8221;yes&#8221; shadow=&#8221;yes&#8221; uncode_shortcode_id=&#8221;211156&#8243;][vc_row_inner][vc_column_inner width=&#8221;1\/3&#8243;][vc_column_text text_lead=&#8221;small&#8221; uncode_shortcode_id=&#8221;169539&#8243;]<span class=\"en_style7\"><strong> Baritone<br \/>\nNationality <\/strong>Korea<strong><br \/>\nDate of Birth <\/strong>1986.09.09<strong><br \/>\n<\/strong> <\/span><\/p>\n<p class=\"en_style7\"><strong><strong>Teachers \u00a0<\/strong><br \/>\n<\/strong>\u2022 Stelia Doz<\/p>\n<p><strong>Education<\/strong><br \/>\n\u2022 Conservatorio di musica \u201cGiuseppe Verdi\u201d di Milano, Milan, Italy<br \/>\n<strong><br \/>\nPrizes <\/strong><br \/>\n\u2022 2\u02da Premio, Concorso Internazionale Voci Verdiane Citt\u00e0 di Busseto, Busseto, Italy in 2012<br \/>\n\u2022 2\u02da Premio, Concorso Internazionale di Musica Gian Battista Viotti, Vercelli, Italy in 2012<br \/>\n\u2022 1<span class=\"first_second2\">er<\/span> Prix, Concours International de Chant de Toulouse, Toulouse, France in 2012<\/p>\n<p>[\/vc_column_text][\/vc_column_inner][vc_column_inner width=&#8221;2\/3&#8243;][vc_column_text text_lead=&#8221;small&#8221; uncode_shortcode_id=&#8221;160521&#8243;]<strong>[Program]<br \/>\nAccompanist <\/strong>Park Hye Rim<strong><br \/>\nFinal Round With <\/strong>Suwon Philharmonic Orchestra(Conductor : Marco Balderi) <strong><br \/>\nFirst Round <\/strong><br \/>\n\u2022 <strong>F. Obradors<\/strong> El Vito<br \/>\n\u2022 <strong>G. Verdi<\/strong> Cento leggiadre vergini [Il Corsaro]<\/p>\n<p><strong>Second Round <\/strong><br \/>\n\u2022 <strong>J. Massenet<\/strong> Vision fugitive [H\u00e9rodiade]<br \/>\n\u2022 <strong>G. Donizetti<\/strong> Di tua beltade immagine [Poliuto]<br \/>\n<strong><br \/>\nSemifinal Round <\/strong><br \/>\n\u2022 <strong>Kim Yeon Jun<\/strong> Cheongsane Sallira(To Live in the Green Mountains)<br \/>\n\u2022 <strong>W. A. Mozart<\/strong> Hai gi\u00e0 vinta la causa [Le nozze di Figaro]<br \/>\n\u2022 <strong>F. Poulenc<\/strong> 5. Couplets Bachiques(Chansons Gaillardes)<br \/>\n\u2022<strong> G. Verdi <\/strong>Per me giunto&#8230; Io morro [Don Carlo]<br \/>\n<strong><br \/>\nFinal Round <\/strong><br \/>\n\u2022 <strong>W. A. Mozart<\/strong> Hai gi\u00e0 vinta la causa\u2026 [Le nozze di Figaro]<br \/>\n\u2022 <strong>G. Verdi<\/strong> Il balen del suo sorriso [Il Trovatore][\/vc_column_text][\/vc_column_inner][\/vc_row_inner][\/vc_column][\/vc_row][vc_row row_height_percent=&#8221;0&#8243; override_padding=&#8221;yes&#8221; h_padding=&#8221;1&#8243; top_padding=&#8221;1&#8243; bottom_padding=&#8221;2&#8243; overlay_alpha=&#8221;50&#8243; gutter_size=&#8221;4&#8243; column_width_percent=&#8221;100&#8243; shift_y=&#8221;0&#8243; z_index=&#8221;1&#8243; top_divider=&#8221;gradient&#8221; bottom_divider=&#8221;gradient&#8221; uncode_shortcode_id=&#8221;135788&#8243;][vc_column column_width_percent=&#8221;100&#8243; gutter_size=&#8221;2&#8243; overlay_alpha=&#8221;50&#8243; shift_x=&#8221;0&#8243; shift_y=&#8221;0&#8243; shift_y_down=&#8221;0&#8243; z_index=&#8221;0&#8243; medium_width=&#8221;0&#8243; mobile_width=&#8221;0&#8243; width=&#8221;1\/1&#8243;][vc_custom_heading heading_semantic=&#8221;h5&#8243; text_size=&#8221;h5&#8243; uncode_shortcode_id=&#8221;836364&#8243;][3th Prize] Kim Junghoon[\/vc_custom_heading][vc_single_image media=&#8221;102551&#8243; media_lightbox=&#8221;yes&#8221; media_width_percent=&#8221;100&#8243; border=&#8221;yes&#8221; shadow=&#8221;yes&#8221; uncode_shortcode_id=&#8221;238947&#8243;][vc_row_inner][vc_column_inner width=&#8221;1\/3&#8243;][vc_column_text text_lead=&#8221;small&#8221; uncode_shortcode_id=&#8221;213420&#8243;]<span class=\"en_style7\"><strong> Tenor<br \/>\nNationality <\/strong>Korea <strong><br \/>\nDate of Birth <\/strong>1988.02.25<strong><br \/>\n<\/strong> <\/span><\/p>\n<p class=\"en_style7\"><strong><strong>Teachers <\/strong><br \/>\n<\/strong>\u2022 Kang Philip<br \/>\n<strong><br \/>\n<\/strong><strong>Education<\/strong><br \/>\n\u2022 College of Music, Seoul National University, Seoul, Korea<br \/>\n<strong><br \/>\nPrizes <\/strong><br \/>\n\u2022 1\u02da Premio, Concorso Internazionale Voci Verdiane Citt\u00e0 di Busseto, Busseto, Italy in 2012<br \/>\n\u2022 1<span class=\"first_second2\">st<\/span> Prize, Joongang Music Concours, Seoul, Korea in 2012<br \/>\n\u2022 3<span class=\"first_second2\">rd<\/span> Prize, Dong-A Music Competition, Seoul, Korea in 2011<\/p>\n<p>[\/vc_column_text][\/vc_column_inner][vc_column_inner width=&#8221;2\/3&#8243;][vc_column_text text_lead=&#8221;small&#8221; uncode_shortcode_id=&#8221;144021&#8243;]<strong>[Program]<\/strong><br \/>\n<strong>Accompanist<\/strong> Kim Elena<br \/>\n<strong>Final Round With<\/strong> Suwon Philharmonic Orchestra(Conductor : Marco Balderi)<br \/>\n<strong>First Round<\/strong><br \/>\n\u2022 <strong>R. Strauss <\/strong>Heimliche Aufforderung<br \/>\n\u2022 <strong>G. Verdi<\/strong> Io l&#8217;ho perduta&#8230;Io la vidi [Don Carlo]<\/p>\n<p><strong>Second Round<\/strong><br \/>\n\u2022 <strong>G. Puccini<\/strong> Che gelida manina [La Boh\u00e8me]<br \/>\n\u2022 <strong>C. Gounod<\/strong> Ah! l\u00e8ve-toi soleil! [Rom\u00e9o et Juliette]<\/p>\n<p><strong>Semifinal Round <\/strong><br \/>\n\u2022 <strong>S. Rachmaninov<\/strong> Ne poy, krasavitsa, pri mne<br \/>\n\u2022 <strong>Cho Du Nam<\/strong> Baennorae(Boat Song)<br \/>\n\u2022 <strong>W. A. Mozart<\/strong> Dies Bildnis ist bezaubernd sch\u00f6n [Die Zauberfl\u00f6te]<br \/>\n\u2022<strong> G. Donizetti<\/strong> Fra poco a me ricovero [Lucia di Lammermoor]<\/p>\n<p><strong>Final Round<\/strong><br \/>\n\u2022 <strong>G. Donizetti<\/strong> Fra poco a me ricovero [Lucia di Lammermoor]<br \/>\n\u2022 <strong>J. Massenet<\/strong> Ah tout est bien fini&#8230; O souverain, o juge, o pere [Le cid][\/vc_column_text][\/vc_column_inner][\/vc_row_inner][\/vc_column][\/vc_row][vc_row row_height_percent=&#8221;0&#8243; override_padding=&#8221;yes&#8221; h_padding=&#8221;1&#8243; top_padding=&#8221;1&#8243; bottom_padding=&#8221;2&#8243; overlay_alpha=&#8221;50&#8243; gutter_size=&#8221;4&#8243; column_width_percent=&#8221;100&#8243; shift_y=&#8221;0&#8243; z_index=&#8221;1&#8243; top_divider=&#8221;gradient&#8221; bottom_divider=&#8221;gradient&#8221; uncode_shortcode_id=&#8221;135788&#8243;][vc_column column_width_percent=&#8221;100&#8243; gutter_size=&#8221;2&#8243; overlay_alpha=&#8221;50&#8243; shift_x=&#8221;0&#8243; shift_y=&#8221;0&#8243; shift_y_down=&#8221;0&#8243; z_index=&#8221;0&#8243; medium_width=&#8221;0&#8243; mobile_width=&#8221;0&#8243; width=&#8221;1\/1&#8243;][vc_custom_heading heading_semantic=&#8221;h5&#8243; text_size=&#8221;h5&#8243; uncode_shortcode_id=&#8221;102478&#8243;][4th Prize] Lee Myonghyun[\/vc_custom_heading][vc_single_image media=&#8221;102552&#8243; media_lightbox=&#8221;yes&#8221; media_width_percent=&#8221;100&#8243; border=&#8221;yes&#8221; shadow=&#8221;yes&#8221; uncode_shortcode_id=&#8221;364768&#8243;][vc_row_inner][vc_column_inner width=&#8221;1\/3&#8243;][vc_column_text text_lead=&#8221;small&#8221; uncode_shortcode_id=&#8221;828461&#8243;]<span class=\"en_style7\"><strong> Tenor<br \/>\nNationality<\/strong> Korea<strong><br \/>\nDate of Birth <\/strong>1988.12.12<strong><br \/>\n<\/strong><\/span><\/p>\n<p class=\"en_style7\"><strong><strong>Teachers <\/strong><\/strong><br \/>\n\u2022 Park Hyun-Jae<br \/>\n<strong><br \/>\n<\/strong><strong>Education<\/strong><br \/>\n\u2022 College of Music, Seoul National University, Seoul, Korea<br \/>\n<strong><br \/>\nPrizes <\/strong><br \/>\n\u2022 1<span class=\"first_second2\">st<\/span> Prize, Joongang Music Concours, Seoul, Korea in 2010<br \/>\n\u2022 4<span class=\"first_second2\">th<\/span> Prize, Seoul International Music Competition, Seoul, Korea in 2010<br \/>\n\u2022 Grand Prize, Shin Young-Ok Voice Competition, Seoul, Korea in 2010<\/p>\n<p>[\/vc_column_text][\/vc_column_inner][vc_column_inner width=&#8221;2\/3&#8243;][vc_column_text text_lead=&#8221;small&#8221; uncode_shortcode_id=&#8221;162755&#8243;]<strong>[Program]<br \/>\nAccompanist<\/strong> Jung Ah-Young\/<strong><br \/>\nFinal Round With <\/strong>Suwon Philharmonic Orchestra(Conductor : Marco Balderi)<strong><br \/>\nFirst Round <\/strong><br \/>\n\u2022 <strong>H. Duparc<\/strong> Chanson triste<br \/>\n\u2022 <strong>J. Massenet<\/strong> Pourquoi me r\u00e9veiller? [Werther]<\/p>\n<p><strong>Second Round<\/strong><br \/>\n\u2022 <strong>G. Donizetti<\/strong> Fra poco a me ricovero [Lucia di Lammermoor]<br \/>\n\u2022 <strong>C. Gounod<\/strong> Ah! l\u00e8ve-toi soleil! [Rom\u00e9o et Juliette]<\/p>\n<p><strong>Semifinal Round <\/strong><br \/>\n\u2022 <strong>L. v. Beethoven<\/strong> Der Kuss<br \/>\n\u2022 <strong>W. A. Mozart<\/strong> Dies Bildnis ist bezaubernd sch\u00f6n [Die Zauberfl\u00f6te]<br \/>\n\u2022<strong> F. Cil\u00e8a<\/strong> Il lamento di Federico [L&#8217;Arlesiana]<br \/>\n\u2022 <strong>Cho Du Nam<\/strong> Baennorae(Boat Song)<\/p>\n<p><strong>Final Round<\/strong><br \/>\n\u2022 <strong>W. A. Mozart<\/strong> Dies Bildniss ist bezaubernd sch\u00f6n [Die Zauberfl\u00f6te]<br \/>\n\u2022 <strong>G. Puccini<\/strong> Che gelida manina [La Boh\u00e8me] [\/vc_column_text][\/vc_column_inner][\/vc_row_inner][\/vc_column][\/vc_row][vc_row row_height_percent=&#8221;0&#8243; override_padding=&#8221;yes&#8221; h_padding=&#8221;1&#8243; top_padding=&#8221;1&#8243; bottom_padding=&#8221;2&#8243; overlay_alpha=&#8221;50&#8243; gutter_size=&#8221;4&#8243; column_width_percent=&#8221;100&#8243; shift_y=&#8221;0&#8243; z_index=&#8221;1&#8243; top_divider=&#8221;gradient&#8221; bottom_divider=&#8221;gradient&#8221; uncode_shortcode_id=&#8221;135788&#8243;][vc_column column_width_percent=&#8221;100&#8243; gutter_size=&#8221;2&#8243; overlay_alpha=&#8221;50&#8243; shift_x=&#8221;0&#8243; shift_y=&#8221;0&#8243; shift_y_down=&#8221;0&#8243; z_index=&#8221;0&#8243; medium_width=&#8221;0&#8243; mobile_width=&#8221;0&#8243; width=&#8221;1\/1&#8243;][vc_custom_heading heading_semantic=&#8221;h5&#8243; text_size=&#8221;h5&#8243; uncode_shortcode_id=&#8221;201484&#8243;][5th Prize] Yoo Hansung[\/vc_custom_heading][vc_single_image media=&#8221;102553&#8243; media_lightbox=&#8221;yes&#8221; media_width_percent=&#8221;100&#8243; border=&#8221;yes&#8221; shadow=&#8221;yes&#8221; uncode_shortcode_id=&#8221;970081&#8243;][vc_row_inner][vc_column_inner width=&#8221;1\/3&#8243;][vc_column_text text_lead=&#8221;small&#8221; uncode_shortcode_id=&#8221;194321&#8243;]<span class=\"en_style7\"><strong> Baritone<br \/>\nNationality<\/strong> Korea <strong><br \/>\nDate of Birth <\/strong>1985.01.26<strong><br \/>\n<\/strong><\/span><\/p>\n<p class=\"en_style7\"><strong><strong>Teachers<\/strong><br \/>\n<\/strong>\u2022 Carolyn James \u2022 Choi Hans<\/p>\n<p class=\"en_style7\"><strong>Education<\/strong><br \/>\n\u2022 Hochschule f\u00fcr Musik und Theater Hamburg, Hamburg, Germany<br \/>\n\u2022 School of Music, Korea National University of Arts, Seoul, Korea<br \/>\n<strong><br \/>\nPrizes <\/strong><br \/>\n\u2022 2. Preis &amp; Publikumspreis, Internationaler Musikwettbewerb der ARD M\u00fcnchen, M\u00fcnchen, Germany in 2012<br \/>\n\u2022 1. Preis, Internationaler Musikwettbewerb K\u00f6ln, K\u00f6ln, Germany in 2011<br \/>\n\u2022 1<span class=\"first_second2\">er<\/span> Prix dans la category Op\u00e9ra et M\u00e9lodie Fran\u00e7aise, Concours International de Chant \u201cNuits Lyriques en Marmandais\u201d, Marmande, France in 2011<\/p>\n<p>[\/vc_column_text][\/vc_column_inner][vc_column_inner width=&#8221;2\/3&#8243;][vc_column_text text_lead=&#8221;small&#8221; uncode_shortcode_id=&#8221;563272&#8243;]<strong>[Program]<br \/>\nAccompanist <\/strong>Kim Min Jung <strong><br \/>\nFinal Round With<\/strong> Suwon Philharmonic Orchestra(Conductor : Marco Balderi) <strong><br \/>\nFirst Round<\/strong><br \/>\n\u2022 <strong>G. Faur\u00e9<\/strong> La chanson du p\u00eacheur<br \/>\n\u2022 <strong>G. Donizetti<\/strong> Bella siccome un angelo [Don Pasquale]<\/p>\n<p><strong>Second Round<\/strong><br \/>\n\u2022 <strong>R. Wagner<\/strong> O du mein holder Abendstern [Tannh\u00e4user]<br \/>\n\u2022 <strong>J. Massenet<\/strong> Vision fugitive [H\u00e9rodiade]<\/p>\n<p><strong>Semifinal Round <\/strong><br \/>\n\u2022 <strong>H. Wolf<\/strong> Feuerreiter<br \/>\n\u2022 <strong>Kim Yeon Jun<\/strong> Cheongsane Sallira(To Live in the Green Mountains)<br \/>\n\u2022 <strong>W. A. Mozart<\/strong> Hai gi\u00e0 vinta la causa [Le nozze di Figaro]<br \/>\n\u2022 <strong>U. Giordano<\/strong> Nemico della patria [Andrea Ch\u00e9nier]<\/p>\n<p><strong>Final Round<\/strong><br \/>\n\u2022 <strong>C. Gounod<\/strong> Avant de quitter ces lieux [Faust]<br \/>\n\u2022 <strong>G. Rossini <\/strong>Largo al factotum della citt\u00e0 [Il barbiere di Siviglia] [\/vc_column_text][\/vc_column_inner][\/vc_row_inner][\/vc_column][\/vc_row][vc_row row_height_percent=&#8221;0&#8243; override_padding=&#8221;yes&#8221; h_padding=&#8221;1&#8243; top_padding=&#8221;1&#8243; bottom_padding=&#8221;2&#8243; overlay_alpha=&#8221;50&#8243; gutter_size=&#8221;4&#8243; column_width_percent=&#8221;100&#8243; shift_y=&#8221;0&#8243; z_index=&#8221;1&#8243; top_divider=&#8221;gradient&#8221; bottom_divider=&#8221;gradient&#8221; uncode_shortcode_id=&#8221;135788&#8243;][vc_column column_width_percent=&#8221;100&#8243; gutter_size=&#8221;2&#8243; overlay_alpha=&#8221;50&#8243; shift_x=&#8221;0&#8243; shift_y=&#8221;0&#8243; shift_y_down=&#8221;0&#8243; z_index=&#8221;0&#8243; medium_width=&#8221;0&#8243; mobile_width=&#8221;0&#8243; width=&#8221;1\/1&#8243;][vc_custom_heading heading_semantic=&#8221;h5&#8243; text_size=&#8221;h5&#8243; uncode_shortcode_id=&#8221;213646&#8243;][5th Prize] Yoon Ki Hun[\/vc_custom_heading][vc_single_image media=&#8221;102554&#8243; media_lightbox=&#8221;yes&#8221; media_width_percent=&#8221;100&#8243; border=&#8221;yes&#8221; shadow=&#8221;yes&#8221; uncode_shortcode_id=&#8221;131922&#8243;][vc_row_inner][vc_column_inner width=&#8221;1\/3&#8243;][vc_column_text text_lead=&#8221;small&#8221; uncode_shortcode_id=&#8221;990713&#8243;]<span class=\"en_style7\"><strong> Baritone<br \/>\nNationality <\/strong>Korea<strong><br \/>\nDate of Birth <\/strong>1981.05.12<\/span><\/p>\n<p class=\"en_style7\"><strong><strong>Teachers<\/strong><br \/>\n<\/strong>\u2022 Ko Seng Hyoun<\/p>\n<p><strong>Education <\/strong><br \/>\n\u2022 College of Music, Hanyang University, Seoul, Korea<strong><\/p>\n<p>Prizes<\/strong><br \/>\n\u2022 1<span class=\"first_second2\">st<\/span> Prize, Dong-A Music Competition, Seoul, Korea in 2011<br \/>\n\u2022 1<span class=\"first_second2\">st<\/span> Prize, Joongang Music Concours, Seoul, Korea in 2011<br \/>\n\u2022 1<span class=\"first_second2\">st<\/span> Prize &amp; Grand Prize, Seil Korean Art song Competition, Seoul, Korea in 2009<\/p>\n<p>[\/vc_column_text][\/vc_column_inner][vc_column_inner width=&#8221;2\/3&#8243;][vc_column_text text_lead=&#8221;small&#8221; uncode_shortcode_id=&#8221;110261&#8243;]<strong>[Program]<br \/>\nAccompanist <\/strong>Na Youngmo <strong><br \/>\nFinal Round With <\/strong>Suwon Philharmonic Orchestra(Conductor : Marco Balderi) <strong><br \/>\nFirst Round<\/strong><br \/>\n\u2022<strong> S. Rachmaninov<\/strong> Ana kak polden harasha<br \/>\n\u2022 <strong>G. Puccini <\/strong>No! possibil non \u00e8 [Le Villi]<\/p>\n<p><strong>Second Round <\/strong><br \/>\n\u2022 <strong>R. Wagner<\/strong> Leb&#8217; wohl, du k\u00fchnes [Die Walk\u00fcre]<br \/>\n\u2022 <strong>G. Puccini<\/strong> Nulla silenzio [Il Tabaro]<\/p>\n<p><strong>Semifinal Round <\/strong><br \/>\n\u2022<strong> R. Quilter<\/strong> Come away, come away, death<br \/>\n\u2022 <strong>Kim Yeon Jun<\/strong> Cheongsane Sallira(To Live in the Green Mountains)<br \/>\n\u2022 <strong>W. A. Mozart<\/strong> Hai gi\u00e0 vinta la causa [Le nozze di Figaro]<br \/>\n\u2022 <strong>A. P. Borodin<\/strong> Ni Sna Ni Otdycha Izmucennoj Duse [Igor Prince]<\/p>\n<p><strong>Final Round<\/strong><br \/>\n\u2022 <strong>G. Verdi<\/strong> Urna fatale del mio destino [La Forza del Destino]<br \/>\n\u2022 <strong>U. Giordano<\/strong> Nemico della Patria [Andrea Ch\u00e9nier][\/vc_column_text][\/vc_column_inner][\/vc_row_inner][\/vc_column][\/vc_row]<\/p>\n","protected":false},"excerpt":{"rendered":"<p>[vc_row row_height_percent=&#8221;20&#8243; override_padding=&#8221;yes&#8221; h_padding=&#8221;2&#8243; top_padding=&#8221;4&#8243; bottom_padding=&#8221;3&#8243; back_color=&#8221;color-wayh&#8221; back_image=&#8221;102257&#8243; back_position=&#8221;center center&#8221; overlay_color=&#8221;color-jevc&#8221; overlay_alpha=&#8221;40&#8243; gutter_size=&#8221;3&#8243; column_width_percent=&#8221;100&#8243; shift_y=&#8221;0&#8243; z_index=&#8221;0&#8243; enable_top_divider=&#8221;default&#8221; top_divider=&#8221;gradient&#8221; shape_top_h_use_pixel=&#8221;true&#8221; shape_top_height_percent=&#8221;100&#8243; [&hellip;]<\/p>\n","protected":false},"author":1,"featured_media":0,"parent":0,"menu_order":0,"comment_status":"closed","ping_status":"closed","template":"","meta":[],"_links":{"self":[{"href":"http:\/\/seoulcompetition.com\/en\/wp-json\/wp\/v2\/pages\/102546"}],"collection":[{"href":"http:\/\/seoulcompetition.com\/en\/wp-json\/wp\/v2\/pages"}],"about":[{"href":"http:\/\/seoulcompetition.com\/en\/wp-json\/wp\/v2\/types\/page"}],"author":[{"embeddable":true,"href":"http:\/\/seoulcompetition.com\/en\/wp-json\/wp\/v2\/users\/1"}],"replies":[{"embeddable":true,"href":"http:\/\/seoulcompetition.com\/en\/wp-json\/wp\/v2\/comments?post=102546"}],"version-history":[{"count":1,"href":"http:\/\/seoulcompetition.com\/en\/wp-json\/wp\/v2\/pages\/102546\/revisions"}],"predecessor-version":[{"id":102555,"href":"http:\/\/seoulcompetition.com\/en\/wp-json\/wp\/v2\/pages\/102546\/revisions\/102555"}],"wp:attachment":[{"href":"http:\/\/seoulcompetition.com\/en\/wp-json\/wp\/v2\/media?parent=102546"}],"curies":[{"name":"wp","href":"https:\/\/api.w.org\/{rel}","templated":true}]}}