{"id":102501,"date":"2022-01-25T03:58:48","date_gmt":"2022-01-25T03:58:48","guid":{"rendered":"http:\/\/seoulcompetition.com\/en\/?page_id=102501"},"modified":"2022-02-27T06:23:33","modified_gmt":"2022-02-27T06:23:33","slug":"prize-winners-2014","status":"publish","type":"page","link":"http:\/\/seoulcompetition.com\/en\/prize-winners-2014\/","title":{"rendered":"Prize Winners 2014"},"content":{"rendered":"<p>[vc_row row_height_percent=&#8221;20&#8243; override_padding=&#8221;yes&#8221; h_padding=&#8221;2&#8243; top_padding=&#8221;4&#8243; bottom_padding=&#8221;3&#8243; back_color=&#8221;color-wayh&#8221; back_image=&#8221;102458&#8243; back_position=&#8221;center center&#8221; overlay_color=&#8221;color-jevc&#8221; overlay_alpha=&#8221;40&#8243; gutter_size=&#8221;3&#8243; column_width_percent=&#8221;100&#8243; shift_y=&#8221;0&#8243; z_index=&#8221;0&#8243; enable_top_divider=&#8221;default&#8221; top_divider=&#8221;gradient&#8221; shape_top_h_use_pixel=&#8221;true&#8221; shape_top_height_percent=&#8221;100&#8243; shape_top_color=&#8221;color-wayh&#8221; shape_top_opacity=&#8221;25&#8243; shape_top_index=&#8221;0&#8243; row_name=&#8221;Welcome&#8221; uncode_shortcode_id=&#8221;115942&#8243; back_color_type=&#8221;uncode-palette&#8221; overlay_color_type=&#8221;uncode-palette&#8221; shape_top_color_type=&#8221;uncode-palette&#8221; row_height_pixel=&#8221;120&#8243;][vc_column column_width_use_pixel=&#8221;yes&#8221; position_vertical=&#8221;middle&#8221; align_horizontal=&#8221;align_center&#8221; gutter_size=&#8221;3&#8243; style=&#8221;dark&#8221; overlay_alpha=&#8221;50&#8243; shift_x=&#8221;0&#8243; shift_y=&#8221;0&#8243; shift_y_down=&#8221;0&#8243; z_index=&#8221;0&#8243; medium_width=&#8221;0&#8243; mobile_width=&#8221;0&#8243; zoom_width=&#8221;0&#8243; zoom_height=&#8221;0&#8243; width=&#8221;1\/1&#8243; column_width_pixel=&#8221;900&#8243;][vc_custom_heading text_font=&#8221;font-136269&#8243; text_size=&#8221;fontsize-155944&#8243; text_weight=&#8221;400&#8243; text_space=&#8221;fontspace-781688&#8243; sub_lead=&#8221;yes&#8221; sub_reduced=&#8221;yes&#8221; uncode_shortcode_id=&#8221;214626&#8243; subheading=&#8221;Prize Winners&#8221;]2014 Piano[\/vc_custom_heading][\/vc_column][\/vc_row][vc_row row_height_percent=&#8221;0&#8243; override_padding=&#8221;yes&#8221; h_padding=&#8221;2&#8243; top_padding=&#8221;0&#8243; bottom_padding=&#8221;0&#8243; overlay_alpha=&#8221;50&#8243; gutter_size=&#8221;3&#8243; column_width_percent=&#8221;100&#8243; shift_y=&#8221;0&#8243; z_index=&#8221;0&#8243; mobile_visibility=&#8221;yes&#8221; uncode_shortcode_id=&#8221;204748&#8243;][vc_column width=&#8221;1\/1&#8243;][vc_empty_space empty_h=&#8221;3&#8243;][\/vc_column][\/vc_row][vc_row row_height_percent=&#8221;0&#8243; override_padding=&#8221;yes&#8221; h_padding=&#8221;1&#8243; top_padding=&#8221;0&#8243; bottom_padding=&#8221;2&#8243; overlay_alpha=&#8221;50&#8243; gutter_size=&#8221;0&#8243; column_width_percent=&#8221;100&#8243; shift_y=&#8221;0&#8243; z_index=&#8221;0&#8243; uncode_shortcode_id=&#8221;128758&#8243;][vc_column column_width_percent=&#8221;100&#8243; position_horizontal=&#8221;left&#8221; gutter_size=&#8221;3&#8243; overlay_alpha=&#8221;50&#8243; shift_x=&#8221;0&#8243; shift_y=&#8221;0&#8243; shift_y_down=&#8221;0&#8243; z_index=&#8221;0&#8243; medium_width=&#8221;0&#8243; mobile_width=&#8221;0&#8243; width=&#8221;1\/2&#8243; uncode_shortcode_id=&#8221;282015&#8243;][vc_single_image media=&#8221;102502&#8243; media_width_use_pixel=&#8221;yes&#8221; uncode_shortcode_id=&#8221;789928&#8243; media_width_pixel=&#8221;400&#8243;][\/vc_column][vc_column width=&#8221;1\/2&#8243;][vc_single_image media=&#8221;102503&#8243; media_width_use_pixel=&#8221;yes&#8221; uncode_shortcode_id=&#8221;274803&#8243; media_width_pixel=&#8221;400&#8243;][\/vc_column][\/vc_row][vc_row row_height_percent=&#8221;0&#8243; override_padding=&#8221;yes&#8221; h_padding=&#8221;1&#8243; top_padding=&#8221;0&#8243; bottom_padding=&#8221;2&#8243; overlay_alpha=&#8221;50&#8243; gutter_size=&#8221;4&#8243; column_width_percent=&#8221;100&#8243; shift_y=&#8221;0&#8243; z_index=&#8221;1&#8243; top_divider=&#8221;gradient&#8221; bottom_divider=&#8221;gradient&#8221; uncode_shortcode_id=&#8221;572689&#8243;][vc_column column_width_percent=&#8221;100&#8243; gutter_size=&#8221;2&#8243; overlay_alpha=&#8221;50&#8243; shift_x=&#8221;0&#8243; shift_y=&#8221;0&#8243; shift_y_down=&#8221;0&#8243; z_index=&#8221;0&#8243; medium_width=&#8221;0&#8243; mobile_width=&#8221;0&#8243; width=&#8221;1\/1&#8243;][vc_custom_heading heading_semantic=&#8221;h5&#8243; text_size=&#8221;h5&#8243; uncode_shortcode_id=&#8221;151470&#8243;][1st Prize] Chi Ho Han[\/vc_custom_heading][vc_single_image media=&#8221;102507&#8243; media_lightbox=&#8221;yes&#8221; media_width_percent=&#8221;100&#8243; border=&#8221;yes&#8221; shadow=&#8221;yes&#8221; uncode_shortcode_id=&#8221;763195&#8243;][vc_row_inner][vc_column_inner width=&#8221;1\/3&#8243;][vc_column_text text_lead=&#8221;small&#8221; uncode_shortcode_id=&#8221;108875&#8243;]<strong>Nationality<\/strong> Korea<br \/>\n<strong>Date of Birth<\/strong> 1992.01.19<\/p>\n<p><strong>Teachers<\/strong><br \/>\n\u2022 Arie Vardi \u2022 Arnulf von Arnim<br \/>\n\u2022 Kyeong Seun Pee \u2022 Jiae Kim<\/p>\n<p><strong>Education<\/strong><br \/>\n\u2022 Hochschule f\u00fcr Musik, Theater und Medien Hannover, Hannover, Deutschland<br \/>\n\u2022 Folkwang Universit\u00e4t der K\u00fcnste, Essen, Deutschland<\/p>\n<p><strong>Prizes<\/strong><br \/>\n\u2022 2. Preis &amp; Audience Award, International Telekom Beethoven Competition Bonn, Bonn, Deutschland in 2011<br \/>\n\u2022 2. Preis &amp; Special Prize, Internationaler Schubert-Wettbewerb Dortmund, Dortmund, Deutschland in 2011<br \/>\n\u2022 3. Preis, Beethoven Klavierwettbewerb, Wein, Austria in 2009[\/vc_column_text][\/vc_column_inner][vc_column_inner width=&#8221;2\/3&#8243;][vc_column_text text_lead=&#8221;small&#8221; uncode_shortcode_id=&#8221;177557&#8243;]<\/p>\n<p><strong>[Program]<br \/>\nFirst Round<\/strong><br \/>\n\u2022 <strong>L. v. Beethoven<\/strong> Sonata No.31 in A-flat major, Op.110<br \/>\n\u2022 <strong>C. Alkan<\/strong> Etude Op.39\/12 Le Festin d\u2019\u00c9sope<br \/>\n<strong>Second Round<\/strong><br \/>\n\u2022 <strong>L. v. Beethoven<\/strong> Sonata No.28 in A major, Op.101<br \/>\n\u2022 <strong>A. Scriabin<\/strong> Sonata No.3 in F-sharp minor, Op.23<br \/>\n<strong>Semifinal Round<\/strong><br \/>\n\u2022 <strong>Tai-Bong Chung<\/strong> Sungnyemun<br \/>\n\u2022<strong> F. Chopin<\/strong> Barcarolle in F-sharp major, Op.60<br \/>\n\u2022 <strong>M. Ravel <\/strong>Miroirs No.1 Noctuelles<br \/>\n\u2022 <strong>M. Ravel <\/strong>Miroirs No.3 Une barque sur l\u2019oc\u00e9an<br \/>\n\u2022 <strong>M. Ravel <\/strong>Miroirs No.4 Alborada del gracioso<br \/>\n\u2022 <strong>F. Liszt<\/strong> Sonata in B minor, S.178<br \/>\n<strong>Final Round<\/strong><br \/>\n\u2022 <strong>S. Rachmaninov<\/strong> Concerto No.2 in C minor, Op.18<\/p>\n<p>[\/vc_column_text][\/vc_column_inner][\/vc_row_inner][\/vc_column][\/vc_row][vc_row row_height_percent=&#8221;0&#8243; override_padding=&#8221;yes&#8221; h_padding=&#8221;1&#8243; top_padding=&#8221;1&#8243; bottom_padding=&#8221;2&#8243; overlay_alpha=&#8221;50&#8243; gutter_size=&#8221;4&#8243; column_width_percent=&#8221;100&#8243; shift_y=&#8221;0&#8243; z_index=&#8221;1&#8243; top_divider=&#8221;gradient&#8221; bottom_divider=&#8221;gradient&#8221; uncode_shortcode_id=&#8221;135788&#8243;][vc_column column_width_percent=&#8221;100&#8243; gutter_size=&#8221;2&#8243; overlay_alpha=&#8221;50&#8243; shift_x=&#8221;0&#8243; shift_y=&#8221;0&#8243; shift_y_down=&#8221;0&#8243; z_index=&#8221;0&#8243; medium_width=&#8221;0&#8243; mobile_width=&#8221;0&#8243; width=&#8221;1\/1&#8243;][vc_custom_heading heading_semantic=&#8221;h5&#8243; text_size=&#8221;h5&#8243; uncode_shortcode_id=&#8221;155576&#8243;][2nd Prize] Jongyun Kim[\/vc_custom_heading][vc_single_image media=&#8221;102508&#8243; media_lightbox=&#8221;yes&#8221; media_width_percent=&#8221;100&#8243; border=&#8221;yes&#8221; shadow=&#8221;yes&#8221; uncode_shortcode_id=&#8221;100625&#8243;][vc_row_inner][vc_column_inner width=&#8221;1\/3&#8243;][vc_column_text text_lead=&#8221;small&#8221; uncode_shortcode_id=&#8221;915474&#8243;]<span class=\"en_style7\"><strong>Nationality Korea<\/strong><br \/>\n<strong>Date of Birth <\/strong>1990.04.13<\/span><\/p>\n<p><strong>Teachers<\/strong><br \/>\n\u2022 Fabio Bidini \u2022 Choong Mo Kang \u2022 Min Sook Choen<\/p>\n<p><strong>Education<\/strong><br \/>\n\u2022 Hochschule f\u00fcr Musik Hanns Eisler Berlin, Berlin, Deutschland<br \/>\n\u2022 School of Music, Korea National University of Arts, Seoul, Korea<\/p>\n<p><strong>Prizes<\/strong><br \/>\n\u2022 2\u00e8me Prix, Concours International de Musique Maria Canals de Barcelone, Barcelona, Espa\u00f1a in 2009<br \/>\n\u2022 1<span class=\"first_second2\">st<\/span><span class=\"en_style7\"> Prize, Joongang Music Concours, Seoul, Korea<br \/>\nin 2008<br \/>\n\u2022 3<\/span><span class=\"first_second2\">rd<\/span><span class=\"en_style7\"> Prize, Asia Pacific Young Artists Piano Competition Award, Seoul, Korea in 2007 <\/span> [\/vc_column_text][\/vc_column_inner][vc_column_inner width=&#8221;2\/3&#8243;][vc_column_text text_lead=&#8221;small&#8221; uncode_shortcode_id=&#8221;118466&#8243;]<strong>[Program]<br \/>\nFirst Round<\/strong><br \/>\n\u2022 <strong>F. Liszt<\/strong> Mephisto Waltz No.1, S.514<br \/>\n\u2022 <strong>I. Stravinsky <\/strong>Trois mouvements de Petrouchka<br \/>\n<strong>Second Round<\/strong><br \/>\n\u2022 <strong>L. v. Beethoven<\/strong> Sonata No.28 in A major, Op.101<br \/>\n\u2022 <strong>Sung-ho Hwang<\/strong> Movement<br \/>\n\u2022 <strong>S. Rachmaninov <\/strong>Variations on a Theme of Corelli in D minor, Op.42<br \/>\nSemifinal Round<br \/>\n\u2022 <strong>G. F. Handel<\/strong> Harpsichord Suite in F major, HWV 427<br \/>\n\u2022 <strong>F. Chopin<\/strong> Sonata No.2 in B-flat minor, Op.35<br \/>\n\u2022 <strong>D. Shostakovich<\/strong> Preludes and Fugues Op.87 No.24 in D minor<br \/>\n\u2022 <strong>S. Prokofiev<\/strong> Sonata No.8 in B-flat major, Op.84<br \/>\n<strong>Final Round<\/strong><br \/>\n\u2022 <strong>S. Rachmaninov <\/strong>Concerto No.3 in D minor, Op.30[\/vc_column_text][\/vc_column_inner][\/vc_row_inner][\/vc_column][\/vc_row][vc_row row_height_percent=&#8221;0&#8243; override_padding=&#8221;yes&#8221; h_padding=&#8221;1&#8243; top_padding=&#8221;1&#8243; bottom_padding=&#8221;2&#8243; overlay_alpha=&#8221;50&#8243; gutter_size=&#8221;4&#8243; column_width_percent=&#8221;100&#8243; shift_y=&#8221;0&#8243; z_index=&#8221;1&#8243; top_divider=&#8221;gradient&#8221; bottom_divider=&#8221;gradient&#8221; uncode_shortcode_id=&#8221;135788&#8243;][vc_column column_width_percent=&#8221;100&#8243; gutter_size=&#8221;2&#8243; overlay_alpha=&#8221;50&#8243; shift_x=&#8221;0&#8243; shift_y=&#8221;0&#8243; shift_y_down=&#8221;0&#8243; z_index=&#8221;0&#8243; medium_width=&#8221;0&#8243; mobile_width=&#8221;0&#8243; width=&#8221;1\/1&#8243;][vc_custom_heading heading_semantic=&#8221;h5&#8243; text_size=&#8221;h5&#8243; uncode_shortcode_id=&#8221;185696&#8243;][3th Prize &amp; Special Prize] Charles Richard-Hamelin[\/vc_custom_heading][vc_single_image media=&#8221;102509&#8243; media_lightbox=&#8221;yes&#8221; media_width_percent=&#8221;100&#8243; border=&#8221;yes&#8221; shadow=&#8221;yes&#8221; uncode_shortcode_id=&#8221;159646&#8243;][vc_row_inner][vc_column_inner width=&#8221;1\/3&#8243;][vc_column_text text_lead=&#8221;small&#8221; uncode_shortcode_id=&#8221;181773&#8243;]<span class=\"en_style7\"><strong>Nationality<\/strong> Canada<br \/>\n<strong>Date of Birth<\/strong> 1989.07.17<\/span><\/p>\n<p><strong>Teachers<\/strong><br \/>\n\u2022 Andr\u00e9 Laplante \u2022 Boris Berman<br \/>\n\u2022 Sara Laimon \u2022 Richard Raymond<\/p>\n<p><strong>Education<\/strong><br \/>\n\u2022 Conservatoire de Musique de Montr\u00e9al, Montr\u00e9al, Canada<br \/>\n\u2022 Yale School of Music, New Haven, USA<br \/>\n\u2022 Schulich School of Music, McGill University, Montr\u00e9al, Canada<\/p>\n<p><strong>Prizes<\/strong><br \/>\n\u2022 2\u00e8me Prix &amp; Prix du Centre Banff &amp; Prix pour la meilleure interpr\u00e9tation d&#8217;une \u0153uvre canadienne, Concours OSM Standard Life, Montr\u00e9al, Canada<br \/>\nin 2012<br \/>\n\u2022 1<span class=\"first_second2\">er<\/span><span class=\"en_style7\"> Prix, PRIX d\u2019Europe, Montr\u00e9al, Canada in 2011<br \/>\n\u2022 1<\/span><span class=\"first_second2\">st<\/span><span class=\"en_style7\"> Prize, Toronto Symphony Orchestra National Piano Competition, Toronto, Canada in 2011 <\/span> [\/vc_column_text][\/vc_column_inner][vc_column_inner width=&#8221;2\/3&#8243;][vc_column_text text_lead=&#8221;small&#8221; uncode_shortcode_id=&#8221;142821&#8243;]<strong>[Program]<\/strong><br \/>\n<strong>First Round<\/strong><br \/>\n\u2022 <strong>H. Dutilleux<\/strong> III. Choral et Variation (from Sonata Op.1)<br \/>\n\u2022 <strong>F. Liszt<\/strong> Ballade No.2 in B minor, S.171<br \/>\n\u2022 <strong>C. Debussy <\/strong>\u00c9tudes, L.136, No.5 Pour les octaves<br \/>\n\u2022 <strong>S. Lyapunov<\/strong> D-sharp minor (12 Transcendental Etudes, Op.11\/2)<br \/>\n<strong>Second Round<\/strong><br \/>\n\u2022 <strong>Tai-Bong Chung<\/strong> Sungnyemun<br \/>\n\u2022 <strong>L. v. Beethoven<\/strong> Sonata No.7 in D major, Op.10\/3<br \/>\n\u2022 <strong>C. Debussy<\/strong> Pour le piano, L.95<br \/>\n<strong>Semifinal Round<\/strong><br \/>\n\u2022 <strong>J. Haydn<\/strong> Sonata No.47 in B minor, Hob.XVI:32<br \/>\n\u2022 <strong>F. Schubert I<\/strong>mpromptu, No.3 in B-flat major, Op.142, D.935<br \/>\n\u2022 <strong>F. Schubert<\/strong> Impromptu, No.4 in F minor, Op.142, D.935<br \/>\n\u2022 <strong>A. Scriabin<\/strong> Sonata No.10, Op.70<br \/>\n\u2022 <strong>F. Chopin<\/strong> Sonata No.3 in B minor, Op.58<br \/>\n<strong>Final Round<\/strong><br \/>\n\u2022 <strong>S. Rachmaninov<\/strong> Concerto No.2 in C minor, Op.18[\/vc_column_text][\/vc_column_inner][\/vc_row_inner][\/vc_column][\/vc_row][vc_row row_height_percent=&#8221;0&#8243; override_padding=&#8221;yes&#8221; h_padding=&#8221;1&#8243; top_padding=&#8221;1&#8243; bottom_padding=&#8221;2&#8243; overlay_alpha=&#8221;50&#8243; gutter_size=&#8221;4&#8243; column_width_percent=&#8221;100&#8243; shift_y=&#8221;0&#8243; z_index=&#8221;1&#8243; top_divider=&#8221;gradient&#8221; bottom_divider=&#8221;gradient&#8221; uncode_shortcode_id=&#8221;135788&#8243;][vc_column column_width_percent=&#8221;100&#8243; gutter_size=&#8221;2&#8243; overlay_alpha=&#8221;50&#8243; shift_x=&#8221;0&#8243; shift_y=&#8221;0&#8243; shift_y_down=&#8221;0&#8243; z_index=&#8221;0&#8243; medium_width=&#8221;0&#8243; mobile_width=&#8221;0&#8243; width=&#8221;1\/1&#8243;][vc_custom_heading heading_semantic=&#8221;h5&#8243; text_size=&#8221;h5&#8243; uncode_shortcode_id=&#8221;205809&#8243;][4th Prize] Jeung Beum Sohn[\/vc_custom_heading][vc_single_image media=&#8221;102510&#8243; media_lightbox=&#8221;yes&#8221; media_width_percent=&#8221;100&#8243; border=&#8221;yes&#8221; shadow=&#8221;yes&#8221; uncode_shortcode_id=&#8221;368422&#8243;][vc_row_inner][vc_column_inner width=&#8221;1\/3&#8243;][vc_column_text text_lead=&#8221;small&#8221; uncode_shortcode_id=&#8221;173644&#8243;]<span class=\"en_style7\"><strong>Nationality <\/strong>Korea<br \/>\n<strong>Date of Birth<\/strong> 1991.07.15<\/span><\/p>\n<p><strong>Teachers<\/strong><br \/>\n\u2022 Arnulf von Arnim \u2022 Choong Mo Kang<\/p>\n<p><strong>Education<\/strong><br \/>\n\u2022 Hochschule f\u00fcr Musik und Theater M\u00fcnchen, M\u00fcnchen, Deutschland<br \/>\n\u2022 School of Music, Korea National University of Arts, Seoul, Korea<\/p>\n<p><strong>Prizes<\/strong><br \/>\n\u2022 2<span class=\"first_second2\">nd<\/span><span class=\"en_style7\"> Prize, Concorsi Val Tidone, Val Tidone, Italia<br \/>\nin 2013<br \/>\n\u2022 Prix Sp\u00e9cial, Concours de Gen\u00e8ve, Gen\u00e8ve, Suisse<br \/>\nin 2012<br \/>\n\u2022 2<\/span><span class=\"first_second2\">nd<\/span><span class=\"en_style7\"> Prize ex aequo, &#8220;George Enescu&#8221; International Competition, Bucharest, Romania in 2011 <\/span> [\/vc_column_text][\/vc_column_inner][vc_column_inner width=&#8221;2\/3&#8243;][vc_column_text text_lead=&#8221;small&#8221; uncode_shortcode_id=&#8221;154295&#8243;]<strong>[Program]<br \/>\nFirst Round<\/strong><br \/>\n\u2022 <strong>J. Haydn<\/strong> Sonata No.47 in B minor, Hob.XVI:32<br \/>\n\u2022<strong> F. Chopin<\/strong> Andante Spianato et Grande Polonaise Brillante in E-flat major, Op.22<br \/>\n\u2022 <strong>S. Prokofiev<\/strong> Suggestion Diabolique, Op.4\/4<br \/>\n<strong>Second Round<\/strong><br \/>\n\u2022 <strong>L. v. Beethoven <\/strong>Sonata No.4 in E-flat major, Op.7<br \/>\n\u2022 <strong>F. Liszt <\/strong>Rhapsodie espagnole, S.254<br \/>\n<strong>Semifinal Round<\/strong><br \/>\n\u2022 <strong>F. Schubert<\/strong> Sonata No.14 in A minor, D.784<br \/>\n\u2022<strong> Tai-Bong Chung<\/strong> Sungnyemun<br \/>\n\u2022 <strong>F. Chopin<\/strong> Etude, Op.25<br \/>\n<strong>Final Round<\/strong><br \/>\n\u2022 <strong>J. Brahms<\/strong> Concerto No.1 in D minor, Op.15[\/vc_column_text][\/vc_column_inner][\/vc_row_inner][\/vc_column][\/vc_row][vc_row row_height_percent=&#8221;0&#8243; override_padding=&#8221;yes&#8221; h_padding=&#8221;1&#8243; top_padding=&#8221;1&#8243; bottom_padding=&#8221;2&#8243; overlay_alpha=&#8221;50&#8243; gutter_size=&#8221;4&#8243; column_width_percent=&#8221;100&#8243; shift_y=&#8221;0&#8243; z_index=&#8221;1&#8243; top_divider=&#8221;gradient&#8221; bottom_divider=&#8221;gradient&#8221; uncode_shortcode_id=&#8221;135788&#8243;][vc_column column_width_percent=&#8221;100&#8243; gutter_size=&#8221;2&#8243; overlay_alpha=&#8221;50&#8243; shift_x=&#8221;0&#8243; shift_y=&#8221;0&#8243; shift_y_down=&#8221;0&#8243; z_index=&#8221;0&#8243; medium_width=&#8221;0&#8243; mobile_width=&#8221;0&#8243; width=&#8221;1\/1&#8243;][vc_custom_heading heading_semantic=&#8221;h5&#8243; text_size=&#8221;h5&#8243; uncode_shortcode_id=&#8221;123193&#8243;][5th Prize] Sara Daneshpour[\/vc_custom_heading][vc_single_image media=&#8221;102511&#8243; media_lightbox=&#8221;yes&#8221; media_width_percent=&#8221;100&#8243; border=&#8221;yes&#8221; shadow=&#8221;yes&#8221; uncode_shortcode_id=&#8221;188300&#8243;][vc_row_inner][vc_column_inner width=&#8221;1\/3&#8243;][vc_column_text text_lead=&#8221;small&#8221; uncode_shortcode_id=&#8221;270014&#8243;]<span class=\"en_style7\"><strong>Nationality<\/strong> USA<br \/>\n<strong>Date of Birth<\/strong> 1987.03.19<\/span><\/p>\n<p><strong>Teachers<\/strong><br \/>\n\u2022 Yoheved Kaplinsky \u2022 Leon Fleisher<\/p>\n<p><strong>Education<\/strong><br \/>\n\u2022 The Juillird School, New York, USA<br \/>\n\u2022 Curtis Institute of Music, Philadelphia, USA<\/p>\n<p><strong>Prizes<\/strong><br \/>\n\u2022 1<span class=\"first_second2\">st<\/span><span class=\"en_style7\"> Prize, Morocco Philharmony International Piano Competition, Casablanca, Morocco in 2012<br \/>\n\u2022 1<\/span><span class=\"first_second2\">st <\/span><span class=\"en_style7\">Prize, International Russian Music Piano Competition, San Jose, USA in 2007<br \/>\n\u2022 2<\/span><span class=\"first_second2\">nd<\/span><span class=\"en_style7\"> Prize, William Kapell International Piano Competition and Festival, College Park, USA in 2007 <\/span>[\/vc_column_text][\/vc_column_inner][vc_column_inner width=&#8221;2\/3&#8243;][vc_column_text text_lead=&#8221;small&#8221; uncode_shortcode_id=&#8221;551853&#8243;]<strong>[Program]<br \/>\nFirst Round <\/strong><br \/>\n\u2022 <strong>R. Schumann<\/strong> Variations on the name \u201cAbegg\u201d, Op.1<br \/>\n\u2022 <strong>E. Granados<\/strong> El Amor y la Muerte: Balada (Goyescas Op.11\/5)<br \/>\n\u2022 <strong>S. Prokofiev<\/strong> Toccata in D minor, Op.11<br \/>\n<strong>Second Round<\/strong><br \/>\n\u2022 <strong>L. v. Beethoven<\/strong> Sonata No.3 in C major, Op.2\/3<br \/>\n\u2022 <strong>S. Prokofie<\/strong>v Sonata No.7 in B-flat major, Op.83<br \/>\n<strong>Semifinal Round<\/strong><br \/>\n\u2022 <strong>A. Scriabin <\/strong>Sonata No.2 in G-sharp minor, Op.19<br \/>\n\u2022 <strong>M. Ravel<\/strong> Gaspard de la nuit<br \/>\n\u2022 <strong>Tai-Bong Chung<\/strong> Sungnyemun<br \/>\n\u2022 <strong>C. Franck<\/strong> Pr\u00e9lude, Chorale et Fugue<br \/>\n<strong>Final Round<\/strong><br \/>\n\u2022 <strong>S. Rachmaninov<\/strong> Concerto No.3 in D minor, Op.30[\/vc_column_text][\/vc_column_inner][\/vc_row_inner][\/vc_column][\/vc_row][vc_row row_height_percent=&#8221;0&#8243; override_padding=&#8221;yes&#8221; h_padding=&#8221;1&#8243; top_padding=&#8221;1&#8243; bottom_padding=&#8221;2&#8243; overlay_alpha=&#8221;50&#8243; gutter_size=&#8221;4&#8243; column_width_percent=&#8221;100&#8243; shift_y=&#8221;0&#8243; z_index=&#8221;1&#8243; top_divider=&#8221;gradient&#8221; bottom_divider=&#8221;gradient&#8221; uncode_shortcode_id=&#8221;135788&#8243;][vc_column column_width_percent=&#8221;100&#8243; gutter_size=&#8221;2&#8243; overlay_alpha=&#8221;50&#8243; shift_x=&#8221;0&#8243; shift_y=&#8221;0&#8243; shift_y_down=&#8221;0&#8243; z_index=&#8221;0&#8243; medium_width=&#8221;0&#8243; mobile_width=&#8221;0&#8243; width=&#8221;1\/1&#8243;][vc_custom_heading heading_semantic=&#8221;h5&#8243; text_size=&#8221;h5&#8243; uncode_shortcode_id=&#8221;204473&#8243;][6th Prize] Heejae Kim[\/vc_custom_heading][vc_single_image media=&#8221;102512&#8243; media_lightbox=&#8221;yes&#8221; media_width_percent=&#8221;100&#8243; border=&#8221;yes&#8221; shadow=&#8221;yes&#8221; uncode_shortcode_id=&#8221;833494&#8243;][vc_row_inner][vc_column_inner width=&#8221;1\/3&#8243;][vc_column_text text_lead=&#8221;small&#8221; uncode_shortcode_id=&#8221;310404&#8243;]<span class=\"en_style7\"><strong>Nationality <\/strong>Korea<br \/>\n<strong>Date of Birth <\/strong>1987.07.04<\/span><\/p>\n<p><strong>Teachers<\/strong><br \/>\n\u2022 Gerald Fauth \u2022 Choong Mo Kang<\/p>\n<p><strong>Education<\/strong><br \/>\n\u2022 Hochschule f\u00fcr Musik und Theater &#8220;Felix Mendelssohn Bartholdy&#8221; Leipzig, Leipzig, Deutschland<br \/>\n\u2022 School of Music, Korea National University of Arts, Seoul, Korea<\/p>\n<p><strong>Prizes<\/strong><br \/>\n\u2022 3\u00e8me Prix, Concours International de Musique Maria Canals de Barcelone, Barcelona, Espa\u00f1a in 2013<br \/>\n\u2022 2<span class=\"first_second2\">nd<\/span><span class=\"en_style7\"> Prize, Unisa International Piano Competition, Pretoria, South Africa in 2012<br \/>\n\u2022 1<\/span><span class=\"first_second2\">st<\/span><span class=\"en_style7\"> Prize, Korean Chopin Competition, Seoul, Korea in 2007 <\/span>[\/vc_column_text][\/vc_column_inner][vc_column_inner width=&#8221;2\/3&#8243;][vc_column_text text_lead=&#8221;small&#8221; uncode_shortcode_id=&#8221;189327&#8243;]<strong>[Program]<br \/>\nFirst Round<\/strong><br \/>\n\u2022 J. S. Bach French Suite No.2 in C minor, BWV 813<br \/>\n\u2022 F. Liszt Fantasy and Fugue on the Theme B-A-C-H<br \/>\n<strong>Second Round<\/strong><br \/>\n\u2022 L. v. Beethoven Sonata No.8 in C minor, Op.13<br \/>\n\u2022 R. Schumann Fantasiest\u00fccke, Op.12<br \/>\n<strong>Semifinal Round<\/strong><br \/>\n\u2022 F. Schubert Sonata No.19 in C minor, D.958<br \/>\n\u2022 Tai-Bong Chung Sungnyemun<br \/>\n\u2022 M. Ravel Jeux d\u2019eau<br \/>\n\u2022 S. Prokofiev Sonata No.2 in D minor, Op.14<br \/>\n<strong>Final Round<\/strong><br \/>\n\u2022 L. v. Beethoven Concerto No.4 in G major, Op.58[\/vc_column_text][\/vc_column_inner][\/vc_row_inner][\/vc_column][\/vc_row]<\/p>\n","protected":false},"excerpt":{"rendered":"<p>[vc_row row_height_percent=&#8221;20&#8243; override_padding=&#8221;yes&#8221; h_padding=&#8221;2&#8243; top_padding=&#8221;4&#8243; bottom_padding=&#8221;3&#8243; back_color=&#8221;color-wayh&#8221; back_image=&#8221;102458&#8243; back_position=&#8221;center center&#8221; overlay_color=&#8221;color-jevc&#8221; overlay_alpha=&#8221;40&#8243; gutter_size=&#8221;3&#8243; column_width_percent=&#8221;100&#8243; shift_y=&#8221;0&#8243; z_index=&#8221;0&#8243; enable_top_divider=&#8221;default&#8221; top_divider=&#8221;gradient&#8221; shape_top_h_use_pixel=&#8221;true&#8221; shape_top_height_percent=&#8221;100&#8243; [&hellip;]<\/p>\n","protected":false},"author":1,"featured_media":0,"parent":0,"menu_order":0,"comment_status":"closed","ping_status":"closed","template":"","meta":[],"_links":{"self":[{"href":"http:\/\/seoulcompetition.com\/en\/wp-json\/wp\/v2\/pages\/102501"}],"collection":[{"href":"http:\/\/seoulcompetition.com\/en\/wp-json\/wp\/v2\/pages"}],"about":[{"href":"http:\/\/seoulcompetition.com\/en\/wp-json\/wp\/v2\/types\/page"}],"author":[{"embeddable":true,"href":"http:\/\/seoulcompetition.com\/en\/wp-json\/wp\/v2\/users\/1"}],"replies":[{"embeddable":true,"href":"http:\/\/seoulcompetition.com\/en\/wp-json\/wp\/v2\/comments?post=102501"}],"version-history":[{"count":3,"href":"http:\/\/seoulcompetition.com\/en\/wp-json\/wp\/v2\/pages\/102501\/revisions"}],"predecessor-version":[{"id":103417,"href":"http:\/\/seoulcompetition.com\/en\/wp-json\/wp\/v2\/pages\/102501\/revisions\/103417"}],"wp:attachment":[{"href":"http:\/\/seoulcompetition.com\/en\/wp-json\/wp\/v2\/media?parent=102501"}],"curies":[{"name":"wp","href":"https:\/\/api.w.org\/{rel}","templated":true}]}}